{"id":10896,"date":"2019-09-03T12:23:57","date_gmt":"2019-09-03T10:23:57","guid":{"rendered":"https:\/\/citybottles.com\/?page_id=10896"},"modified":"2019-10-28T18:11:48","modified_gmt":"2019-10-28T17:11:48","slug":"citybottlesmoment","status":"publish","type":"page","link":"https:\/\/citybottles.com\/de\/citybottlesmoment\/","title":{"rendered":"#citybottlesmoment"},"content":{"rendered":"<p>[vc_row][vc_column]<style type=\"text\/css\" data-type=\"the7_shortcodes-inline-css\">.dt-breadcrumbs-id-4f1458138d027ed9bc8bf16a1f402961 .breadcrumbs {\n  display: inline-block;\n  margin: 0;\n  padding: 20px 10px 2px 0px;\n  border: 0px solid ;\n  border-radius: 0px;\n}\n.dt-breadcrumbs-id-4f1458138d027ed9bc8bf16a1f402961 .breadcrumbs * {\n  color: #a2a5a6;\n}\n<\/style><div class=\"dt-breadcrumbs-shortcode dt-breadcrumbs-id-4f1458138d027ed9bc8bf16a1f402961 align-left\"><div class=\"assistive-text\">Sie befinden sich hier:<\/div><ol class=\"breadcrumbs text-small\" itemscope itemtype=\"https:\/\/schema.org\/BreadcrumbList\"><li itemprop=\"itemListElement\" itemscope itemtype=\"https:\/\/schema.org\/ListItem\"><a itemprop=\"item\" href=\"https:\/\/citybottles.com\/de\/\" title=\"Start\"><span itemprop=\"name\">Start<\/span><\/a><meta itemprop=\"position\" content=\"1\" \/><\/li><li class=\"current\" itemprop=\"itemListElement\" itemscope itemtype=\"https:\/\/schema.org\/ListItem\"><span itemprop=\"name\">Seite<\/span><meta itemprop=\"position\" content=\"2\" \/><\/li><\/ol><\/div>[\/vc_column][\/vc_row][vc_row][vc_column width=&#8220;3\/4&#8243;][vc_column_text]<\/p>\n<h1>#citybottles\u00admoment<\/h1>\n<h2 class=\"h2--small\">Wie erscheine ich im Feed?<\/h2>\n<ol>\n<li>Poste dein Bild mit dem Hashtag #citybottlesmoment auf Instragram und verlinke uns mit @citybottles.<\/li>\n<li>Wenn uns dein Bild gef\u00e4llt, werden wir dich per Direktnachricht fragen, ob wir das Bild verwenden d\u00fcrfen.<\/li>\n<li>Erteilst du uns deine Erlaubnis, wirst du dein Bild sicher schon bald auf unserer Website sehen!<\/li>\n<\/ol>\n<p>[\/vc_column_text][vc_column_text]<\/p>\n<h2 class=\"h2--small\">Allgemeine Gesch\u00e4ftsbedingungen #citybottlesmoment<\/h2>\n<p><i>Wenn du uns deine Erlaubnis erteilst, dein Bild zu verwenden, stimmst du Folgendem zu:<\/i><\/p>\n<p>Du erteilst citybottles, vertreten durch ELMOGRAFICO GmbH, nachstehend &#8222;citybottles&#8220; genannt, eine nicht exklusive, unentgeltliche, weltweit g\u00fcltige Lizenz zur Verwendung aller Fotos und Bewegtbilder, f\u00fcr deren Verwendung du uns die Erlaubnis erteilst, nachstehend \u201eFotos und Bewegtbilder\u201c genannt, f\u00fcr Marketing- oder Werbezwecke. Dies umfasst den Onlineshop, E-Mails, Social Media-Kan\u00e4le von citybottles und bezahlte Social Media-Beitr\u00e4ge und andere Kundenkommunikation. citybottles darf deine Fotos und Bewegtbilder nach eigenem Ermessen verwenden, vervielf\u00e4ltigen, verteilen, mit anderen Materialien kombinieren, ver\u00e4ndern bzw. bearbeiten.<\/p>\n<p>Du versicherst hiermit, dass (i) du alle Rechte an den Fotos besitzt, (ii) die Erlaubnis der Person(en) auf deinen Fotos hast, die hierin gew\u00e4hrten Rechte einzur\u00e4umen, und (iii) die Verwendung deiner Fotos durch citybottles nicht gegen die Rechte Dritter oder ein Gesetz verst\u00f6\u00dft.\u00a0 Du befreist citybottles hiermit von jeglicher Verpflichtung, dich f\u00fcr die Nutzung deiner Fotos sowie f\u00fcr die darin enthaltenen geistigen Eigentumsrechte im Zusammenhang mit den oben beschriebenen Verwendungszwecken zu bezahlen. Ferner stellst du hiermit citybottles und alle im Namen von citybottles handelnden Personen von s\u00e4mtlichen Anspr\u00fcchen, Forderungen und Haftungen im Zusammenhang mit der Verwendung der Fotos, wie oben beschrieben, frei.<\/p>\n<p>Um Fotos oder Bewegtbild-Inhalte zu entfernen, schreibe uns eine kurze Mail an info@citybottles.de und nimm darin Bezug auf dein Bild.[\/vc_column_text][\/vc_column][\/vc_row]<\/p>\n","protected":false},"excerpt":{"rendered":"<p>[vc_row][vc_column][\/vc_column][\/vc_row][vc_row][vc_column width=&#8220;3\/4&#8243;][vc_column_text] #citybottles\u00admoment Wie erscheine ich im Feed? Poste dein Bild mit dem Hashtag #citybottlesmoment auf Instragram und verlinke uns mit @citybottles. Wenn uns dein Bild gef\u00e4llt, werden wir dich per Direktnachricht fragen, ob wir das Bild verwenden d\u00fcrfen. Erteilst du uns deine Erlaubnis, wirst du dein Bild sicher schon bald auf unserer Website sehen!&hellip;<\/p>\n","protected":false},"author":7,"featured_media":0,"parent":0,"menu_order":90,"comment_status":"closed","ping_status":"closed","template":"","meta":{"inline_featured_image":false,"footnotes":""},"tags":[],"yoast_head":"<!-- This site is optimized with the Yoast SEO plugin v22.5 - https:\/\/yoast.com\/wordpress\/plugins\/seo\/ -->\n<title>#citybottlesmoment: Dein Instagram-Bild auf citybottles.com &#8226; citybottles<\/title>\n<meta name=\"description\" content=\"Setze bei deinem Instagram-Post #citybottlesmoment und vielleicht erscheint dein Bild bald auf unserer Website! Hier findest du die Teilnahmebedingungen.\" \/>\n<meta name=\"robots\" content=\"index, follow, max-snippet:-1, max-image-preview:large, max-video-preview:-1\" \/>\n<link rel=\"canonical\" href=\"https:\/\/citybottles.com\/de\/citybottlesmoment\/\" \/>\n<meta property=\"og:locale\" content=\"de_DE\" \/>\n<meta property=\"og:type\" content=\"article\" \/>\n<meta property=\"og:title\" content=\"#citybottlesmoment: Dein Instagram-Bild auf citybottles.com &#8226; citybottles\" \/>\n<meta property=\"og:description\" content=\"Setze bei deinem Instagram-Post #citybottlesmoment und vielleicht erscheint dein Bild bald auf unserer Website! Hier findest du die Teilnahmebedingungen.\" \/>\n<meta property=\"og:url\" content=\"https:\/\/citybottles.com\/de\/citybottlesmoment\/\" \/>\n<meta property=\"og:site_name\" content=\"citybottles\" \/>\n<meta property=\"article:modified_time\" content=\"2019-10-28T17:11:48+00:00\" \/>\n<meta name=\"twitter:card\" content=\"summary_large_image\" \/>\n<meta name=\"twitter:label1\" content=\"Gesch\u00e4tzte Lesezeit\" \/>\n\t<meta name=\"twitter:data1\" content=\"2\u00a0Minuten\" \/>\n<script type=\"application\/ld+json\" class=\"yoast-schema-graph\">{\"@context\":\"https:\/\/schema.org\",\"@graph\":[{\"@type\":\"WebPage\",\"@id\":\"https:\/\/citybottles.com\/de\/citybottlesmoment\/\",\"url\":\"https:\/\/citybottles.com\/de\/citybottlesmoment\/\",\"name\":\"#citybottlesmoment: Dein Instagram-Bild auf citybottles.com &#8226; citybottles\",\"isPartOf\":{\"@id\":\"https:\/\/citybottles.com\/en\/#website\"},\"datePublished\":\"2019-09-03T10:23:57+00:00\",\"dateModified\":\"2019-10-28T17:11:48+00:00\",\"description\":\"Setze bei deinem Instagram-Post #citybottlesmoment und vielleicht erscheint dein Bild bald auf unserer Website! Hier findest du die Teilnahmebedingungen.\",\"breadcrumb\":{\"@id\":\"https:\/\/citybottles.com\/de\/citybottlesmoment\/#breadcrumb\"},\"inLanguage\":\"de\",\"potentialAction\":[{\"@type\":\"ReadAction\",\"target\":[\"https:\/\/citybottles.com\/de\/citybottlesmoment\/\"]}]},{\"@type\":\"BreadcrumbList\",\"@id\":\"https:\/\/citybottles.com\/de\/citybottlesmoment\/#breadcrumb\",\"itemListElement\":[{\"@type\":\"ListItem\",\"position\":1,\"name\":\"Startseite\",\"item\":\"https:\/\/citybottles.com\/de\/\"},{\"@type\":\"ListItem\",\"position\":2,\"name\":\"#citybottlesmoment\"}]},{\"@type\":\"WebSite\",\"@id\":\"https:\/\/citybottles.com\/en\/#website\",\"url\":\"https:\/\/citybottles.com\/en\/\",\"name\":\"citybottles\",\"description\":\"Deine St\u00e4dteflasche\",\"publisher\":{\"@id\":\"https:\/\/citybottles.com\/en\/#organization\"},\"potentialAction\":[{\"@type\":\"SearchAction\",\"target\":{\"@type\":\"EntryPoint\",\"urlTemplate\":\"https:\/\/citybottles.com\/en\/?s={search_term_string}\"},\"query-input\":\"required name=search_term_string\"}],\"inLanguage\":\"de\"},{\"@type\":\"Organization\",\"@id\":\"https:\/\/citybottles.com\/en\/#organization\",\"name\":\"citybottles\",\"url\":\"https:\/\/citybottles.com\/en\/\",\"logo\":{\"@type\":\"ImageObject\",\"inLanguage\":\"de\",\"@id\":\"https:\/\/citybottles.com\/en\/#\/schema\/logo\/image\/\",\"url\":\"https:\/\/citybottles.com\/wp-content\/uploads\/2019\/02\/cb-logo-final.svg\",\"contentUrl\":\"https:\/\/citybottles.com\/wp-content\/uploads\/2019\/02\/cb-logo-final.svg\",\"width\":1,\"height\":1,\"caption\":\"citybottles\"},\"image\":{\"@id\":\"https:\/\/citybottles.com\/en\/#\/schema\/logo\/image\/\"},\"sameAs\":[\"https:\/\/www.instagram.com\/citybottles\/\"]}]}<\/script>\n<!-- \/ Yoast SEO plugin. -->","yoast_head_json":{"title":"#citybottlesmoment: Dein Instagram-Bild auf citybottles.com &#8226; citybottles","description":"Setze bei deinem Instagram-Post #citybottlesmoment und vielleicht erscheint dein Bild bald auf unserer Website! Hier findest du die Teilnahmebedingungen.","robots":{"index":"index","follow":"follow","max-snippet":"max-snippet:-1","max-image-preview":"max-image-preview:large","max-video-preview":"max-video-preview:-1"},"canonical":"https:\/\/citybottles.com\/de\/citybottlesmoment\/","og_locale":"de_DE","og_type":"article","og_title":"#citybottlesmoment: Dein Instagram-Bild auf citybottles.com &#8226; citybottles","og_description":"Setze bei deinem Instagram-Post #citybottlesmoment und vielleicht erscheint dein Bild bald auf unserer Website! Hier findest du die Teilnahmebedingungen.","og_url":"https:\/\/citybottles.com\/de\/citybottlesmoment\/","og_site_name":"citybottles","article_modified_time":"2019-10-28T17:11:48+00:00","twitter_card":"summary_large_image","twitter_misc":{"Gesch\u00e4tzte Lesezeit":"2\u00a0Minuten"},"schema":{"@context":"https:\/\/schema.org","@graph":[{"@type":"WebPage","@id":"https:\/\/citybottles.com\/de\/citybottlesmoment\/","url":"https:\/\/citybottles.com\/de\/citybottlesmoment\/","name":"#citybottlesmoment: Dein Instagram-Bild auf citybottles.com &#8226; citybottles","isPartOf":{"@id":"https:\/\/citybottles.com\/en\/#website"},"datePublished":"2019-09-03T10:23:57+00:00","dateModified":"2019-10-28T17:11:48+00:00","description":"Setze bei deinem Instagram-Post #citybottlesmoment und vielleicht erscheint dein Bild bald auf unserer Website! Hier findest du die Teilnahmebedingungen.","breadcrumb":{"@id":"https:\/\/citybottles.com\/de\/citybottlesmoment\/#breadcrumb"},"inLanguage":"de","potentialAction":[{"@type":"ReadAction","target":["https:\/\/citybottles.com\/de\/citybottlesmoment\/"]}]},{"@type":"BreadcrumbList","@id":"https:\/\/citybottles.com\/de\/citybottlesmoment\/#breadcrumb","itemListElement":[{"@type":"ListItem","position":1,"name":"Startseite","item":"https:\/\/citybottles.com\/de\/"},{"@type":"ListItem","position":2,"name":"#citybottlesmoment"}]},{"@type":"WebSite","@id":"https:\/\/citybottles.com\/en\/#website","url":"https:\/\/citybottles.com\/en\/","name":"citybottles","description":"Deine St\u00e4dteflasche","publisher":{"@id":"https:\/\/citybottles.com\/en\/#organization"},"potentialAction":[{"@type":"SearchAction","target":{"@type":"EntryPoint","urlTemplate":"https:\/\/citybottles.com\/en\/?s={search_term_string}"},"query-input":"required name=search_term_string"}],"inLanguage":"de"},{"@type":"Organization","@id":"https:\/\/citybottles.com\/en\/#organization","name":"citybottles","url":"https:\/\/citybottles.com\/en\/","logo":{"@type":"ImageObject","inLanguage":"de","@id":"https:\/\/citybottles.com\/en\/#\/schema\/logo\/image\/","url":"https:\/\/citybottles.com\/wp-content\/uploads\/2019\/02\/cb-logo-final.svg","contentUrl":"https:\/\/citybottles.com\/wp-content\/uploads\/2019\/02\/cb-logo-final.svg","width":1,"height":1,"caption":"citybottles"},"image":{"@id":"https:\/\/citybottles.com\/en\/#\/schema\/logo\/image\/"},"sameAs":["https:\/\/www.instagram.com\/citybottles\/"]}]}},"_links":{"self":[{"href":"https:\/\/citybottles.com\/de\/wp-json\/wp\/v2\/pages\/10896"}],"collection":[{"href":"https:\/\/citybottles.com\/de\/wp-json\/wp\/v2\/pages"}],"about":[{"href":"https:\/\/citybottles.com\/de\/wp-json\/wp\/v2\/types\/page"}],"author":[{"embeddable":true,"href":"https:\/\/citybottles.com\/de\/wp-json\/wp\/v2\/users\/7"}],"replies":[{"embeddable":true,"href":"https:\/\/citybottles.com\/de\/wp-json\/wp\/v2\/comments?post=10896"}],"version-history":[{"count":0,"href":"https:\/\/citybottles.com\/de\/wp-json\/wp\/v2\/pages\/10896\/revisions"}],"wp:attachment":[{"href":"https:\/\/citybottles.com\/de\/wp-json\/wp\/v2\/media?parent=10896"}],"wp:term":[{"taxonomy":"post_tag","embeddable":true,"href":"https:\/\/citybottles.com\/de\/wp-json\/wp\/v2\/tags?post=10896"}],"curies":[{"name":"wp","href":"https:\/\/api.w.org\/{rel}","templated":true}]}}