{"id":10918,"date":"2019-09-03T15:11:04","date_gmt":"2019-09-03T13:11:04","guid":{"rendered":"https:\/\/citybottles.com\/?page_id=10918"},"modified":"2019-10-28T17:48:01","modified_gmt":"2019-10-28T16:48:01","slug":"b2b","status":"publish","type":"page","link":"https:\/\/citybottles.com\/de\/b2b\/","title":{"rendered":"B2B"},"content":{"rendered":"<p>[vc_row][vc_column]<style type=\"text\/css\" data-type=\"the7_shortcodes-inline-css\">.dt-breadcrumbs-id-4f1458138d027ed9bc8bf16a1f402961 .breadcrumbs {\n  display: inline-block;\n  margin: 0;\n  padding: 20px 10px 2px 0px;\n  border: 0px solid ;\n  border-radius: 0px;\n}\n.dt-breadcrumbs-id-4f1458138d027ed9bc8bf16a1f402961 .breadcrumbs * {\n  color: #a2a5a6;\n}\n<\/style><div class=\"dt-breadcrumbs-shortcode dt-breadcrumbs-id-4f1458138d027ed9bc8bf16a1f402961 align-left\"><div class=\"assistive-text\">Sie befinden sich hier:<\/div><ol class=\"breadcrumbs text-small\" itemscope itemtype=\"https:\/\/schema.org\/BreadcrumbList\"><li itemprop=\"itemListElement\" itemscope itemtype=\"https:\/\/schema.org\/ListItem\"><a itemprop=\"item\" href=\"https:\/\/citybottles.com\/de\/\" title=\"Start\"><span itemprop=\"name\">Start<\/span><\/a><meta itemprop=\"position\" content=\"1\" \/><\/li><li class=\"current\" itemprop=\"itemListElement\" itemscope itemtype=\"https:\/\/schema.org\/ListItem\"><span itemprop=\"name\">Seite<\/span><meta itemprop=\"position\" content=\"2\" \/><\/li><\/ol><\/div>[\/vc_column][\/vc_row][vc_row][vc_column width=&#8220;1\/2&#8243;][vc_single_image image=&#8220;10960&#8243; img_size=&#8220;full&#8220;][vc_column_text]<\/p>\n<h2 style=\"text-align: center;\" class=\"h2--small\">H\u00e4ndler werden<\/h2>\n<p style=\"text-align: center;\">Wenn du citybottles bei dir verkaufen m\u00f6chtest, bist du hier genau richtig. <span>Wir sind auf der Suche nach Partnern, die unser Produkt gut finden und genau das auch ihren Kunden zeigen m\u00f6chten.<\/span><\/p>\n<p>[\/vc_column_text][vc_btn title=&#8220;Mehr erfahren&#8220; shape=&#8220;square&#8220; align=&#8220;center&#8220; link=&#8220;url:%2Fde%2Fservice-informationen%2Fhaendler-werden%2F|title:H%C3%A4ndler%20werden||&#8220;][\/vc_column][vc_column width=&#8220;1\/2&#8243;][vc_single_image image=&#8220;11279&#8243; img_size=&#8220;full&#8220;][vc_column_text]<\/p>\n<h2 style=\"text-align: center;\" class=\"h2--small\">Unternehmen<\/h2>\n<p style=\"text-align: center;\">Ob als Mitarbeiter-, Kundengeschenk oder Firmenmerchandise \u2013 mit einer individuellen citybottle f\u00fcr euer Unternehmen erhaltet ihr <span>garantierte Aufmerksamkeit, fernab von Kuli &amp; Co.<\/span><\/p>\n<p>[\/vc_column_text][vc_btn title=&#8220;Mehr erfahren&#8220; shape=&#8220;square&#8220; align=&#8220;center&#8220; link=&#8220;url:%2Fde%2Fb2b%2Funternehmen%2F|title:H%C3%A4ndler%20werden||&#8220;][\/vc_column][\/vc_row]<\/p>\n","protected":false},"excerpt":{"rendered":"<p>[vc_row][vc_column][\/vc_column][\/vc_row][vc_row][vc_column width=&#8220;1\/2&#8243;][vc_single_image image=&#8220;10960&#8243; img_size=&#8220;full&#8220;][vc_column_text] H\u00e4ndler werden Wenn du citybottles bei dir verkaufen m\u00f6chtest, bist du hier genau richtig. Wir sind auf der Suche nach Partnern, die unser Produkt gut finden und genau das auch ihren Kunden zeigen m\u00f6chten. [\/vc_column_text][vc_btn title=&#8220;Mehr erfahren&#8220; shape=&#8220;square&#8220; align=&#8220;center&#8220; link=&#8220;url:%2Fde%2Fservice-informationen%2Fhaendler-werden%2F|title:H%C3%A4ndler%20werden||&#8220;][\/vc_column][vc_column width=&#8220;1\/2&#8243;][vc_single_image image=&#8220;11279&#8243; img_size=&#8220;full&#8220;][vc_column_text] Unternehmen Ob als Mitarbeiter-, Kundengeschenk oder Firmenmerchandise \u2013&hellip;<\/p>\n","protected":false},"author":7,"featured_media":0,"parent":0,"menu_order":70,"comment_status":"closed","ping_status":"closed","template":"","meta":{"inline_featured_image":false,"footnotes":""},"tags":[],"yoast_head":"<!-- This site is optimized with the Yoast SEO plugin v22.5 - https:\/\/yoast.com\/wordpress\/plugins\/seo\/ -->\n<title>B2B: Kooperationen f\u00fcr Unternehmen und H\u00e4ndler &#8226; citybottles<\/title>\n<meta name=\"description\" content=\"M\u00f6chtet ihr eine Sonderedition der gelaserten Edelstahlflaschen haben? Oder die citybottles einfach bei euch im Gesch\u00e4ft verkaufen? Findet hier alle Infos.\" \/>\n<meta name=\"robots\" content=\"index, follow, max-snippet:-1, max-image-preview:large, max-video-preview:-1\" \/>\n<link rel=\"canonical\" href=\"https:\/\/citybottles.com\/de\/b2b\/\" \/>\n<meta property=\"og:locale\" content=\"de_DE\" \/>\n<meta property=\"og:type\" content=\"article\" \/>\n<meta property=\"og:title\" content=\"B2B: Kooperationen f\u00fcr Unternehmen und H\u00e4ndler &#8226; citybottles\" \/>\n<meta property=\"og:description\" content=\"M\u00f6chtet ihr eine Sonderedition der gelaserten Edelstahlflaschen haben? Oder die citybottles einfach bei euch im Gesch\u00e4ft verkaufen? Findet hier alle Infos.\" \/>\n<meta property=\"og:url\" content=\"https:\/\/citybottles.com\/de\/b2b\/\" \/>\n<meta property=\"og:site_name\" content=\"citybottles\" \/>\n<meta property=\"article:modified_time\" content=\"2019-10-28T16:48:01+00:00\" \/>\n<meta name=\"twitter:card\" content=\"summary_large_image\" \/>\n<meta name=\"twitter:label1\" content=\"Gesch\u00e4tzte Lesezeit\" \/>\n\t<meta name=\"twitter:data1\" content=\"1\u00a0Minute\" \/>\n<script type=\"application\/ld+json\" class=\"yoast-schema-graph\">{\"@context\":\"https:\/\/schema.org\",\"@graph\":[{\"@type\":\"WebPage\",\"@id\":\"https:\/\/citybottles.com\/de\/b2b\/\",\"url\":\"https:\/\/citybottles.com\/de\/b2b\/\",\"name\":\"B2B: Kooperationen f\u00fcr Unternehmen und H\u00e4ndler &#8226; citybottles\",\"isPartOf\":{\"@id\":\"https:\/\/citybottles.com\/en\/#website\"},\"datePublished\":\"2019-09-03T13:11:04+00:00\",\"dateModified\":\"2019-10-28T16:48:01+00:00\",\"description\":\"M\u00f6chtet ihr eine Sonderedition der gelaserten Edelstahlflaschen haben? Oder die citybottles einfach bei euch im Gesch\u00e4ft verkaufen? Findet hier alle Infos.\",\"breadcrumb\":{\"@id\":\"https:\/\/citybottles.com\/de\/b2b\/#breadcrumb\"},\"inLanguage\":\"de\",\"potentialAction\":[{\"@type\":\"ReadAction\",\"target\":[\"https:\/\/citybottles.com\/de\/b2b\/\"]}]},{\"@type\":\"BreadcrumbList\",\"@id\":\"https:\/\/citybottles.com\/de\/b2b\/#breadcrumb\",\"itemListElement\":[{\"@type\":\"ListItem\",\"position\":1,\"name\":\"Startseite\",\"item\":\"https:\/\/citybottles.com\/de\/\"},{\"@type\":\"ListItem\",\"position\":2,\"name\":\"B2B\"}]},{\"@type\":\"WebSite\",\"@id\":\"https:\/\/citybottles.com\/en\/#website\",\"url\":\"https:\/\/citybottles.com\/en\/\",\"name\":\"citybottles\",\"description\":\"Deine St\u00e4dteflasche\",\"publisher\":{\"@id\":\"https:\/\/citybottles.com\/en\/#organization\"},\"potentialAction\":[{\"@type\":\"SearchAction\",\"target\":{\"@type\":\"EntryPoint\",\"urlTemplate\":\"https:\/\/citybottles.com\/en\/?s={search_term_string}\"},\"query-input\":\"required name=search_term_string\"}],\"inLanguage\":\"de\"},{\"@type\":\"Organization\",\"@id\":\"https:\/\/citybottles.com\/en\/#organization\",\"name\":\"citybottles\",\"url\":\"https:\/\/citybottles.com\/en\/\",\"logo\":{\"@type\":\"ImageObject\",\"inLanguage\":\"de\",\"@id\":\"https:\/\/citybottles.com\/en\/#\/schema\/logo\/image\/\",\"url\":\"https:\/\/citybottles.com\/wp-content\/uploads\/2019\/02\/cb-logo-final.svg\",\"contentUrl\":\"https:\/\/citybottles.com\/wp-content\/uploads\/2019\/02\/cb-logo-final.svg\",\"width\":1,\"height\":1,\"caption\":\"citybottles\"},\"image\":{\"@id\":\"https:\/\/citybottles.com\/en\/#\/schema\/logo\/image\/\"},\"sameAs\":[\"https:\/\/www.instagram.com\/citybottles\/\"]}]}<\/script>\n<!-- \/ Yoast SEO plugin. -->","yoast_head_json":{"title":"B2B: Kooperationen f\u00fcr Unternehmen und H\u00e4ndler &#8226; citybottles","description":"M\u00f6chtet ihr eine Sonderedition der gelaserten Edelstahlflaschen haben? Oder die citybottles einfach bei euch im Gesch\u00e4ft verkaufen? Findet hier alle Infos.","robots":{"index":"index","follow":"follow","max-snippet":"max-snippet:-1","max-image-preview":"max-image-preview:large","max-video-preview":"max-video-preview:-1"},"canonical":"https:\/\/citybottles.com\/de\/b2b\/","og_locale":"de_DE","og_type":"article","og_title":"B2B: Kooperationen f\u00fcr Unternehmen und H\u00e4ndler &#8226; citybottles","og_description":"M\u00f6chtet ihr eine Sonderedition der gelaserten Edelstahlflaschen haben? Oder die citybottles einfach bei euch im Gesch\u00e4ft verkaufen? Findet hier alle Infos.","og_url":"https:\/\/citybottles.com\/de\/b2b\/","og_site_name":"citybottles","article_modified_time":"2019-10-28T16:48:01+00:00","twitter_card":"summary_large_image","twitter_misc":{"Gesch\u00e4tzte Lesezeit":"1\u00a0Minute"},"schema":{"@context":"https:\/\/schema.org","@graph":[{"@type":"WebPage","@id":"https:\/\/citybottles.com\/de\/b2b\/","url":"https:\/\/citybottles.com\/de\/b2b\/","name":"B2B: Kooperationen f\u00fcr Unternehmen und H\u00e4ndler &#8226; citybottles","isPartOf":{"@id":"https:\/\/citybottles.com\/en\/#website"},"datePublished":"2019-09-03T13:11:04+00:00","dateModified":"2019-10-28T16:48:01+00:00","description":"M\u00f6chtet ihr eine Sonderedition der gelaserten Edelstahlflaschen haben? Oder die citybottles einfach bei euch im Gesch\u00e4ft verkaufen? Findet hier alle Infos.","breadcrumb":{"@id":"https:\/\/citybottles.com\/de\/b2b\/#breadcrumb"},"inLanguage":"de","potentialAction":[{"@type":"ReadAction","target":["https:\/\/citybottles.com\/de\/b2b\/"]}]},{"@type":"BreadcrumbList","@id":"https:\/\/citybottles.com\/de\/b2b\/#breadcrumb","itemListElement":[{"@type":"ListItem","position":1,"name":"Startseite","item":"https:\/\/citybottles.com\/de\/"},{"@type":"ListItem","position":2,"name":"B2B"}]},{"@type":"WebSite","@id":"https:\/\/citybottles.com\/en\/#website","url":"https:\/\/citybottles.com\/en\/","name":"citybottles","description":"Deine St\u00e4dteflasche","publisher":{"@id":"https:\/\/citybottles.com\/en\/#organization"},"potentialAction":[{"@type":"SearchAction","target":{"@type":"EntryPoint","urlTemplate":"https:\/\/citybottles.com\/en\/?s={search_term_string}"},"query-input":"required name=search_term_string"}],"inLanguage":"de"},{"@type":"Organization","@id":"https:\/\/citybottles.com\/en\/#organization","name":"citybottles","url":"https:\/\/citybottles.com\/en\/","logo":{"@type":"ImageObject","inLanguage":"de","@id":"https:\/\/citybottles.com\/en\/#\/schema\/logo\/image\/","url":"https:\/\/citybottles.com\/wp-content\/uploads\/2019\/02\/cb-logo-final.svg","contentUrl":"https:\/\/citybottles.com\/wp-content\/uploads\/2019\/02\/cb-logo-final.svg","width":1,"height":1,"caption":"citybottles"},"image":{"@id":"https:\/\/citybottles.com\/en\/#\/schema\/logo\/image\/"},"sameAs":["https:\/\/www.instagram.com\/citybottles\/"]}]}},"_links":{"self":[{"href":"https:\/\/citybottles.com\/de\/wp-json\/wp\/v2\/pages\/10918"}],"collection":[{"href":"https:\/\/citybottles.com\/de\/wp-json\/wp\/v2\/pages"}],"about":[{"href":"https:\/\/citybottles.com\/de\/wp-json\/wp\/v2\/types\/page"}],"author":[{"embeddable":true,"href":"https:\/\/citybottles.com\/de\/wp-json\/wp\/v2\/users\/7"}],"replies":[{"embeddable":true,"href":"https:\/\/citybottles.com\/de\/wp-json\/wp\/v2\/comments?post=10918"}],"version-history":[{"count":0,"href":"https:\/\/citybottles.com\/de\/wp-json\/wp\/v2\/pages\/10918\/revisions"}],"wp:attachment":[{"href":"https:\/\/citybottles.com\/de\/wp-json\/wp\/v2\/media?parent=10918"}],"wp:term":[{"taxonomy":"post_tag","embeddable":true,"href":"https:\/\/citybottles.com\/de\/wp-json\/wp\/v2\/tags?post=10918"}],"curies":[{"name":"wp","href":"https:\/\/api.w.org\/{rel}","templated":true}]}}