{"id":13807,"date":"2019-10-24T16:44:55","date_gmt":"2019-10-24T14:44:55","guid":{"rendered":"https:\/\/citybottles.com\/?page_id=13807"},"modified":"2020-01-20T19:13:35","modified_gmt":"2020-01-20T18:13:35","slug":"anleitung","status":"publish","type":"page","link":"https:\/\/citybottles.com\/de\/vote\/anleitung\/","title":{"rendered":"Anleitung"},"content":{"rendered":"<p>[vc_row full_width=&#8220;stretch_row&#8220; full_height=&#8220;yes&#8220; columns_placement=&#8220;stretch&#8220; equal_height=&#8220;yes&#8220; content_placement=&#8220;middle&#8220; el_class=&#8220;section-hero&#8211;full-height&#8220; css=&#8220;.vc_custom_1571928518074{padding-right: 0px !important;padding-left: 0px !important;}&#8220;][vc_column width=&#8220;2\/3&#8243; el_class=&#8220;space-bottom&#8211;none&#8220; css=&#8220;.vc_custom_1572041494157{padding-left: 50px !important;background-color: #282828 !important;}&#8220; offset=&#8220;vc_col-lg-6&#8243;]<style type=\"text\/css\" data-type=\"the7_shortcodes-inline-css\">.dt-breadcrumbs-id-4f1458138d027ed9bc8bf16a1f402961 .breadcrumbs {\n  display: inline-block;\n  margin: 0;\n  padding: 20px 10px 2px 0px;\n  border: 0px solid ;\n  border-radius: 0px;\n}\n.dt-breadcrumbs-id-4f1458138d027ed9bc8bf16a1f402961 .breadcrumbs * {\n  color: #a2a5a6;\n}\n<\/style><div class=\"dt-breadcrumbs-shortcode dt-breadcrumbs-id-4f1458138d027ed9bc8bf16a1f402961 align-left\"><div class=\"assistive-text\">Sie befinden sich hier:<\/div><ol class=\"breadcrumbs text-small\" itemscope itemtype=\"https:\/\/schema.org\/BreadcrumbList\"><li itemprop=\"itemListElement\" itemscope itemtype=\"https:\/\/schema.org\/ListItem\"><a itemprop=\"item\" href=\"https:\/\/citybottles.com\/de\/\" title=\"Start\"><span itemprop=\"name\">Start<\/span><\/a><meta itemprop=\"position\" content=\"1\" \/><\/li><li class=\"current\" itemprop=\"itemListElement\" itemscope itemtype=\"https:\/\/schema.org\/ListItem\"><span itemprop=\"name\">Seite<\/span><meta itemprop=\"position\" content=\"2\" \/><\/li><\/ol><\/div>[vc_row_inner equal_height=&#8220;yes&#8220; content_placement=&#8220;middle&#8220; el_class=&#8220;content&#8211;center&#8220;][vc_column_inner el_class=&#8220;hero&#8211;text&#8220; width=&#8220;2\/3&#8243;][vc_column_text el_class=&#8220;text&#8211;white&#8220;]<\/p>\n<h1 class=\"text--white\">St\u00e4dte\u00advoting: Anleitung<\/h1>\n<p class=\"text--big\">Du m\u00f6chtest deine Lieblingsstadt als citybottle haben? Stimm f\u00fcr sie ab! Wenn genug Stimmen zusammenkommen, wird deine Stadt produziert.<\/p>\n<p>Es gibt mehrere Stufen, die jede Stadt durchlaufen muss, bevor sie zur einer citybottle wird. Das erkl\u00e4ren wir dir hier etwas ausf\u00fchrlicher:[\/vc_column_text][vc_column_text]<a href=\"#anleitung\" style=\"text-align: center;\" class=\"centered hero--anchor\">So funktioniert&#8217;s<br \/>\n<img decoding=\"async\" src=\"\/wp-content\/uploads\/2019\/06\/cb-smooth-scroll-arrow.svg\" alt=\"Nach unten scrollen\" \/><\/a>[\/vc_column_text][\/vc_column_inner][\/vc_row_inner][\/vc_column][vc_column width=&#8220;1\/3&#8243; el_class=&#8220;space-bottom&#8211;none&#8220; css=&#8220;.vc_custom_1579544007327{padding-bottom: 100vh !important;background-image: url(https:\/\/citybottles.com\/wp-content\/uploads\/2020\/01\/citybottles-mood-014.jpg?id=20885) !important;background-position: center !important;background-repeat: no-repeat !important;background-size: cover !important;}&#8220; offset=&#8220;vc_col-lg-6&#8243;][\/vc_column][\/vc_row][vc_row el_id=&#8220;anleitung&#8220; el_class=&#8220;section&#8211;padding-top&#8220;][vc_column width=&#8220;2\/3&#8243;][vc_column_text]<\/p>\n<h2 class=\"h6\">Stufe 1 \u2013 Vote<\/h2>\n<p>Vote <a href=\"\/vote\">hier<\/a> f\u00fcr deine Stadt. Animiere deine Freunde zum mitmachen! Je mehr Stimmen, desto schneller landet deine <strong>Lieblingsstadt<\/strong> auf der <strong>n\u00e4chsten citybottle<\/strong>.<\/p>\n<p>Um abzustimmen, musst du das Formular ausf\u00fcllen und abschicken. Pro Stadt darfst du ein Mal voten!<\/p>\n<p>F\u00fcr die Teilnahme an Stufe 1 erh\u00e4ltst du 5 % Rabatt, wenn die von dir gew\u00e4hlte citybottle ver\u00f6ffentlicht wird. Erfahre alles dazu in den <em>Gutscheinbedingungen<\/em>!<\/p>\n<h2 class=\"h6\">Stufe 2 \u2013 Collab<\/h2>\n<p>Jetzt wird&#8217;s ernst. Deine Stadt hat genug Stimmen gesammelt \u2013 nun machen wir uns ans Design der Flasche! Und auch hier lassen wir dich wieder <strong>mitreden<\/strong>. Sag uns, welche Sehensw\u00fcrdigkeiten du auf der Flasche haben m\u00f6chtest und was deine Stadt so besonders macht! Oder vielleicht findest du bald dein Lieblingscaf\u00e9 in unserem Cityguide?<\/p>\n<p>Stimme mit ab und spare dadurch zus\u00e4tzliche <strong>5 %<\/strong> auf den Verkaufspreis der Flasche! Den Gutscheincode erh\u00e4ltst du, sobald die Flasche in den Vorverkauf geht. Lies alles dazu in den\u00a0<em>Gutscheinbedingungen<\/em>.<\/p>\n<h2 class=\"h6\">Stufe 3 \u2013 Preorder<\/h2>\n<p>Fast geschafft! Eine citybottle von deiner Lieblingsstadt \u2013 darauf haben viele gewartet. Die Produktion dauert noch ein paar Wochen, aber du kannst die Flasche schon vorbestellen. Warum du das solltest? Die Flasche ist dann <strong>10 % g\u00fcnstiger<\/strong> als im normalen Verkauf! Nicht zu vergessen der Gutscheincode aus Stufe eins und zwei, welcher dazugerechnet wird, falls du mitgemacht hast. So kannst du insgesamt bis zu <strong>20 % sparen<\/strong>.<\/p>\n<h2 class=\"h6\">SALE<\/h2>\n<p>Es ist vollbracht. Du bekommst eine letzte Mail: Die Flasche kann ab jetzt verschickt werden. Mit der Preorder h\u00e4ltst du sie vielleicht schon am Tag der Ver\u00f6ffentlichung in der Hand! Ab jetzt ist die citybottle regul\u00e4r \u00fcber unsere Handelspartner erh\u00e4ltlich \u2013 das Spiel um die n\u00e4chste citybottle beginnt von vorne! Wir danken dir f\u00fcr deine Unterst\u00fctzung uns sagen: stay hydrated ;)[\/vc_column_text][vc_btn title=&#8220;Vote jetzt f\u00fcr deine Lieblingsstadt&#8220; shape=&#8220;square&#8220; link=&#8220;url:%2Fvote|||&#8220;][\/vc_column][vc_column width=&#8220;1\/3&#8243; css=&#8220;.vc_custom_1579081199429{padding-top: 20px !important;background-color: #efefef !important;}&#8220;][vc_column_text]<\/p>\n<h2 class=\"h2--small\">Spare bis zu 20%!<\/h2>\n<p>Du hilfst uns mit deiner Stimme \u2013 wir bedanken uns mit einem <strong>Gutscheincode<\/strong>! Daf\u00fcr musst du bei der Abstimmung hier ein H\u00e4kchen setzen:<br \/>\n<em>Ich m\u00f6chte einen Gutscheincode und weitere Mails zum Fortschritt meiner Stadt im Voting erhalten.<\/em><br \/>\nKeine Sorge: Du bekommst wirklich nur Mails zum Fortschritt deiner gew\u00e4hlten Stadt!<\/p>\n<p><strong>Den Code erh\u00e4ltst du, sobald die Flasche in den Presale geht.<\/strong> Er gilt nur f\u00fcr die Flasche, f\u00fcr die du abgestimmt hast.<\/p>\n<p>Die Rabatte sind kombinierbar und staffeln sich nach der Teilnahme an den Stufen:<br \/>\nStufe 1: <strong>5 %<\/strong><br \/>\nStufe 2: <strong>5 %<\/strong><br \/>\nPreorder: <strong>10 %<\/strong>[\/vc_column_text][vc_tta_accordion active_section=&#8220;5&#8243; collapsible_all=&#8220;true&#8220;][vc_tta_section title=&#8220;Gutscheinbedingungen&#8220; tab_id=&#8220;1579081375489-6a0be03d-20f6&#8243;][vc_column_text]Das sind die Bedingungen, um den Gutscheincode zu erhalten und einzul\u00f6sen:<\/p>\n<ul>\n<li>Bei der Teilnahme am Voting muss im Formular ein Haken beim Text \u201eIch m\u00f6chte einen Gutscheincode und weitere Mails zum Fortschritt meiner Stadt im Voting erhalten.\u201c<\/li>\n<li>Der Link in der darauffolgenden Mail muss geklickt werden. Damit best\u00e4tigst du, dass es sich um deine eigene Mailadresse handelt.<\/li>\n<li>Der Gutscheincode gilt nur auf die Flasche der Stadt, f\u00fcr die die du gestimmt hast. Er kann nur einmal verwendet werden. Er ist mit anderen Rabatt-Aktionen kombinierbar, aber nicht mit anderen Gutscheinen aus dem Voting f\u00fcr die gleiche Stadt.<\/li>\n<li>Die H\u00f6he des Rabatt ergibt sich aus deiner Teilnahme an Stufe 1 &amp; 2. Pro Stufe erh\u00e4ltst du 5 %, also insgesamt maximal 10 % Rabatt. Im Vorverkauf ist die Flasche 10 % g\u00fcnstiger im Vergleich zum offiziellen Verkauf, somit kannst du bis zu 20 % sparen.<\/li>\n<li>Der Gutscheincode ist ab Ausstellungsdatum 3 Jahre g\u00fcltig.<\/li>\n<li>Du erh\u00e4ltst den Gutscheincode per Mail, sobald die Flasche, f\u00fcr die du abgestimmt hast, in den Vorverkauf geht.<\/li>\n<\/ul>\n<p>[\/vc_column_text][\/vc_tta_section][\/vc_tta_accordion][\/vc_column][\/vc_row][vc_row][vc_column]<div class=\"templatera_shortcode\"><div data-vc-full-width=\"true\" data-vc-full-width-init=\"false\" class=\"vc_row wpb_row vc_row-fluid\"><div class=\"content--center wpb_column vc_column_container vc_col-sm-8\"><div class=\"vc_column-inner\"><div class=\"wpb_wrapper\">\n\t<div class=\"wpb_text_column wpb_content_element \" >\n\t\t<div class=\"wpb_wrapper\">\n\t\t\t<h2 style=\"text-align: center;\">Entdecke die Welt neu<\/h2>\n\n\t\t<\/div>\n\t<\/div>\n<div class=\"vc_row wpb_row vc_inner vc_row-fluid vc_row-o-equal-height vc_row-flex\"><div class=\"city-teaser--wrap wpb_column vc_column_container vc_col-sm-6\"><div class=\"vc_column-inner\"><a href='\/de\/die-staedte\/nuernberg\/' target='' class='big_link' style='position:absolute;top:0;left:0;width:100%;height:100%;z-index:999;cursor:pointer;'aria-hidden='true'><\/a><div class=\"wpb_wrapper\">\n\t<div  class=\"wpb_single_image wpb_content_element vc_align_left   city-teaser--img\">\n\t\t\n\t\t<figure class=\"wpb_wrapper vc_figure\">\n\t\t\t<div class=\"vc_single_image-wrapper   vc_box_border_grey\"><img width=\"640\" height=\"640\" src=\"https:\/\/citybottles.com\/wp-content\/uploads\/2019\/08\/citybottles-instagram-06.jpeg\" class=\"vc_single_image-img attachment-full\" alt=\"\" decoding=\"async\" loading=\"lazy\" srcset=\"https:\/\/citybottles.com\/wp-content\/uploads\/2019\/08\/citybottles-instagram-06.jpeg 640w, https:\/\/citybottles.com\/wp-content\/uploads\/2019\/08\/citybottles-instagram-06-150x150.jpeg 150w, https:\/\/citybottles.com\/wp-content\/uploads\/2019\/08\/citybottles-instagram-06-300x300.jpeg 300w, https:\/\/citybottles.com\/wp-content\/uploads\/2019\/08\/citybottles-instagram-06-600x600.jpeg 600w, https:\/\/citybottles.com\/wp-content\/uploads\/2019\/08\/citybottles-instagram-06-200x200.jpeg 200w\" sizes=\"(max-width: 640px) 100vw, 640px\"  data-dt-location=\"https:\/\/citybottles.com\/de\/home\/citybottles-instagram-06\/\" \/><\/div>\n\t\t<\/figure>\n\t<\/div>\n\n\t<div class=\"wpb_text_column wpb_content_element  city-teaser--text\" >\n\t\t<div class=\"wpb_wrapper\">\n\t\t\t<h2><a href=\"\/de\/die-staedte\/nuernberg\/\">N\u00fcrnberg<\/a><\/h2>\n\n\t\t<\/div>\n\t<\/div>\n<\/div><\/div><\/div><div class=\"city-teaser--wrap wpb_column vc_column_container vc_col-sm-6\"><div class=\"vc_column-inner\"><a href='\/de\/die-staedte\/fuerth\/' target='' class='big_link' style='position:absolute;top:0;left:0;width:100%;height:100%;z-index:999;cursor:pointer;'aria-hidden='true'><\/a><div class=\"wpb_wrapper\">\n\t<div  class=\"wpb_single_image wpb_content_element vc_align_left   city-teaser--img\">\n\t\t\n\t\t<figure class=\"wpb_wrapper vc_figure\">\n\t\t\t<div class=\"vc_single_image-wrapper   vc_box_border_grey\"><img width=\"600\" height=\"600\" src=\"https:\/\/citybottles.com\/wp-content\/uploads\/2019\/08\/cb-sight-fuerth-stadttheater-1-1.jpg\" class=\"vc_single_image-img attachment-full\" alt=\"\" decoding=\"async\" loading=\"lazy\" srcset=\"https:\/\/citybottles.com\/wp-content\/uploads\/2019\/08\/cb-sight-fuerth-stadttheater-1-1.jpg 600w, https:\/\/citybottles.com\/wp-content\/uploads\/2019\/08\/cb-sight-fuerth-stadttheater-1-1-150x150.jpg 150w, https:\/\/citybottles.com\/wp-content\/uploads\/2019\/08\/cb-sight-fuerth-stadttheater-1-1-300x300.jpg 300w, https:\/\/citybottles.com\/wp-content\/uploads\/2019\/08\/cb-sight-fuerth-stadttheater-1-1-200x200.jpg 200w\" sizes=\"(max-width: 600px) 100vw, 600px\"  data-dt-location=\"https:\/\/citybottles.com\/de\/cb-sight-fuerth-stadttheater-1\/\" \/><\/div>\n\t\t<\/figure>\n\t<\/div>\n\n\t<div class=\"wpb_text_column wpb_content_element  city-teaser--text\" >\n\t\t<div class=\"wpb_wrapper\">\n\t\t\t<h2><a href=\"\/de\/die-staedte\/fuerth\/\">F\u00fcrth<\/a><\/h2>\n\n\t\t<\/div>\n\t<\/div>\n<\/div><\/div><\/div><\/div><div class=\"vc_row wpb_row vc_inner vc_row-fluid\"><div class=\"city-teaser--wrap wpb_column vc_column_container vc_col-sm-6\"><div class=\"vc_column-inner\"><a href='https:\/\/citybottles.com\/de\/die-staedte\/muenchen\/' target='' class='big_link' style='position:absolute;top:0;left:0;width:100%;height:100%;z-index:999;cursor:pointer;'aria-hidden='true'><\/a><div class=\"wpb_wrapper\">\n\t<div  class=\"wpb_single_image wpb_content_element vc_align_left   city-teaser--img\">\n\t\t\n\t\t<figure class=\"wpb_wrapper vc_figure\">\n\t\t\t<div class=\"vc_single_image-wrapper   vc_box_border_grey\"><img width=\"1200\" height=\"1200\" src=\"https:\/\/citybottles.com\/wp-content\/uploads\/2019\/10\/citybottles-muenchen-siegestor-01.jpg\" class=\"vc_single_image-img attachment-full\" alt=\"\" decoding=\"async\" loading=\"lazy\" srcset=\"https:\/\/citybottles.com\/wp-content\/uploads\/2019\/10\/citybottles-muenchen-siegestor-01.jpg 1200w, https:\/\/citybottles.com\/wp-content\/uploads\/2019\/10\/citybottles-muenchen-siegestor-01-150x150.jpg 150w, https:\/\/citybottles.com\/wp-content\/uploads\/2019\/10\/citybottles-muenchen-siegestor-01-300x300.jpg 300w, https:\/\/citybottles.com\/wp-content\/uploads\/2019\/10\/citybottles-muenchen-siegestor-01-768x768.jpg 768w, https:\/\/citybottles.com\/wp-content\/uploads\/2019\/10\/citybottles-muenchen-siegestor-01-1024x1024.jpg 1024w\" sizes=\"(max-width: 1200px) 100vw, 1200px\"  data-dt-location=\"https:\/\/citybottles.com\/de\/citybottles-muenchen-siegestor-01\/\" \/><\/div>\n\t\t<\/figure>\n\t<\/div>\n\n\t<div class=\"wpb_text_column wpb_content_element  city-teaser--text\" >\n\t\t<div class=\"wpb_wrapper\">\n\t\t\t<h2><a href=\"\/de\/die-staedte\/muenchen\">M\u00fcnchen<\/a><\/h2>\n\n\t\t<\/div>\n\t<\/div>\n<\/div><\/div><\/div><div class=\"city-teaser--wrap wpb_column vc_column_container vc_col-sm-6\"><div class=\"vc_column-inner\"><a href='https:\/\/citybottles.com\/de\/die-staedte\/hamburg\/' target='' class='big_link' style='position:absolute;top:0;left:0;width:100%;height:100%;z-index:999;cursor:pointer;'aria-hidden='true'><\/a><div class=\"wpb_wrapper\">\n\t<div  class=\"wpb_single_image wpb_content_element vc_align_left   city-teaser--img\">\n\t\t\n\t\t<figure class=\"wpb_wrapper vc_figure\">\n\t\t\t<div class=\"vc_single_image-wrapper   vc_box_border_grey\"><img width=\"600\" height=\"600\" src=\"https:\/\/citybottles.com\/wp-content\/uploads\/2019\/10\/citybottles-city-teaser-hamburg.jpg\" class=\"vc_single_image-img attachment-full\" alt=\"\" decoding=\"async\" loading=\"lazy\" srcset=\"https:\/\/citybottles.com\/wp-content\/uploads\/2019\/10\/citybottles-city-teaser-hamburg.jpg 600w, https:\/\/citybottles.com\/wp-content\/uploads\/2019\/10\/citybottles-city-teaser-hamburg-150x150.jpg 150w, https:\/\/citybottles.com\/wp-content\/uploads\/2019\/10\/citybottles-city-teaser-hamburg-300x300.jpg 300w\" sizes=\"(max-width: 600px) 100vw, 600px\"  data-dt-location=\"https:\/\/citybottles.com\/de\/?attachment_id=22843\" \/><\/div>\n\t\t<\/figure>\n\t<\/div>\n\n\t<div class=\"wpb_text_column wpb_content_element  city-teaser--text\" >\n\t\t<div class=\"wpb_wrapper\">\n\t\t\t<h2><a href=\"\/de\/die-staedte\/hamburg\">Hamburg<\/a><\/h2>\n\n\t\t<\/div>\n\t<\/div>\n<\/div><\/div><\/div><\/div><\/div><\/div><\/div><\/div><div class=\"vc_row-full-width vc_clearfix\"><\/div><div class=\"vc_row wpb_row vc_row-fluid\"><div class=\"content--center wpb_column vc_column_container vc_col-sm-8\"><div class=\"vc_column-inner\"><div class=\"wpb_wrapper\">\n\t<div class=\"wpb_text_column wpb_content_element \" >\n\t\t<div class=\"wpb_wrapper\">\n\t\t\t<h3 style=\"text-align: center;\">Deine Stadt ist nicht dabei?<\/h3>\n\n\t\t<\/div>\n\t<\/div>\n<div class=\"vc_btn3-container vc_btn3-center\" ><a class=\"vc_general vc_btn3 vc_btn3-size-md vc_btn3-shape-square vc_btn3-style-modern vc_btn3-color-grey\" href=\"\/vote\/\" title=\"St\u00e4dtevoting\">Jetzt voten<\/a><\/div><\/div><\/div><\/div><\/div><\/div>[\/vc_column][\/vc_row]<\/p>\n","protected":false},"excerpt":{"rendered":"<p>St\u00e4dte\u00advoting: Anleitung Du m\u00f6chtest deine Lieblingsstadt als citybottle haben? Stimm f\u00fcr sie ab! Wenn genug Stimmen zusammenkommen, wird deine Stadt produziert. Es gibt mehrere Stufen, die jede Stadt durchlaufen muss, bevor sie zur einer citybottle wird. Das erkl\u00e4ren wir dir hier etwas ausf\u00fchrlicher: So funktioniert&#8217;s Stufe 1 \u2013 Vote Vote hier f\u00fcr deine Stadt. Animiere&hellip;<\/p>\n","protected":false},"author":7,"featured_media":0,"parent":12492,"menu_order":0,"comment_status":"closed","ping_status":"closed","template":"","meta":{"inline_featured_image":false,"footnotes":""},"tags":[],"yoast_head":"<!-- This site is optimized with the Yoast SEO plugin v22.5 - https:\/\/yoast.com\/wordpress\/plugins\/seo\/ -->\n<title>Wie funktioniert das St\u00e4dtevoting? &#8226; citybottles<\/title>\n<meta name=\"description\" content=\"Du willst wissen, wie du deine Lieblingsstadt bald als citybottle in den H\u00e4nden halten kannst? Wir erkl\u00e4ren dir hier, wie das Voting funktioniert!\" \/>\n<meta name=\"robots\" content=\"index, follow, max-snippet:-1, max-image-preview:large, max-video-preview:-1\" \/>\n<link rel=\"canonical\" href=\"https:\/\/citybottles.com\/de\/vote\/anleitung\/\" \/>\n<meta property=\"og:locale\" content=\"de_DE\" \/>\n<meta property=\"og:type\" content=\"article\" \/>\n<meta property=\"og:title\" content=\"Wie funktioniert das St\u00e4dtevoting? &#8226; citybottles\" \/>\n<meta property=\"og:description\" content=\"Du willst wissen, wie du deine Lieblingsstadt bald als citybottle in den H\u00e4nden halten kannst? Wir erkl\u00e4ren dir hier, wie das Voting funktioniert!\" \/>\n<meta property=\"og:url\" content=\"https:\/\/citybottles.com\/de\/vote\/anleitung\/\" \/>\n<meta property=\"og:site_name\" content=\"citybottles\" \/>\n<meta property=\"article:modified_time\" content=\"2020-01-20T18:13:35+00:00\" \/>\n<meta property=\"og:image\" content=\"https:\/\/citybottles.com\/wp-content\/uploads\/2019\/06\/cb-smooth-scroll-arrow.svg\" \/>\n<meta name=\"twitter:card\" content=\"summary_large_image\" \/>\n<meta name=\"twitter:label1\" content=\"Gesch\u00e4tzte Lesezeit\" \/>\n\t<meta name=\"twitter:data1\" content=\"4\u00a0Minuten\" \/>\n<script type=\"application\/ld+json\" class=\"yoast-schema-graph\">{\"@context\":\"https:\/\/schema.org\",\"@graph\":[{\"@type\":\"WebPage\",\"@id\":\"https:\/\/citybottles.com\/de\/vote\/anleitung\/\",\"url\":\"https:\/\/citybottles.com\/de\/vote\/anleitung\/\",\"name\":\"Wie funktioniert das St\u00e4dtevoting? &#8226; citybottles\",\"isPartOf\":{\"@id\":\"https:\/\/citybottles.com\/en\/#website\"},\"datePublished\":\"2019-10-24T14:44:55+00:00\",\"dateModified\":\"2020-01-20T18:13:35+00:00\",\"description\":\"Du willst wissen, wie du deine Lieblingsstadt bald als citybottle in den H\u00e4nden halten kannst? Wir erkl\u00e4ren dir hier, wie das Voting funktioniert!\",\"breadcrumb\":{\"@id\":\"https:\/\/citybottles.com\/de\/vote\/anleitung\/#breadcrumb\"},\"inLanguage\":\"de\",\"potentialAction\":[{\"@type\":\"ReadAction\",\"target\":[\"https:\/\/citybottles.com\/de\/vote\/anleitung\/\"]}]},{\"@type\":\"BreadcrumbList\",\"@id\":\"https:\/\/citybottles.com\/de\/vote\/anleitung\/#breadcrumb\",\"itemListElement\":[{\"@type\":\"ListItem\",\"position\":1,\"name\":\"Startseite\",\"item\":\"https:\/\/citybottles.com\/de\/\"},{\"@type\":\"ListItem\",\"position\":2,\"name\":\"St\u00e4dtevoting\",\"item\":\"https:\/\/citybottles.com\/de\/vote\/\"},{\"@type\":\"ListItem\",\"position\":3,\"name\":\"Anleitung\"}]},{\"@type\":\"WebSite\",\"@id\":\"https:\/\/citybottles.com\/en\/#website\",\"url\":\"https:\/\/citybottles.com\/en\/\",\"name\":\"citybottles\",\"description\":\"Deine St\u00e4dteflasche\",\"publisher\":{\"@id\":\"https:\/\/citybottles.com\/en\/#organization\"},\"potentialAction\":[{\"@type\":\"SearchAction\",\"target\":{\"@type\":\"EntryPoint\",\"urlTemplate\":\"https:\/\/citybottles.com\/en\/?s={search_term_string}\"},\"query-input\":\"required name=search_term_string\"}],\"inLanguage\":\"de\"},{\"@type\":\"Organization\",\"@id\":\"https:\/\/citybottles.com\/en\/#organization\",\"name\":\"citybottles\",\"url\":\"https:\/\/citybottles.com\/en\/\",\"logo\":{\"@type\":\"ImageObject\",\"inLanguage\":\"de\",\"@id\":\"https:\/\/citybottles.com\/en\/#\/schema\/logo\/image\/\",\"url\":\"https:\/\/citybottles.com\/wp-content\/uploads\/2019\/02\/cb-logo-final.svg\",\"contentUrl\":\"https:\/\/citybottles.com\/wp-content\/uploads\/2019\/02\/cb-logo-final.svg\",\"width\":1,\"height\":1,\"caption\":\"citybottles\"},\"image\":{\"@id\":\"https:\/\/citybottles.com\/en\/#\/schema\/logo\/image\/\"},\"sameAs\":[\"https:\/\/www.instagram.com\/citybottles\/\"]}]}<\/script>\n<!-- \/ Yoast SEO plugin. -->","yoast_head_json":{"title":"Wie funktioniert das St\u00e4dtevoting? &#8226; citybottles","description":"Du willst wissen, wie du deine Lieblingsstadt bald als citybottle in den H\u00e4nden halten kannst? Wir erkl\u00e4ren dir hier, wie das Voting funktioniert!","robots":{"index":"index","follow":"follow","max-snippet":"max-snippet:-1","max-image-preview":"max-image-preview:large","max-video-preview":"max-video-preview:-1"},"canonical":"https:\/\/citybottles.com\/de\/vote\/anleitung\/","og_locale":"de_DE","og_type":"article","og_title":"Wie funktioniert das St\u00e4dtevoting? &#8226; citybottles","og_description":"Du willst wissen, wie du deine Lieblingsstadt bald als citybottle in den H\u00e4nden halten kannst? Wir erkl\u00e4ren dir hier, wie das Voting funktioniert!","og_url":"https:\/\/citybottles.com\/de\/vote\/anleitung\/","og_site_name":"citybottles","article_modified_time":"2020-01-20T18:13:35+00:00","og_image":[{"url":"https:\/\/citybottles.com\/wp-content\/uploads\/2019\/06\/cb-smooth-scroll-arrow.svg"}],"twitter_card":"summary_large_image","twitter_misc":{"Gesch\u00e4tzte Lesezeit":"4\u00a0Minuten"},"schema":{"@context":"https:\/\/schema.org","@graph":[{"@type":"WebPage","@id":"https:\/\/citybottles.com\/de\/vote\/anleitung\/","url":"https:\/\/citybottles.com\/de\/vote\/anleitung\/","name":"Wie funktioniert das St\u00e4dtevoting? &#8226; citybottles","isPartOf":{"@id":"https:\/\/citybottles.com\/en\/#website"},"datePublished":"2019-10-24T14:44:55+00:00","dateModified":"2020-01-20T18:13:35+00:00","description":"Du willst wissen, wie du deine Lieblingsstadt bald als citybottle in den H\u00e4nden halten kannst? Wir erkl\u00e4ren dir hier, wie das Voting funktioniert!","breadcrumb":{"@id":"https:\/\/citybottles.com\/de\/vote\/anleitung\/#breadcrumb"},"inLanguage":"de","potentialAction":[{"@type":"ReadAction","target":["https:\/\/citybottles.com\/de\/vote\/anleitung\/"]}]},{"@type":"BreadcrumbList","@id":"https:\/\/citybottles.com\/de\/vote\/anleitung\/#breadcrumb","itemListElement":[{"@type":"ListItem","position":1,"name":"Startseite","item":"https:\/\/citybottles.com\/de\/"},{"@type":"ListItem","position":2,"name":"St\u00e4dtevoting","item":"https:\/\/citybottles.com\/de\/vote\/"},{"@type":"ListItem","position":3,"name":"Anleitung"}]},{"@type":"WebSite","@id":"https:\/\/citybottles.com\/en\/#website","url":"https:\/\/citybottles.com\/en\/","name":"citybottles","description":"Deine St\u00e4dteflasche","publisher":{"@id":"https:\/\/citybottles.com\/en\/#organization"},"potentialAction":[{"@type":"SearchAction","target":{"@type":"EntryPoint","urlTemplate":"https:\/\/citybottles.com\/en\/?s={search_term_string}"},"query-input":"required name=search_term_string"}],"inLanguage":"de"},{"@type":"Organization","@id":"https:\/\/citybottles.com\/en\/#organization","name":"citybottles","url":"https:\/\/citybottles.com\/en\/","logo":{"@type":"ImageObject","inLanguage":"de","@id":"https:\/\/citybottles.com\/en\/#\/schema\/logo\/image\/","url":"https:\/\/citybottles.com\/wp-content\/uploads\/2019\/02\/cb-logo-final.svg","contentUrl":"https:\/\/citybottles.com\/wp-content\/uploads\/2019\/02\/cb-logo-final.svg","width":1,"height":1,"caption":"citybottles"},"image":{"@id":"https:\/\/citybottles.com\/en\/#\/schema\/logo\/image\/"},"sameAs":["https:\/\/www.instagram.com\/citybottles\/"]}]}},"_links":{"self":[{"href":"https:\/\/citybottles.com\/de\/wp-json\/wp\/v2\/pages\/13807"}],"collection":[{"href":"https:\/\/citybottles.com\/de\/wp-json\/wp\/v2\/pages"}],"about":[{"href":"https:\/\/citybottles.com\/de\/wp-json\/wp\/v2\/types\/page"}],"author":[{"embeddable":true,"href":"https:\/\/citybottles.com\/de\/wp-json\/wp\/v2\/users\/7"}],"replies":[{"embeddable":true,"href":"https:\/\/citybottles.com\/de\/wp-json\/wp\/v2\/comments?post=13807"}],"version-history":[{"count":0,"href":"https:\/\/citybottles.com\/de\/wp-json\/wp\/v2\/pages\/13807\/revisions"}],"up":[{"embeddable":true,"href":"https:\/\/citybottles.com\/de\/wp-json\/wp\/v2\/pages\/12492"}],"wp:attachment":[{"href":"https:\/\/citybottles.com\/de\/wp-json\/wp\/v2\/media?parent=13807"}],"wp:term":[{"taxonomy":"post_tag","embeddable":true,"href":"https:\/\/citybottles.com\/de\/wp-json\/wp\/v2\/tags?post=13807"}],"curies":[{"name":"wp","href":"https:\/\/api.w.org\/{rel}","templated":true}]}}