{"id":21359,"date":"2020-06-18T12:08:21","date_gmt":"2020-06-18T10:08:21","guid":{"rendered":"https:\/\/citybottles.com\/the-tank-copy\/"},"modified":"2023-05-17T15:31:29","modified_gmt":"2023-05-17T13:31:29","slug":"pure-black","status":"publish","type":"page","link":"https:\/\/citybottles.com\/de\/pure-black\/","title":{"rendered":"PureBlack"},"content":{"rendered":"<p>[vc_row full_width=&#8220;stretch_row&#8220; full_height=&#8220;yes&#8220; columns_placement=&#8220;stretch&#8220; equal_height=&#8220;yes&#8220; content_placement=&#8220;middle&#8220; el_class=&#8220;section-hero&#8211;full-height&#8220; css=&#8220;.vc_custom_1562860226389{padding-right: 0px !important;padding-left: 0px !important;}&#8220;][vc_column width=&#8220;2\/3&#8243; css=&#8220;.vc_custom_1562852169638{padding-left: 50px !important;background-color: #282828 !important;}&#8220; offset=&#8220;vc_col-lg-6&#8243; el_class=&#8220;space-bottom&#8211;none item-two&#8220;]<style type=\"text\/css\" data-type=\"the7_shortcodes-inline-css\">.dt-breadcrumbs-id-c2fff5908c0fe21423b303c45c5b0319 .breadcrumbs {\n  display: inline-block;\n  margin: 0;\n  padding: 20px 10px 2px 10px;\n  border: 0px solid ;\n  border-radius: 0px;\n}\n.dt-breadcrumbs-id-c2fff5908c0fe21423b303c45c5b0319 .breadcrumbs * {\n  color: #a2a5a6;\n}\n<\/style><div class=\"dt-breadcrumbs-shortcode dt-breadcrumbs-id-c2fff5908c0fe21423b303c45c5b0319 align-left\"><div class=\"assistive-text\">Sie befinden sich hier:<\/div><ol class=\"breadcrumbs text-small\" itemscope itemtype=\"https:\/\/schema.org\/BreadcrumbList\"><li itemprop=\"itemListElement\" itemscope itemtype=\"https:\/\/schema.org\/ListItem\"><a itemprop=\"item\" href=\"https:\/\/citybottles.com\/de\/\" title=\"Start\"><span itemprop=\"name\">Start<\/span><\/a><meta itemprop=\"position\" content=\"1\" \/><\/li><li class=\"current\" itemprop=\"itemListElement\" itemscope itemtype=\"https:\/\/schema.org\/ListItem\"><span itemprop=\"name\">Seite<\/span><meta itemprop=\"position\" content=\"2\" \/><\/li><\/ol><\/div>[vc_row_inner content_placement=&#8220;middle&#8220; el_class=&#8220;content&#8211;center&#8220;][vc_column_inner el_class=&#8220;hero&#8211;text&#8220; width=&#8220;4\/5&#8243;][vc_column_text el_class=&#8220;text&#8211;white&#8220;]<\/p>\n<h1 class=\"text--white\">PureBlack<\/h1>\n<h3 class=\"text--white\">Schlicht und schick: Dein Begleiter in klassischem Schwarz<\/h3>\n<p><span>Mit der PureBlack Edition setzt du ganz auf zeitlose Eleganz ohne\u00a0Kompromisse in der Funktionalit\u00e4t. Denn auf die Trinkwasserbrunnen\u00a0kannst du \u00fcber unsere deutschlandweite Datenbank nat\u00fcrlich ganz ortsungebunden\u00a0zugreifen.<\/span>[\/vc_column_text][vc_btn title=&#8220;Jetzt bestellen&#8220; shape=&#8220;square&#8220; align=&#8220;left&#8220; link=&#8220;url:https%3A%2F%2Flaserbottles.de%2Fproducts%2Fcitybottles-pureblack|title:citybottles%20PureBlack%20bestellen|target:_blank&#8220; el_class=&#8220;white ghost&#8220;][\/vc_column_inner][\/vc_row_inner][\/vc_column][vc_column width=&#8220;1\/3&#8243; css=&#8220;.vc_custom_1592817286881{padding-bottom: 100vh !important;background-image: url(https:\/\/citybottles.com\/wp-content\/uploads\/2020\/06\/cb-pure-black-title.jpg?id=21362) !important;background-position: center !important;background-repeat: no-repeat !important;background-size: cover !important;}&#8220; offset=&#8220;vc_col-lg-6&#8243; el_class=&#8220;space-bottom&#8211;none item-one&#8220;][\/vc_column][\/vc_row][vc_row full_width=&#8220;stretch_row&#8220; el_class=&#8220;section&#8211;padding-top space-bottom&#8211;none child&#8220;][vc_column][vc_column_text el_class=&#8220;head&#8211;highlight&#8220;]<\/p>\n<h3 style=\"text-align: center;\" class=\"head--highlight\">Harte Fakten<\/h3>\n<p>[\/vc_column_text][vc_row_inner css=&#8220;.vc_custom_1596558398544{padding-bottom: 0px !important;}&#8220;][vc_column_inner el_class=&#8220;facts-list&#8220; width=&#8220;1\/6&#8243; css=&#8220;.vc_custom_1596558238216{padding-bottom: 0px !important;}&#8220;][\/vc_column_inner][vc_column_inner el_class=&#8220;facts-list&#8220; width=&#8220;1\/3&#8243; css=&#8220;.vc_custom_1596558078449{padding-bottom: 0px !important;}&#8220;][vc_column_text]<\/p>\n<h4>Material<\/h4>\n<ul>\n<li>18\/8 rostfreier Edelstahl<\/li>\n<li>Bambus<\/li>\n<li>robuste Pulverbeschichtung<\/li>\n<\/ul>\n<h4>Eigenschaften<\/h4>\n<ul>\n<li>einwandig<\/li>\n<li>Edelstahl-Schraubverschluss mit Henkel<\/li>\n<li>Bambusverschluss<\/li>\n<li>BPA-frei<\/li>\n<li>Silikondichtring<\/li>\n<\/ul>\n<p>[\/vc_column_text][\/vc_column_inner][vc_column_inner el_class=&#8220;facts-list&#8220; width=&#8220;1\/3&#8243; css=&#8220;.vc_custom_1596558254280{padding-bottom: 0px !important;}&#8220;][vc_column_text]<\/p>\n<h4>Gr\u00f6\u00dfe<\/h4>\n<ul>\n<li>7 cm x 25 cm<\/li>\n<\/ul>\n<h4>Gewicht<\/h4>\n<ul>\n<li>190 g<\/li>\n<\/ul>\n<h4>F\u00fcllmenge<\/h4>\n<ul>\n<li>750 ml<\/li>\n<\/ul>\n<p>[\/vc_column_text][\/vc_column_inner][vc_column_inner width=&#8220;1\/6&#8243; css=&#8220;.vc_custom_1596558246192{padding-bottom: 0px !important;}&#8220;][\/vc_column_inner][\/vc_row_inner][vc_btn title=&#8220;Jetzt bestellen&#8220; shape=&#8220;square&#8220; align=&#8220;center&#8220; link=&#8220;url:https%3A%2F%2Flaserbottles.de%2Fproducts%2Fcitybottles-pureblack|title:citybottles%20PureBlack%20bestellen|target:_blank&#8220; el_class=&#8220;ghost&#8220; css=&#8220;.vc_custom_1684330285156{margin-bottom: 50px !important;}&#8220;][vc_single_image image=&#8220;21364&#8243; img_size=&#8220;full&#8220; alignment=&#8220;center&#8220; image_hovers=&#8220;false&#8220; el_class=&#8220;space-bottom&#8211;none&#8220;][\/vc_column][\/vc_row][vc_row full_width=&#8220;stretch_row&#8220; el_class=&#8220;section&#8211;padding-top space-bottom&#8211;none&#8220;][vc_column el_class=&#8220;space-bottom&#8211;none&#8220;][vc_column_text]<\/p>\n<h2 style=\"text-align: center;\">Gebrauchs\u00adhinweise<\/h2>\n<p>[\/vc_column_text][\/vc_column][\/vc_row][vc_row][vc_column width=&#8220;1\/6&#8243;][\/vc_column][vc_column width=&#8220;2\/3&#8243;][vc_tta_tabs style=&#8220;flat&#8220; shape=&#8220;square&#8220; spacing=&#8220;5&#8243; active_section=&#8220;1&#8243; no_fill_content_area=&#8220;true&#8220; el_class=&#8220;tabs&#8220;][vc_tta_section title=&#8220;Reinigung&#8220; tab_id=&#8220;1562854175582-b3ae966b-f089&#8243;][vc_column_text]<\/p>\n<ul>\n<li>Flasche und Deckel per Hand sp\u00fclen. Bei starker Verschmutzung Reinigungsb\u00fcrste oder -perlen verwenden.<\/li>\n<li>Bei Geruchsr\u00fcckst\u00e4nden: Flasche mit warmem Seifenwasser aussp\u00fclen.<\/li>\n<li>Keine Bleich- oder Reinigungsmittel, die Chlor-, Scheuer- oder L\u00f6sungsmittel enthalten, verwenden.<\/li>\n<\/ul>\n<p>[\/vc_column_text][\/vc_tta_section][vc_tta_section title=&#8220;Verwendung&#8220; tab_id=&#8220;1562854175611-0ab75266-b9b9&#8243;][vc_column_text]<\/p>\n<ul>\n<li>Bei Lagerung Deckel entfernen, damit Flasche vollst\u00e4ndig trocknen kann.<\/li>\n<li>Starke St\u00f6\u00dfe, z. B. durch Fallen der Flasche, k\u00f6nnen Dellen verursachen.<\/li>\n<li>Sicherstellen, dass Verschluss korrekt sitzt. Schr\u00e4ges Zuschrauben kann diesen besch\u00e4digen.<\/li>\n<li>Flasche nicht \u00fcberf\u00fcllen. Maximal bis kurz unter das Innengewinde f\u00fcllen.<\/li>\n<li>Nicht in der Mikrowelle, im Ofen oder Gefrierfach verwenden und nicht mit Feuer erhitzen.<\/li>\n<li>Verschluss hat keine vorgegebene Endposition. Etwas Druck zum Verschlie\u00dfen notwendig, damit Silikonring gut abdichtet.<\/li>\n<\/ul>\n<p>[\/vc_column_text][\/vc_tta_section][vc_tta_section title=&#8220;Fl\u00fcssigkeiten\/Inhalte&#8220; tab_id=&#8220;1562854215373-10668d3a-85d4&#8243;][vc_column_text]<\/p>\n<ul>\n<li>Kein Trockeneis oder kohlens\u00e4urehaltige Fl\u00fcssigkeiten einf\u00fcllen. Durch Druck kann Verschluss abspringen oder undicht werden.<\/li>\n<li>Nicht f\u00fcr Milchprodukte oder g\u00e4rende Fl\u00fcssigkeiten geeignet.<\/li>\n<li>Keine hei\u00dfen Fl\u00fcssigkeiten einf\u00fcllen, Material erhitzt sich.<\/li>\n<\/ul>\n<p>[\/vc_column_text][\/vc_tta_section][\/vc_tta_tabs][\/vc_column][vc_column width=&#8220;1\/6&#8243;][\/vc_column][\/vc_row]<\/p>\n","protected":false},"excerpt":{"rendered":"<p>[vc_row full_width=&#8220;stretch_row&#8220; full_height=&#8220;yes&#8220; columns_placement=&#8220;stretch&#8220; equal_height=&#8220;yes&#8220; content_placement=&#8220;middle&#8220; el_class=&#8220;section-hero&#8211;full-height&#8220; css=&#8220;.vc_custom_1562860226389{padding-right: 0px !important;padding-left: 0px !important;}&#8220;][vc_column width=&#8220;2\/3&#8243; css=&#8220;.vc_custom_1562852169638{padding-left: 50px !important;background-color: #282828 !important;}&#8220; offset=&#8220;vc_col-lg-6&#8243; el_class=&#8220;space-bottom&#8211;none item-two&#8220;][vc_row_inner content_placement=&#8220;middle&#8220; el_class=&#8220;content&#8211;center&#8220;][vc_column_inner el_class=&#8220;hero&#8211;text&#8220; width=&#8220;4\/5&#8243;][vc_column_text el_class=&#8220;text&#8211;white&#8220;] PureBlack Schlicht und schick: Dein Begleiter in klassischem Schwarz Mit der PureBlack Edition setzt du ganz auf zeitlose Eleganz ohne\u00a0Kompromisse in der Funktionalit\u00e4t. Denn auf die Trinkwasserbrunnen\u00a0kannst du \u00fcber&hellip;<\/p>\n","protected":false},"author":8,"featured_media":0,"parent":0,"menu_order":30,"comment_status":"closed","ping_status":"closed","template":"","meta":{"inline_featured_image":false,"footnotes":""},"tags":[],"yoast_head":"<!-- This site is optimized with the Yoast SEO plugin v22.5 - https:\/\/yoast.com\/wordpress\/plugins\/seo\/ -->\n<title>PureBlack l Die schicke Edelstahlflasche mit schwarzer Pulverbeschichtung &#8226; citybottles<\/title>\n<meta name=\"description\" content=\"Mit der PureBlack Edition setzt du ganz auf zeitlose Eleganz ohne Kompromisse in der Funktionalit\u00e4t. Finde den n\u00e4chsten Trinkbrunnen mit unserer deutschlandweiten Datenbank.\" \/>\n<meta name=\"robots\" content=\"index, follow, max-snippet:-1, max-image-preview:large, max-video-preview:-1\" \/>\n<link rel=\"canonical\" href=\"https:\/\/citybottles.com\/de\/pure-black\/\" \/>\n<meta property=\"og:locale\" content=\"de_DE\" \/>\n<meta property=\"og:type\" content=\"article\" \/>\n<meta property=\"og:title\" content=\"PureBlack l Die schicke Edelstahlflasche mit schwarzer Pulverbeschichtung &#8226; citybottles\" \/>\n<meta property=\"og:description\" content=\"Mit der PureBlack Edition setzt du ganz auf zeitlose Eleganz ohne Kompromisse in der Funktionalit\u00e4t. Finde den n\u00e4chsten Trinkbrunnen mit unserer deutschlandweiten Datenbank.\" \/>\n<meta property=\"og:url\" content=\"https:\/\/citybottles.com\/de\/pure-black\/\" \/>\n<meta property=\"og:site_name\" content=\"citybottles\" \/>\n<meta property=\"article:modified_time\" content=\"2023-05-17T13:31:29+00:00\" \/>\n<meta name=\"twitter:card\" content=\"summary_large_image\" \/>\n<meta name=\"twitter:label1\" content=\"Gesch\u00e4tzte Lesezeit\" \/>\n\t<meta name=\"twitter:data1\" content=\"2\u00a0Minuten\" \/>\n<script type=\"application\/ld+json\" class=\"yoast-schema-graph\">{\"@context\":\"https:\/\/schema.org\",\"@graph\":[{\"@type\":\"WebPage\",\"@id\":\"https:\/\/citybottles.com\/de\/pure-black\/\",\"url\":\"https:\/\/citybottles.com\/de\/pure-black\/\",\"name\":\"PureBlack l Die schicke Edelstahlflasche mit schwarzer Pulverbeschichtung &#8226; citybottles\",\"isPartOf\":{\"@id\":\"https:\/\/citybottles.com\/en\/#website\"},\"datePublished\":\"2020-06-18T10:08:21+00:00\",\"dateModified\":\"2023-05-17T13:31:29+00:00\",\"description\":\"Mit der PureBlack Edition setzt du ganz auf zeitlose Eleganz ohne Kompromisse in der Funktionalit\u00e4t. Finde den n\u00e4chsten Trinkbrunnen mit unserer deutschlandweiten Datenbank.\",\"breadcrumb\":{\"@id\":\"https:\/\/citybottles.com\/de\/pure-black\/#breadcrumb\"},\"inLanguage\":\"de\",\"potentialAction\":[{\"@type\":\"ReadAction\",\"target\":[\"https:\/\/citybottles.com\/de\/pure-black\/\"]}]},{\"@type\":\"BreadcrumbList\",\"@id\":\"https:\/\/citybottles.com\/de\/pure-black\/#breadcrumb\",\"itemListElement\":[{\"@type\":\"ListItem\",\"position\":1,\"name\":\"Startseite\",\"item\":\"https:\/\/citybottles.com\/de\/\"},{\"@type\":\"ListItem\",\"position\":2,\"name\":\"PureBlack\"}]},{\"@type\":\"WebSite\",\"@id\":\"https:\/\/citybottles.com\/en\/#website\",\"url\":\"https:\/\/citybottles.com\/en\/\",\"name\":\"citybottles\",\"description\":\"Deine St\u00e4dteflasche\",\"publisher\":{\"@id\":\"https:\/\/citybottles.com\/en\/#organization\"},\"potentialAction\":[{\"@type\":\"SearchAction\",\"target\":{\"@type\":\"EntryPoint\",\"urlTemplate\":\"https:\/\/citybottles.com\/en\/?s={search_term_string}\"},\"query-input\":\"required name=search_term_string\"}],\"inLanguage\":\"de\"},{\"@type\":\"Organization\",\"@id\":\"https:\/\/citybottles.com\/en\/#organization\",\"name\":\"citybottles\",\"url\":\"https:\/\/citybottles.com\/en\/\",\"logo\":{\"@type\":\"ImageObject\",\"inLanguage\":\"de\",\"@id\":\"https:\/\/citybottles.com\/en\/#\/schema\/logo\/image\/\",\"url\":\"https:\/\/citybottles.com\/wp-content\/uploads\/2019\/02\/cb-logo-final.svg\",\"contentUrl\":\"https:\/\/citybottles.com\/wp-content\/uploads\/2019\/02\/cb-logo-final.svg\",\"width\":1,\"height\":1,\"caption\":\"citybottles\"},\"image\":{\"@id\":\"https:\/\/citybottles.com\/en\/#\/schema\/logo\/image\/\"},\"sameAs\":[\"https:\/\/www.instagram.com\/citybottles\/\"]}]}<\/script>\n<!-- \/ Yoast SEO plugin. -->","yoast_head_json":{"title":"PureBlack l Die schicke Edelstahlflasche mit schwarzer Pulverbeschichtung &#8226; citybottles","description":"Mit der PureBlack Edition setzt du ganz auf zeitlose Eleganz ohne Kompromisse in der Funktionalit\u00e4t. Finde den n\u00e4chsten Trinkbrunnen mit unserer deutschlandweiten Datenbank.","robots":{"index":"index","follow":"follow","max-snippet":"max-snippet:-1","max-image-preview":"max-image-preview:large","max-video-preview":"max-video-preview:-1"},"canonical":"https:\/\/citybottles.com\/de\/pure-black\/","og_locale":"de_DE","og_type":"article","og_title":"PureBlack l Die schicke Edelstahlflasche mit schwarzer Pulverbeschichtung &#8226; citybottles","og_description":"Mit der PureBlack Edition setzt du ganz auf zeitlose Eleganz ohne Kompromisse in der Funktionalit\u00e4t. Finde den n\u00e4chsten Trinkbrunnen mit unserer deutschlandweiten Datenbank.","og_url":"https:\/\/citybottles.com\/de\/pure-black\/","og_site_name":"citybottles","article_modified_time":"2023-05-17T13:31:29+00:00","twitter_card":"summary_large_image","twitter_misc":{"Gesch\u00e4tzte Lesezeit":"2\u00a0Minuten"},"schema":{"@context":"https:\/\/schema.org","@graph":[{"@type":"WebPage","@id":"https:\/\/citybottles.com\/de\/pure-black\/","url":"https:\/\/citybottles.com\/de\/pure-black\/","name":"PureBlack l Die schicke Edelstahlflasche mit schwarzer Pulverbeschichtung &#8226; citybottles","isPartOf":{"@id":"https:\/\/citybottles.com\/en\/#website"},"datePublished":"2020-06-18T10:08:21+00:00","dateModified":"2023-05-17T13:31:29+00:00","description":"Mit der PureBlack Edition setzt du ganz auf zeitlose Eleganz ohne Kompromisse in der Funktionalit\u00e4t. Finde den n\u00e4chsten Trinkbrunnen mit unserer deutschlandweiten Datenbank.","breadcrumb":{"@id":"https:\/\/citybottles.com\/de\/pure-black\/#breadcrumb"},"inLanguage":"de","potentialAction":[{"@type":"ReadAction","target":["https:\/\/citybottles.com\/de\/pure-black\/"]}]},{"@type":"BreadcrumbList","@id":"https:\/\/citybottles.com\/de\/pure-black\/#breadcrumb","itemListElement":[{"@type":"ListItem","position":1,"name":"Startseite","item":"https:\/\/citybottles.com\/de\/"},{"@type":"ListItem","position":2,"name":"PureBlack"}]},{"@type":"WebSite","@id":"https:\/\/citybottles.com\/en\/#website","url":"https:\/\/citybottles.com\/en\/","name":"citybottles","description":"Deine St\u00e4dteflasche","publisher":{"@id":"https:\/\/citybottles.com\/en\/#organization"},"potentialAction":[{"@type":"SearchAction","target":{"@type":"EntryPoint","urlTemplate":"https:\/\/citybottles.com\/en\/?s={search_term_string}"},"query-input":"required name=search_term_string"}],"inLanguage":"de"},{"@type":"Organization","@id":"https:\/\/citybottles.com\/en\/#organization","name":"citybottles","url":"https:\/\/citybottles.com\/en\/","logo":{"@type":"ImageObject","inLanguage":"de","@id":"https:\/\/citybottles.com\/en\/#\/schema\/logo\/image\/","url":"https:\/\/citybottles.com\/wp-content\/uploads\/2019\/02\/cb-logo-final.svg","contentUrl":"https:\/\/citybottles.com\/wp-content\/uploads\/2019\/02\/cb-logo-final.svg","width":1,"height":1,"caption":"citybottles"},"image":{"@id":"https:\/\/citybottles.com\/en\/#\/schema\/logo\/image\/"},"sameAs":["https:\/\/www.instagram.com\/citybottles\/"]}]}},"_links":{"self":[{"href":"https:\/\/citybottles.com\/de\/wp-json\/wp\/v2\/pages\/21359"}],"collection":[{"href":"https:\/\/citybottles.com\/de\/wp-json\/wp\/v2\/pages"}],"about":[{"href":"https:\/\/citybottles.com\/de\/wp-json\/wp\/v2\/types\/page"}],"author":[{"embeddable":true,"href":"https:\/\/citybottles.com\/de\/wp-json\/wp\/v2\/users\/8"}],"replies":[{"embeddable":true,"href":"https:\/\/citybottles.com\/de\/wp-json\/wp\/v2\/comments?post=21359"}],"version-history":[{"count":11,"href":"https:\/\/citybottles.com\/de\/wp-json\/wp\/v2\/pages\/21359\/revisions"}],"predecessor-version":[{"id":28201,"href":"https:\/\/citybottles.com\/de\/wp-json\/wp\/v2\/pages\/21359\/revisions\/28201"}],"wp:attachment":[{"href":"https:\/\/citybottles.com\/de\/wp-json\/wp\/v2\/media?parent=21359"}],"wp:term":[{"taxonomy":"post_tag","embeddable":true,"href":"https:\/\/citybottles.com\/de\/wp-json\/wp\/v2\/tags?post=21359"}],"curies":[{"name":"wp","href":"https:\/\/api.w.org\/{rel}","templated":true}]}}