{"id":28245,"date":"2023-09-06T13:53:39","date_gmt":"2023-09-06T11:53:39","guid":{"rendered":"https:\/\/citybottles.com\/die-flasche-copy\/"},"modified":"2023-09-12T17:25:53","modified_gmt":"2023-09-12T15:25:53","slug":"stadtpate-werden","status":"publish","type":"page","link":"https:\/\/citybottles.com\/de\/stadtpate-werden\/","title":{"rendered":"Stadtpate werden"},"content":{"rendered":"<p>[vc_row full_width=&#8220;stretch_row&#8220; full_height=&#8220;yes&#8220; columns_placement=&#8220;stretch&#8220; equal_height=&#8220;yes&#8220; content_placement=&#8220;middle&#8220; el_class=&#8220;section-hero&#8211;full-height&#8220; css=&#8220;.vc_custom_1562860226389{padding-right: 0px !important;padding-left: 0px !important;}&#8220;][vc_column width=&#8220;1\/3&#8243; css=&#8220;.vc_custom_1694084683642{padding-bottom: 100vh !important;background-image: url(https:\/\/citybottles.com\/wp-content\/uploads\/2023\/09\/werde-stadtpate-citybottles-x2.jpg?id=28283) !important;background-position: center !important;background-repeat: no-repeat !important;background-size: cover !important;}&#8220; offset=&#8220;vc_col-lg-6&#8243; el_class=&#8220;space-bottom&#8211;none item-one&#8220;][\/vc_column][vc_column width=&#8220;2\/3&#8243; css=&#8220;.vc_custom_1562852169638{padding-left: 50px !important;background-color: #282828 !important;}&#8220; offset=&#8220;vc_col-lg-6&#8243; el_class=&#8220;space-bottom&#8211;none item-two&#8220;]<style type=\"text\/css\" data-type=\"the7_shortcodes-inline-css\">.dt-breadcrumbs-id-c2fff5908c0fe21423b303c45c5b0319 .breadcrumbs {\n  display: inline-block;\n  margin: 0;\n  padding: 20px 10px 2px 10px;\n  border: 0px solid ;\n  border-radius: 0px;\n}\n.dt-breadcrumbs-id-c2fff5908c0fe21423b303c45c5b0319 .breadcrumbs * {\n  color: #a2a5a6;\n}\n<\/style><div class=\"dt-breadcrumbs-shortcode dt-breadcrumbs-id-c2fff5908c0fe21423b303c45c5b0319 align-left\"><div class=\"assistive-text\">Sie befinden sich hier:<\/div><ol class=\"breadcrumbs text-small\" itemscope itemtype=\"https:\/\/schema.org\/BreadcrumbList\"><li itemprop=\"itemListElement\" itemscope itemtype=\"https:\/\/schema.org\/ListItem\"><a itemprop=\"item\" href=\"https:\/\/citybottles.com\/de\/\" title=\"Start\"><span itemprop=\"name\">Start<\/span><\/a><meta itemprop=\"position\" content=\"1\" \/><\/li><li class=\"current\" itemprop=\"itemListElement\" itemscope itemtype=\"https:\/\/schema.org\/ListItem\"><span itemprop=\"name\">Seite<\/span><meta itemprop=\"position\" content=\"2\" \/><\/li><\/ol><\/div>[vc_row_inner equal_height=&#8220;yes&#8220; content_placement=&#8220;middle&#8220; el_class=&#8220;content&#8211;center&#8220;][vc_column_inner el_class=&#8220;hero&#8211;text&#8220; width=&#8220;3\/4&#8243;][vc_column_text el_class=&#8220;text&#8211;white&#8220;]<\/p>\n<h1 class=\"text--white\">Stadt<br \/>\nsucht<br \/>\nPate<\/h1>\n<p class=\"text--big\">Entwickle mit uns gemeinsam die citybottle f\u00fcr deine Stadt! Du bist im Stadtmarketing, arbeitest in einem sehr stadtverbundenen Unternehmen, bist in einem regionalen Verein t\u00e4tig oder einfach in deine Stadt verliebt?<\/p>\n<p><span><strong>Dann \u00fcbernehme die Patenschaft f\u00fcr eine citybottle!<\/strong><\/span>[\/vc_column_text][\/vc_column_inner][\/vc_row_inner][\/vc_column][\/vc_row][vc_row el_class=&#8220;section&#8211;padding-top&#8220;][vc_column][vc_column_text]<\/p>\n<h3 style=\"text-align: center;\" class=\"head--highlight\">Stadtmarketing pur!<\/h3>\n<p>[\/vc_column_text][vc_row_inner rtl_reverse=&#8220;yes&#8220; content_placement=&#8220;middle&#8220; el_class=&#8220;margin-bottom&#8211;small&#8220;][vc_column_inner el_class=&#8220;item-one&#8220; width=&#8220;1\/2&#8243;][vc_single_image image=&#8220;10808&#8243; img_size=&#8220;full&#8220; alignment=&#8220;right&#8220; lazy_loading=&#8220;true&#8220;][\/vc_column_inner][vc_column_inner el_class=&#8220;item-two&#8220; width=&#8220;1\/2&#8243;][vc_column_text el_class=&#8220;text-align&#8211;mb_center&#8220;]<\/p>\n<h3>Deine Vorteile einer Patenschaft<\/h3>\n<ul>\n<li>Gemeinsame Entwicklung der citybottle<\/li>\n<li>Dein Unternehmen inmitten der Silhouette<\/li>\n<li>Verf\u00fcgbar in zahlreichen Vertriebskan\u00e4len<\/li>\n<li>8,5% Nachlass auf die Preisliste (2 Jahre)<\/li>\n<li>Ideal als Werbemittel verwendbar<\/li>\n<li>Benennung als Partner<\/li>\n<li>Mind. 30 citybottles kostenfrei<\/li>\n<\/ul>\n<p>[\/vc_column_text][\/vc_column_inner][\/vc_row_inner][vc_row_inner content_placement=&#8220;middle&#8220; el_class=&#8220;margin-bottom&#8211;small&#8220;][vc_column_inner width=&#8220;1\/2&#8243;][vc_column_text el_class=&#8220;text-align&#8211;mb_center&#8220;]<\/p>\n<h3>So l\u00e4uft&#8217;s ab<\/h3>\n<p>Nach deiner Anfrage besprechen wir gemeinsam den weiteren Ablauf. Dein Unternehmen wird auf Wunsch inmitten der Stadtsilhouette dargestellt, sodass du als relevanter Bestandteil deiner Stadt zur Geltung kommst. Die Integration erfolgt dabei stilgerecht und subtil.<br \/>\nZus\u00e4tzlich wirst du bei der Entstehung der citybottle mit einbezogen und bekommst ab dem Launch (der Ver\u00f6ffentlichung des Produktes) zwei Jahre lang 8,5 % auf die citybottles-Preisliste. Melde dich gerne zur weiteren Abstimmung bei uns.[\/vc_column_text][\/vc_column_inner][vc_column_inner width=&#8220;1\/2&#8243;][vc_single_image image=&#8220;28259&#8243; img_size=&#8220;full&#8220; alignment=&#8220;right&#8220; lazy_loading=&#8220;true&#8220;][\/vc_column_inner][\/vc_row_inner][\/vc_column][\/vc_row][vc_row full_width=&#8220;stretch_row_content&#8220; equal_height=&#8220;yes&#8220; el_class=&#8220;parallax-section&#8220; el_id=&#8220;parallax-bg&#8220;][vc_column el_class=&#8220;space-bottom&#8211;none&#8220;][vc_row_inner equal_height=&#8220;yes&#8220; rtl_reverse=&#8220;yes&#8220; el_class=&#8220;parallax-section left&#8220; css=&#8220;.vc_custom_1694084670840{background-image: url(https:\/\/citybottles.com\/wp-content\/uploads\/2023\/09\/citybottles-cityguide-hamburg-elbphilharmonie-lang-scaled.jpg?id=28281) !important;}&#8220;][vc_column_inner el_class=&#8220;float&#8211;right parallax-section&#8211;text&#8220; width=&#8220;1\/2&#8243; offset=&#8220;vc_col-lg-4 vc_col-md-6&#8243;][vc_column_text el_class=&#8220;text&#8211;white text-align&#8211;right text-align&#8211;mb_center&#8220; css=&#8220;.vc_custom_1694002932607{padding-right: 0px !important;}&#8220;]<\/p>\n<h3 class=\"text--white\">Smartes Marketing<\/h3>\n<p>Begeistere deine Zielgruppe mit deiner citybottle. Du und dein Unternehmen sind subtil auf der Flasche platziert.[\/vc_column_text][\/vc_column_inner][vc_column_inner el_class=&#8220;parallax-section&#8211;img&#8220; width=&#8220;1\/2&#8243;][vc_single_image image=&#8220;10822&#8243; img_size=&#8220;full&#8220; alignment=&#8220;center&#8220; image_hovers=&#8220;false&#8220; el_class=&#8220;margin-bottom&#8211;none&#8220;][\/vc_column_inner][\/vc_row_inner][\/vc_column][\/vc_row][vc_row el_class=&#8220;section&#8211;padding-top&#8220;][vc_column][vc_row_inner content_placement=&#8220;middle&#8220; el_class=&#8220;margin-bottom&#8211;small&#8220;][vc_column_inner width=&#8220;1\/2&#8243;][vc_column_text el_class=&#8220;text-align&#8211;mb_center&#8220;]<\/p>\n<h3>Basic Patenschaft<\/h3>\n<p>Die Basic-Patenschaft ist unsere &#8222;1st Edition&#8220;. Das bedeutet, dass die Funktionen und der Leistungsumfang abgespeckt sind, wir aber sehr schnell und kosteng\u00fcnstig mit der St\u00e4dteflasche starten k\u00f6nnen.<\/p>\n<p><strong>Der Leistungsumfang bei der Basic-Patenschaft:<\/strong><\/p>\n<ul>\n<li>Gemeinsame Auswahl der Sehensw\u00fcrdigkeiten<\/li>\n<li>Erstellung 360\u00b0-Design<\/li>\n<li>Standard Faltschachtel-Verpackung<\/li>\n<li>Erstellung einer individuellen (einfachen) Landingpage<\/li>\n<li>Verkn\u00fcpfung mit refill-map.com zum Auffinden von Nachf\u00fcllm\u00f6glichkeiten<\/li>\n<li>Listung des Produktes unter laserbottles.de<\/li>\n<li>Bespielen der citybottles Social-Media-Kan\u00e4le<\/li>\n<li>Erw\u00e4hnung des Paten auf der Silhouette und online<\/li>\n<li>Fachhandelsbelieferungen auf Anfrage<\/li>\n<\/ul>\n<p>[\/vc_column_text][\/vc_column_inner][vc_column_inner width=&#8220;1\/2&#8243;][vc_single_image image=&#8220;28264&#8243; img_size=&#8220;full&#8220; alignment=&#8220;right&#8220; lazy_loading=&#8220;true&#8220;][\/vc_column_inner][\/vc_row_inner][vc_row_inner content_placement=&#8220;middle&#8220; el_class=&#8220;margin-bottom&#8211;small&#8220;][vc_column_inner width=&#8220;1\/2&#8243;][vc_single_image image=&#8220;28262&#8243; img_size=&#8220;full&#8220; alignment=&#8220;right&#8220; lazy_loading=&#8220;true&#8220;][\/vc_column_inner][vc_column_inner width=&#8220;1\/2&#8243;][vc_column_text el_class=&#8220;text-align&#8211;mb_center&#8220;]<\/p>\n<h3>Premium-Patenschaft<\/h3>\n<p>Die Premium-Patenschaft ist die finale Ausbaustufe der citybottles. Hier entsteht dann ein exklusives Produktkonzept f\u00fcr deine Stadt. F\u00fcr St\u00e4dte mit mehr als 100.000 Einwohnern steht nur die Premium-Patenschaft zur Verf\u00fcgung.<\/p>\n<p><strong>+ zus\u00e4tzliche Leistungen zu der Basic-Patenschaft:<\/strong><\/p>\n<ul>\n<li>Exklusives citybottles-Fotoshooting in deiner Stadt<\/li>\n<li>Erstellung der aufw\u00e4ndigen Landingpage mit Spin-Funktion und detaillierten<\/li>\n<li>Informationen zu jeder Sehensw\u00fcrdigkeit (inkl. deinem Unternehmen)<\/li>\n<li>Hochwertige Runddosen-Geschenkverpackung<\/li>\n<li>Erstellung von Flyern und Werbematerial<\/li>\n<li>Handelsunterst\u00fctzung und Planung von POS-Material<\/li>\n<li>Unterst\u00fctzung bei regionalen Werbekampagnen zum Launch<\/li>\n<\/ul>\n<p>[\/vc_column_text][\/vc_column_inner][\/vc_row_inner][\/vc_column][\/vc_row][vc_row][vc_column width=&#8220;1\/6&#8243;][\/vc_column][vc_column width=&#8220;2\/3&#8243;][vc_raw_html]JTNDZGl2JTIwY2xhc3MlM0QlMjJwaXBlZHJpdmVXZWJGb3JtcyUyMiUyMGRhdGEtcGQtd2ViZm9ybXMlM0QlMjJodHRwcyUzQSUyRiUyRndlYmZvcm1zLnBpcGVkcml2ZS5jb20lMkZmJTJGMXRmanJOcU1Jck5hQ3BERWFUYWlrNG5WVTJucnpYZUFKOWhvVE1ieEVWZldxM1F3UHpQcWpsUGVEZUw4RjBGYWolMjIlM0UlM0NzY3JpcHQlMjBzcmMlM0QlMjJodHRwcyUzQSUyRiUyRndlYmZvcm1zLnBpcGVkcml2ZS5jb20lMkZmJTJGbG9hZGVyJTIyJTNFJTNDJTJGc2NyaXB0JTNFJTNDJTJGZGl2JTNF[\/vc_raw_html][\/vc_column][vc_column width=&#8220;1\/6&#8243;][\/vc_column][\/vc_row]<\/p>\n","protected":false},"excerpt":{"rendered":"<p>[vc_row full_width=&#8220;stretch_row&#8220; full_height=&#8220;yes&#8220; columns_placement=&#8220;stretch&#8220; equal_height=&#8220;yes&#8220; content_placement=&#8220;middle&#8220; el_class=&#8220;section-hero&#8211;full-height&#8220; css=&#8220;.vc_custom_1562860226389{padding-right: 0px !important;padding-left: 0px !important;}&#8220;][vc_column width=&#8220;1\/3&#8243; css=&#8220;.vc_custom_1694084683642{padding-bottom: 100vh !important;background-image: url(https:\/\/citybottles.com\/wp-content\/uploads\/2023\/09\/werde-stadtpate-citybottles-x2.jpg?id=28283) !important;background-position: center !important;background-repeat: no-repeat !important;background-size: cover !important;}&#8220; offset=&#8220;vc_col-lg-6&#8243; el_class=&#8220;space-bottom&#8211;none item-one&#8220;][\/vc_column][vc_column width=&#8220;2\/3&#8243; css=&#8220;.vc_custom_1562852169638{padding-left: 50px !important;background-color: #282828 !important;}&#8220; offset=&#8220;vc_col-lg-6&#8243; el_class=&#8220;space-bottom&#8211;none item-two&#8220;][vc_row_inner equal_height=&#8220;yes&#8220; content_placement=&#8220;middle&#8220; el_class=&#8220;content&#8211;center&#8220;][vc_column_inner el_class=&#8220;hero&#8211;text&#8220; width=&#8220;3\/4&#8243;][vc_column_text el_class=&#8220;text&#8211;white&#8220;] Stadt sucht Pate Entwickle mit uns gemeinsam die citybottle f\u00fcr deine Stadt! Du&hellip;<\/p>\n","protected":false},"author":15,"featured_media":0,"parent":0,"menu_order":30,"comment_status":"closed","ping_status":"closed","template":"","meta":{"inline_featured_image":false,"footnotes":""},"tags":[],"yoast_head":"<!-- This site is optimized with the Yoast SEO plugin v22.5 - https:\/\/yoast.com\/wordpress\/plugins\/seo\/ -->\n<title>Stadt sucht Pate &#8226; citybottles<\/title>\n<meta name=\"description\" content=\"Werde jetzt Stadtpate und hilf uns eine neue citybottle zu entwickeln! Du profitierst dabei vom Stadtmarketing pur! Jetzt mehr erfahren.\" \/>\n<meta name=\"robots\" content=\"index, follow, max-snippet:-1, max-image-preview:large, max-video-preview:-1\" \/>\n<link rel=\"canonical\" href=\"https:\/\/citybottles.com\/de\/stadtpate-werden\/\" \/>\n<meta property=\"og:locale\" content=\"de_DE\" \/>\n<meta property=\"og:type\" content=\"article\" \/>\n<meta property=\"og:title\" content=\"Stadt sucht Pate &#8226; citybottles\" \/>\n<meta property=\"og:description\" content=\"Werde jetzt Stadtpate und hilf uns eine neue citybottle zu entwickeln! Du profitierst dabei vom Stadtmarketing pur! Jetzt mehr erfahren.\" \/>\n<meta property=\"og:url\" content=\"https:\/\/citybottles.com\/de\/stadtpate-werden\/\" \/>\n<meta property=\"og:site_name\" content=\"citybottles\" \/>\n<meta property=\"article:modified_time\" content=\"2023-09-12T15:25:53+00:00\" \/>\n<meta name=\"twitter:card\" content=\"summary_large_image\" \/>\n<meta name=\"twitter:label1\" content=\"Gesch\u00e4tzte Lesezeit\" \/>\n\t<meta name=\"twitter:data1\" content=\"3\u00a0Minuten\" \/>\n<script type=\"application\/ld+json\" class=\"yoast-schema-graph\">{\"@context\":\"https:\/\/schema.org\",\"@graph\":[{\"@type\":\"WebPage\",\"@id\":\"https:\/\/citybottles.com\/de\/stadtpate-werden\/\",\"url\":\"https:\/\/citybottles.com\/de\/stadtpate-werden\/\",\"name\":\"Stadt sucht Pate &#8226; citybottles\",\"isPartOf\":{\"@id\":\"https:\/\/citybottles.com\/en\/#website\"},\"datePublished\":\"2023-09-06T11:53:39+00:00\",\"dateModified\":\"2023-09-12T15:25:53+00:00\",\"description\":\"Werde jetzt Stadtpate und hilf uns eine neue citybottle zu entwickeln! Du profitierst dabei vom Stadtmarketing pur! Jetzt mehr erfahren.\",\"breadcrumb\":{\"@id\":\"https:\/\/citybottles.com\/de\/stadtpate-werden\/#breadcrumb\"},\"inLanguage\":\"de\",\"potentialAction\":[{\"@type\":\"ReadAction\",\"target\":[\"https:\/\/citybottles.com\/de\/stadtpate-werden\/\"]}]},{\"@type\":\"BreadcrumbList\",\"@id\":\"https:\/\/citybottles.com\/de\/stadtpate-werden\/#breadcrumb\",\"itemListElement\":[{\"@type\":\"ListItem\",\"position\":1,\"name\":\"Startseite\",\"item\":\"https:\/\/citybottles.com\/de\/\"},{\"@type\":\"ListItem\",\"position\":2,\"name\":\"Stadtpate werden\"}]},{\"@type\":\"WebSite\",\"@id\":\"https:\/\/citybottles.com\/en\/#website\",\"url\":\"https:\/\/citybottles.com\/en\/\",\"name\":\"citybottles\",\"description\":\"Deine St\u00e4dteflasche\",\"publisher\":{\"@id\":\"https:\/\/citybottles.com\/en\/#organization\"},\"potentialAction\":[{\"@type\":\"SearchAction\",\"target\":{\"@type\":\"EntryPoint\",\"urlTemplate\":\"https:\/\/citybottles.com\/en\/?s={search_term_string}\"},\"query-input\":\"required name=search_term_string\"}],\"inLanguage\":\"de\"},{\"@type\":\"Organization\",\"@id\":\"https:\/\/citybottles.com\/en\/#organization\",\"name\":\"citybottles\",\"url\":\"https:\/\/citybottles.com\/en\/\",\"logo\":{\"@type\":\"ImageObject\",\"inLanguage\":\"de\",\"@id\":\"https:\/\/citybottles.com\/en\/#\/schema\/logo\/image\/\",\"url\":\"https:\/\/citybottles.com\/wp-content\/uploads\/2019\/02\/cb-logo-final.svg\",\"contentUrl\":\"https:\/\/citybottles.com\/wp-content\/uploads\/2019\/02\/cb-logo-final.svg\",\"width\":1,\"height\":1,\"caption\":\"citybottles\"},\"image\":{\"@id\":\"https:\/\/citybottles.com\/en\/#\/schema\/logo\/image\/\"},\"sameAs\":[\"https:\/\/www.instagram.com\/citybottles\/\"]}]}<\/script>\n<!-- \/ Yoast SEO plugin. -->","yoast_head_json":{"title":"Stadt sucht Pate &#8226; citybottles","description":"Werde jetzt Stadtpate und hilf uns eine neue citybottle zu entwickeln! Du profitierst dabei vom Stadtmarketing pur! Jetzt mehr erfahren.","robots":{"index":"index","follow":"follow","max-snippet":"max-snippet:-1","max-image-preview":"max-image-preview:large","max-video-preview":"max-video-preview:-1"},"canonical":"https:\/\/citybottles.com\/de\/stadtpate-werden\/","og_locale":"de_DE","og_type":"article","og_title":"Stadt sucht Pate &#8226; citybottles","og_description":"Werde jetzt Stadtpate und hilf uns eine neue citybottle zu entwickeln! Du profitierst dabei vom Stadtmarketing pur! Jetzt mehr erfahren.","og_url":"https:\/\/citybottles.com\/de\/stadtpate-werden\/","og_site_name":"citybottles","article_modified_time":"2023-09-12T15:25:53+00:00","twitter_card":"summary_large_image","twitter_misc":{"Gesch\u00e4tzte Lesezeit":"3\u00a0Minuten"},"schema":{"@context":"https:\/\/schema.org","@graph":[{"@type":"WebPage","@id":"https:\/\/citybottles.com\/de\/stadtpate-werden\/","url":"https:\/\/citybottles.com\/de\/stadtpate-werden\/","name":"Stadt sucht Pate &#8226; citybottles","isPartOf":{"@id":"https:\/\/citybottles.com\/en\/#website"},"datePublished":"2023-09-06T11:53:39+00:00","dateModified":"2023-09-12T15:25:53+00:00","description":"Werde jetzt Stadtpate und hilf uns eine neue citybottle zu entwickeln! Du profitierst dabei vom Stadtmarketing pur! Jetzt mehr erfahren.","breadcrumb":{"@id":"https:\/\/citybottles.com\/de\/stadtpate-werden\/#breadcrumb"},"inLanguage":"de","potentialAction":[{"@type":"ReadAction","target":["https:\/\/citybottles.com\/de\/stadtpate-werden\/"]}]},{"@type":"BreadcrumbList","@id":"https:\/\/citybottles.com\/de\/stadtpate-werden\/#breadcrumb","itemListElement":[{"@type":"ListItem","position":1,"name":"Startseite","item":"https:\/\/citybottles.com\/de\/"},{"@type":"ListItem","position":2,"name":"Stadtpate werden"}]},{"@type":"WebSite","@id":"https:\/\/citybottles.com\/en\/#website","url":"https:\/\/citybottles.com\/en\/","name":"citybottles","description":"Deine St\u00e4dteflasche","publisher":{"@id":"https:\/\/citybottles.com\/en\/#organization"},"potentialAction":[{"@type":"SearchAction","target":{"@type":"EntryPoint","urlTemplate":"https:\/\/citybottles.com\/en\/?s={search_term_string}"},"query-input":"required name=search_term_string"}],"inLanguage":"de"},{"@type":"Organization","@id":"https:\/\/citybottles.com\/en\/#organization","name":"citybottles","url":"https:\/\/citybottles.com\/en\/","logo":{"@type":"ImageObject","inLanguage":"de","@id":"https:\/\/citybottles.com\/en\/#\/schema\/logo\/image\/","url":"https:\/\/citybottles.com\/wp-content\/uploads\/2019\/02\/cb-logo-final.svg","contentUrl":"https:\/\/citybottles.com\/wp-content\/uploads\/2019\/02\/cb-logo-final.svg","width":1,"height":1,"caption":"citybottles"},"image":{"@id":"https:\/\/citybottles.com\/en\/#\/schema\/logo\/image\/"},"sameAs":["https:\/\/www.instagram.com\/citybottles\/"]}]}},"_links":{"self":[{"href":"https:\/\/citybottles.com\/de\/wp-json\/wp\/v2\/pages\/28245"}],"collection":[{"href":"https:\/\/citybottles.com\/de\/wp-json\/wp\/v2\/pages"}],"about":[{"href":"https:\/\/citybottles.com\/de\/wp-json\/wp\/v2\/types\/page"}],"author":[{"embeddable":true,"href":"https:\/\/citybottles.com\/de\/wp-json\/wp\/v2\/users\/15"}],"replies":[{"embeddable":true,"href":"https:\/\/citybottles.com\/de\/wp-json\/wp\/v2\/comments?post=28245"}],"version-history":[{"count":20,"href":"https:\/\/citybottles.com\/de\/wp-json\/wp\/v2\/pages\/28245\/revisions"}],"predecessor-version":[{"id":28341,"href":"https:\/\/citybottles.com\/de\/wp-json\/wp\/v2\/pages\/28245\/revisions\/28341"}],"wp:attachment":[{"href":"https:\/\/citybottles.com\/de\/wp-json\/wp\/v2\/media?parent=28245"}],"wp:term":[{"taxonomy":"post_tag","embeddable":true,"href":"https:\/\/citybottles.com\/de\/wp-json\/wp\/v2\/tags?post=28245"}],"curies":[{"name":"wp","href":"https:\/\/api.w.org\/{rel}","templated":true}]}}