{"id":28311,"date":"2023-09-07T13:34:10","date_gmt":"2023-09-07T11:34:10","guid":{"rendered":"https:\/\/citybottles.com\/vote\/berlin-stufe-2-copy\/"},"modified":"2023-09-08T09:55:50","modified_gmt":"2023-09-08T07:55:50","slug":"neumarkt-stufe-2","status":"publish","type":"page","link":"https:\/\/citybottles.com\/de\/vote\/neumarkt-stufe-2\/","title":{"rendered":"Neumarkt: Stufe 2"},"content":{"rendered":"<p>[vc_row][vc_column]<style type=\"text\/css\" data-type=\"the7_shortcodes-inline-css\">.dt-breadcrumbs-id-4f1458138d027ed9bc8bf16a1f402961 .breadcrumbs {\n  display: inline-block;\n  margin: 0;\n  padding: 20px 10px 2px 0px;\n  border: 0px solid ;\n  border-radius: 0px;\n}\n.dt-breadcrumbs-id-4f1458138d027ed9bc8bf16a1f402961 .breadcrumbs * {\n  color: #a2a5a6;\n}\n<\/style><div class=\"dt-breadcrumbs-shortcode dt-breadcrumbs-id-4f1458138d027ed9bc8bf16a1f402961 align-left\"><div class=\"assistive-text\">Sie befinden sich hier:<\/div><ol class=\"breadcrumbs text-small\" itemscope itemtype=\"https:\/\/schema.org\/BreadcrumbList\"><li itemprop=\"itemListElement\" itemscope itemtype=\"https:\/\/schema.org\/ListItem\"><a itemprop=\"item\" href=\"https:\/\/citybottles.com\/de\/\" title=\"Start\"><span itemprop=\"name\">Start<\/span><\/a><meta itemprop=\"position\" content=\"1\" \/><\/li><li class=\"current\" itemprop=\"itemListElement\" itemscope itemtype=\"https:\/\/schema.org\/ListItem\"><span itemprop=\"name\">Seite<\/span><meta itemprop=\"position\" content=\"2\" \/><\/li><\/ol><\/div>[\/vc_column][\/vc_row][vc_row][vc_column width=&#8220;2\/3&#8243; css=&#8220;.vc_custom_1577095035421{padding-bottom: 0px !important;}&#8220;][vc_column_text css=&#8220;.vc_custom_1694159741933{padding-bottom: 0px !important;}&#8220;]<\/p>\n<h1>Neumarkt: Stufe 2<\/h1>\n<p>Juhu, Neumarkt ist auf Stufe 2 aufgestiegen und damit als n\u00e4chstes dran! Ab jetzt k\u00f6nnt ihr abstimmen, welche Sehensw\u00fcrdigkeiten unbedingt auf die Flasche sollen. Au\u00dferdem wollen wir wissen, bei welchem H\u00e4ndler die neue citybottle unbedingt stehen soll! Du hast Geheimtipps zu Neumarkt? Auch die kannst du uns gerne mitgeben ;)[\/vc_column_text][\/vc_column][vc_column width=&#8220;1\/3&#8243;][vc_single_image image=&#8220;28291&#8243; img_size=&#8220;medium&#8220;][\/vc_column][\/vc_row][vc_row][vc_column width=&#8220;1\/2&#8243;][vc_column_text]\r\n<style type=\"text\/css\">\r\n\t#stage2-sights-list-wrapper {\r\n\t\tdisplay: block;\r\n\t\tfloat: left;\r\n\t\twidth: 100%;\r\n\t}\r\n\r\n\t#stage2-sights-list-wrapper h3 {\r\n\t\tfont-size: 16px;\r\n\t\tletter-spacing: 1px;\r\n\t}\r\n\r\n\t#stage2-sights-list-wrapper .stage2-sight {\r\n\t\tpadding: 5px 0;\r\n\t}\r\n\r\n\t#stage2-sights-list-wrapper .stage2-sight input {\r\n\t\tmargin-right: 10px;\r\n\t}\r\n    #addsight-wrapper {\r\n        margin: 15px 0;\r\n    }\r\n    #addsight-wrapper input.addsight-input {\r\n        width: 100%;\r\n        padding: 3px 25px 3px 10px;\r\n    }\r\n    #addsight-wrapper .addsight-container {\r\n        position: relative;\r\n    }\r\n    #addsight-wrapper .removeExtraField {\r\n        text-decoration: none;\r\n        position: absolute;\r\n        right: 0;\r\n        top: 10px;\r\n    }\r\n    #addsight-wrapper .removeExtraField:hover {\r\n        cursor: pointer;\r\n        text-decoration: none;\r\n    }\r\n    #addsight-btn {\r\n        border-radius: 0;\r\n        border: 1px solid var(--primary);\r\n\t\tbackground-color: #fff;\r\n    }\r\n\t#addsight-btn:hover {\r\n\t\tbackground-color: var(--primary);\r\n\t\tcolor: #fff;\r\n\t}\r\n\t#stage2-sights-list-wrapper .label-sm {\r\n\t\tfont-size: 14px;\r\n\t\tdisplay: block;\r\n\t}\r\n<\/style>\r\n\r\n<script type=\"text\/javascript\">\r\n    var max = 7;\r\n\r\n\tjQuery(document).ready(function(){\r\n        jQuery('input.votingcb').change(function() {\r\n            updateFieldAvailability();\r\n\t    });\r\n\r\n\t    jQuery('#addsight-wrapper').on('change', 'input.addsight-input', function() {\r\n            updateFieldAvailability();\r\n        });\r\n\r\n\t    jQuery('#addsight-btn').click(function() {\r\n            var sightfields = jQuery('input.addsight-input');\r\n            if (sightfields.length >= max) {\r\n                alert('Du kannst keine weiteren Felder hinzuf\u00fcgen!'); \/\/todo translate\r\n                return;\r\n            }\r\n\r\n\t        jQuery('#addsight-wrapper').append('\\n' +\r\n                '        <div class=\"stage2-sight addsight-container\">\\n' +\r\n                '            <label><input type=\"text\" name=\"addsight[]\" class=\"addsight-input\" \/><\/label>\\n' +\r\n                '            <a class=\"removeExtraField\" onclick=\"jQuery(this).parent().remove();\">[ - ]<\/a>' +\r\n                '        <\/div>');\r\n        });\r\n\t});\r\n\r\n\r\n    function countFilledFields()\r\n    {\r\n        var cnt = jQuery('input.votingcb').filter(':checked').length;\r\n        jQuery('input.addsight-input').each(function(i, obj) {\r\n            if (jQuery(obj).val().length > 0) {\r\n                ++cnt;\r\n            }\r\n        });\r\n\r\n        return cnt;\r\n    }\r\n\r\n    function disableEmptyAddFields()\r\n    {\r\n        jQuery('input.addsight-input').prop('disabled', false).each(function(i, obj) {\r\n            if (!jQuery(obj).val().length) {\r\n                jQuery(obj).prop('disabled', true)\r\n            }\r\n        });\r\n    }\r\n\r\n    function updateFieldAvailability()\r\n    {\r\n        var current = countFilledFields();\r\n        jQuery('input.votingcb').filter(':not(:checked)').prop('disabled', current >= max);\r\n\r\n        jQuery('#addsight-btn').prop('disabled', current >= max);\r\n\r\n        if (current >= max) {\r\n            disableEmptyAddFields();\r\n        } else {\r\n            jQuery('input.addsight-input').prop('disabled', false)\r\n        }\r\n    }\r\n<\/script>\r\n\r\n<div id=\"stage2-sights-list-wrapper\">\r\n\t<label class=\"pflicht label-sm\">W\u00e4hle bis zu 7 Sehensw\u00fcrdigkeiten f\u00fcr die citybottle Neumarkt in der Oberpfalz.<\/label>\r\n\t<label class=\"label-sm\">Du kannst auch eigene hinzuf\u00fcgen!<\/label>\r\n\t    \t\t\r\n    \t\t<div class=\"stage2-sight\">\r\n    \t\t\t<label><input type=\"checkbox\" name=\"sightselector[neu_wolfstein]\" class=\"votingcb\" value=\"neu_wolfstein\">Burg Wolfstein <\/label>\r\n    \t\t<\/div>\r\n\r\n\t    \t\t\r\n    \t\t<div class=\"stage2-sight\">\r\n    \t\t\t<label><input type=\"checkbox\" name=\"sightselector[neu_reiter]\" class=\"votingcb\" value=\"neu_reiter\">Drei Reiter Skulptur <\/label>\r\n    \t\t<\/div>\r\n\r\n\t    \t\t\r\n    \t\t<div class=\"stage2-sight\">\r\n    \t\t\t<label><input type=\"checkbox\" name=\"sightselector[neu_maybach]\" class=\"votingcb\" value=\"neu_maybach\">Maybach Museum<\/label>\r\n    \t\t<\/div>\r\n\r\n\t    \t\t\r\n    \t\t<div class=\"stage2-sight\">\r\n    \t\t\t<label><input type=\"checkbox\" name=\"sightselector[neu_bibliothek]\" class=\"votingcb\" value=\"neu_bibliothek\">Stadtbibliothek  <\/label>\r\n    \t\t<\/div>\r\n\r\n\t    \t\t\r\n    \t\t<div class=\"stage2-sight\">\r\n    \t\t\t<label><input type=\"checkbox\" name=\"sightselector[neu_mariahilf]\" class=\"votingcb\" value=\"neu_mariahilf\">Wallfahrtskirche Mariahilf<\/label>\r\n    \t\t<\/div>\r\n\r\n\t    \t\t\r\n    \t\t<div class=\"stage2-sight\">\r\n    \t\t\t<label><input type=\"checkbox\" name=\"sightselector[neu_schlossweiher]\" class=\"votingcb\" value=\"neu_schlossweiher\">Schlossweiher mit Skulptur \"gro\u00dfer m\u00e4nnlicher Kopf\"<\/label>\r\n    \t\t<\/div>\r\n\r\n\t    \t\t\r\n    \t\t<div class=\"stage2-sight\">\r\n    \t\t\t<label><input type=\"checkbox\" name=\"sightselector[neu_historischesHaus]\" class=\"votingcb\" value=\"neu_historischesHaus\">Historisches Haus hinter dem Standesamt<\/label>\r\n    \t\t<\/div>\r\n\r\n\t    \t\t\r\n    \t\t<div class=\"stage2-sight\">\r\n    \t\t\t<label><input type=\"checkbox\" name=\"sightselector[neu_rathaus]\" class=\"votingcb\" value=\"neu_rathaus\">Rathaus<\/label>\r\n    \t\t<\/div>\r\n\r\n\t    \t\t\r\n    \t\t<div class=\"stage2-sight\">\r\n    \t\t\t<label><input type=\"checkbox\" name=\"sightselector[neu_residenz]\" class=\"votingcb\" value=\"neu_residenz\">Residenz<\/label>\r\n    \t\t<\/div>\r\n\r\n\t    \t\t\r\n    \t\t<div class=\"stage2-sight\">\r\n    \t\t\t<label><input type=\"checkbox\" name=\"sightselector[neu_kathKirche]\" class=\"votingcb\" value=\"neu_kathKirche\">Katholische Kirche zu unserer Lieben Frau <\/label>\r\n    \t\t<\/div>\r\n\r\n\t    \t\t\r\n    \t\t<div class=\"stage2-sight\">\r\n    \t\t\t<label><input type=\"checkbox\" name=\"sightselector[neu_fischer]\" class=\"votingcb\" value=\"neu_fischer\">Fischer Museum<\/label>\r\n    \t\t<\/div>\r\n\r\n\t    \t\t\r\n    \t\t<div class=\"stage2-sight\">\r\n    \t\t\t<label><input type=\"checkbox\" name=\"sightselector[neu_erIch]\" class=\"votingcb\" value=\"neu_erIch\">Er-Ich Skulptur<\/label>\r\n    \t\t<\/div>\r\n\r\n\t    \t\t\r\n    \t\t<div class=\"stage2-sight\">\r\n    \t\t\t<label><input type=\"checkbox\" name=\"sightselector[neu_evKirche]\" class=\"votingcb\" value=\"neu_evKirche\">Evangelische Kirche <\/label>\r\n    \t\t<\/div>\r\n\r\n\t    \t\t\r\n    \t\t<div class=\"stage2-sight\">\r\n    \t\t\t<label><input type=\"checkbox\" name=\"sightselector[neu_stadttor]\" class=\"votingcb\" value=\"neu_stadttor\">Unteres Stadttor<\/label>\r\n    \t\t<\/div>\r\n\r\n\t    \t\t\r\n    \t\t<div class=\"stage2-sight\">\r\n    \t\t\t<label><input type=\"checkbox\" name=\"sightselector[neu_reitstadl]\" class=\"votingcb\" value=\"neu_reitstadl\">Reitstadl<\/label>\r\n    \t\t<\/div>\r\n\r\n\t\r\n    <div id=\"addsight-wrapper\">\r\n        <label class=\"label-sm\">Sehensw\u00fcrdigkeit hinzuf\u00fcgen<\/label>\r\n        <div class=\"stage2-sight addsight-container\">\r\n            <label><input type=\"text\" name=\"addsight[]\" class=\"addsight-input\" \/><\/label>\r\n        <\/div>\r\n    <\/div>\r\n\r\n    <input type=\"button\" name=\"addsight-btn\" id=\"addsight-btn\" value=\"Neu Hinzuf\u00fcgen\" \/>\r\n<\/div>\r\n\r\n\r\n[\/vc_column_text][\/vc_column][vc_column width=&#8220;1\/2&#8243;][vc_column_text]<style type=\"text\/css\">\r\n\t#cb_s2_form {\r\n\t\tdisplay: block;\r\n\t\twidth: 100%;\r\n\t}\r\n\t#cb_s2_form .input-wrapper {\r\n\t\tdisplay: block;\r\n\t\tfloat: left;\r\n\t}\r\n\t#cb_s2_form .input-wrapper.w100 {\r\n\t\twidth: 100%;\r\n\t}\r\n\t#cb_s2_form .input-wrapper label,\r\n\t#cb_s2_form .input-wrapper:not(.cbox) input,\r\n\t#cb_s2_form .input-wrapper textarea {\r\n\t\twidth: 100%;\r\n\t\tfont-size: 14px;\r\n\t}\r\n\t#cb_s2_form .input-wrapper textarea {\r\n\t\theight: 100px;\r\n\t}\r\n\t#cb_s2_form .input-wrapper.w50 {\r\n\t\twidth: 50%;\r\n\t}\r\n\t#cb_s2_form .input-wrapper.w30 {\r\n\t\twidth: 30%;\r\n\t}\r\n\t#cb_s2_form .input-wrapper.w30.first {\r\n\t\twidth: 35%;\r\n\t\tmargin-right: 5%;\r\n\t}\r\n\t#cb_s2_form .input-wrapper.w50.first {\r\n\t\twidth: 48%;\r\n\t\tmargin-right: 2%;\r\n\t}\r\n\t#cb_s2_form .input-wrapper.social {\r\n\t\tfont-size: 14px;\r\n\t\tline-height: 14px;\r\n\t\tmargin-top: 10px;\r\n\t}\r\n\t#cb_s2_form .input-wrapper.recaptcha {\r\n\t\tmargin: 20px 0;\r\n\t}\r\n\t#cb_s2_form .input-wrapper.social .resp-sharing-button__icon svg {\r\n\t\twidth: 16px;\r\n\t\theight: 16px;\r\n\t\tmargin-right: 0;\r\n\t\tvertical-align: top\r\n\t}\r\n\t#cb_s2_form .input-wrapper.social .resp-sharing-button__link {\r\n\t\tmargin-bottom: 0;\r\n\t}\r\n\t#cb_s2_form #votesubmit {\r\n\t\theight: 47px;\r\n\t\tmargin-left: 0;\r\n\t}\r\n\t#cb_s2_form #votesubmit:disabled {\r\n\t\topacity: 0.5;\r\n\t}\r\n\t#cb_s2_form #votesubmit:disabled:hover {\r\n\t\tcursor: not-allowed;\r\n\t}\r\n\t#share-buttons img {\r\n\t    width: 35px;\r\n\t    padding: 2px;\r\n\t    border: 0;\r\n\t    box-shadow: 0;\r\n\t    display: inline;\r\n\t}\r\n\t#cb_response {\r\n\t\tdisplay: none;\r\n\t\tpadding: 15px;\r\n\t\tcolor: #fff;\r\n\t\tmargin-bottom: 20px;\r\n\t}\r\n\t#cb_response.error {\r\n\t\tborder: 2px solid #5f0000;\r\n\t\tbackground-color: darkred;\r\n\t}\r\n\t#cb_response.success {\r\n\t\tborder: 2px solid #003500;\r\n\t\tbackground-color: darkgreen;\r\n\t}\r\n<\/style>\r\n\r\n\r\n<div id=\"stage2-form-wrapper\">\r\n\t<div id=\"cb_response\"><\/div>\r\n\t<form id=\"cb_s2_form\" method=\"post\">\r\n        <input type=\"hidden\" name=\"stf2_city\" value=\"Neumarkt in der Oberpfalz\" \/>\r\n\r\n        <div class=\"input-wrapper w100\">\r\n\t\t\t<label for=\"stf2_dealers\">Bei welchen H\u00e4ndlern soll die Flasche unbedingt stehen?<\/label>\r\n\t\t\t<textarea name=\"stf2_dealers\" id=\"stf2_dealers\" placeholder=\"Namen, Websites der H\u00e4ndler\"><\/textarea>\r\n\t\t<\/div>\r\n\t\t<div class=\"input-wrapper w100\">\r\n\t\t\t<label for=\"stf2_fountains\">Kennst du Trinkbrunnen in Neumarkt in der Oberpfalz?<\/label>\r\n\t\t\t<textarea name=\"stf2_fountains\" id=\"stf2_fountains\" placeholder=\"Adressen der Trinkbrunnen\"><\/textarea>\r\n\t\t<\/div>\r\n\t\t<div class=\"input-wrapper w50 first\">\r\n\t\t\t<label for=\"stf2_name\" class=\"pflicht\">Name<\/label>\r\n\t\t\t<input type=\"text\" name=\"stf2_name\" id=\"stf1_name\" placeholder=\"Max Mustermann\">\r\n\t\t<\/div>\r\n\t    <div class=\"input-wrapper w50\">\r\n\t\t\t<label for=\"stf2_email\" class=\"pflicht\">E-Mail<\/label>\r\n\t\t\t<input type=\"text\" name=\"stf2_email\" id=\"stf2_email\" required=\"required\" placeholder=\"max@mustermann.de\">\r\n\t\t<\/div>\r\n\t    <div class=\"input-wrapper cbox w100\">\r\n\t\t\t<label class=\"pflicht\"><input type=\"checkbox\" name=\"stf2_privacy\" required=\"required\" value=\"1\"> Ich stimme den <a href=\"\/de\/service-informationen\/datenschutz\/\" target=\"_blank\">Datenschutzbestimmungen<\/a> zu<\/label>\r\n\t\t<\/div>\r\n\t    <div class=\"input-wrapper cbox w100\">\r\n\t    \t<label><input type=\"checkbox\" name=\"stf2_newsletter\" value=\"1\"> Ich m\u00f6chte einen <strong>Gutscheincode<\/strong> und weitere Mails zum <strong>Fortschritt meiner Stadt<\/strong> im Voting erhalten.<\/label>\r\n\t    <\/div>\r\n\r\n\t    <div class=\"input-wrapper w30 first\">\r\n            <button type=\"button\" id=\"votesubmit\" class=\"g-recaptcha vc_btn3 vc_btn3-size-md vc_btn3-shape-square vc_btn3-style-modern vc_btn3-color-grey\" data-sitekey=\"6LfMIL8UAAAAANXu7wxc7S-DxWbDe9x21Nq2Cowm\" data-callback=\"captchaSubmitS2\" data-badge=\"bottomright\" data-badge=\"inline\" disabled=\"disabled\">Abstimmen<\/button>\r\n        <\/div>\r\n\r\n\t\t\r\n\t\t<div class=\"input-wrapper social w50\">\r\n\t\t\tTeilen macht Freude: <br><div id=\"share-buttons\"><a href=\"http:\/\/www.facebook.com\/sharer.php?u=https:\/\/citybottles.com\/de\/wp-json\/wp\/v2\/pages\/28311\" target=\"_blank\"><img src=\"\/wp-content\/plugins\/bnv-cb360\/img\/facebook.png\" alt=\"Facebook\" \/><\/a><a href=\"https:\/\/twitter.com\/share?url=https:\/\/citybottles.com\/de\/wp-json\/wp\/v2\/pages\/28311&amp;text=Ich habe gerade abgestimmt \u2013 votet mit und vielleicht gibt's bald eine #citybottle f\u00fcr unsere Stadt!&amp;hashtags=citybottle\" target=\"_blank\"><img src=\"\/wp-content\/plugins\/bnv-cb360\/img\/twitter.png\" alt=\"Twitter\" \/><\/a><a href=\"whatsapp:\/\/send?text=Ich habe gerade abgestimmt \u2013 votet mit und vielleicht gibt's bald eine #citybottle f\u00fcr unsere Stadt!%20https:\/\/citybottles.com\/de\/wp-json\/wp\/v2\/pages\/28311\" target=\"_blank\"><img src=\"\/wp-content\/plugins\/bnv-cb360\/img\/whatsapp.png\" alt=\"WhatsApp\" \/><\/a><\/div>\r\n\t\t<\/div>\r\n\t<\/form>\r\n<\/div>\r\n\r\n<script>\r\n\tjQuery(window).load(function(){\r\n\t\tif (jQuery('#stf2_email').val() == \"\") {\r\n\t\t\tjQuery('#votesubmit').attr('disabled', true);\r\n\t\t}\r\n\t});\r\n<\/script>\r\n\r\n<script src=\"https:\/\/www.google.com\/recaptcha\/api.js?\" async defer><\/script>[\/vc_column_text][\/vc_column][\/vc_row]<\/p>\n","protected":false},"excerpt":{"rendered":"<p>[vc_row][vc_column][\/vc_column][\/vc_row][vc_row][vc_column width=&#8220;2\/3&#8243; css=&#8220;.vc_custom_1577095035421{padding-bottom: 0px !important;}&#8220;][vc_column_text css=&#8220;.vc_custom_1694159741933{padding-bottom: 0px !important;}&#8220;] Neumarkt: Stufe 2 Juhu, Neumarkt ist auf Stufe 2 aufgestiegen und damit als n\u00e4chstes dran! Ab jetzt k\u00f6nnt ihr abstimmen, welche Sehensw\u00fcrdigkeiten unbedingt auf die Flasche sollen. Au\u00dferdem wollen wir wissen, bei welchem H\u00e4ndler die neue citybottle unbedingt stehen soll! Du hast Geheimtipps zu Neumarkt? Auch die&hellip;<\/p>\n","protected":false},"author":15,"featured_media":0,"parent":12492,"menu_order":0,"comment_status":"closed","ping_status":"closed","template":"","meta":{"inline_featured_image":false,"footnotes":""},"tags":[],"yoast_head":"<!-- This site is optimized with the Yoast SEO plugin v22.5 - https:\/\/yoast.com\/wordpress\/plugins\/seo\/ -->\n<title>Neumarkt: Stufe 2 &#8226; citybottles<\/title>\n<meta name=\"robots\" content=\"index, follow, max-snippet:-1, max-image-preview:large, max-video-preview:-1\" \/>\n<link rel=\"canonical\" href=\"https:\/\/citybottles.com\/de\/vote\/neumarkt-stufe-2\/\" \/>\n<meta property=\"og:locale\" content=\"de_DE\" \/>\n<meta property=\"og:type\" content=\"article\" \/>\n<meta property=\"og:title\" content=\"Neumarkt: Stufe 2 &#8226; citybottles\" \/>\n<meta property=\"og:description\" content=\"[vc_row][vc_column][\/vc_column][\/vc_row][vc_row][vc_column width=&#8220;2\/3&#8243; css=&#8220;.vc_custom_1577095035421{padding-bottom: 0px !important;}&#8220;][vc_column_text css=&#8220;.vc_custom_1694159741933{padding-bottom: 0px !important;}&#8220;] Neumarkt: Stufe 2 Juhu, Neumarkt ist auf Stufe 2 aufgestiegen und damit als n\u00e4chstes dran! Ab jetzt k\u00f6nnt ihr abstimmen, welche Sehensw\u00fcrdigkeiten unbedingt auf die Flasche sollen. Au\u00dferdem wollen wir wissen, bei welchem H\u00e4ndler die neue citybottle unbedingt stehen soll! Du hast Geheimtipps zu Neumarkt? Auch die&hellip;\" \/>\n<meta property=\"og:url\" content=\"https:\/\/citybottles.com\/de\/vote\/neumarkt-stufe-2\/\" \/>\n<meta property=\"og:site_name\" content=\"citybottles\" \/>\n<meta property=\"article:modified_time\" content=\"2023-09-08T07:55:50+00:00\" \/>\n<meta name=\"twitter:card\" content=\"summary_large_image\" \/>\n<meta name=\"twitter:label1\" content=\"Gesch\u00e4tzte Lesezeit\" \/>\n\t<meta name=\"twitter:data1\" content=\"1\u00a0Minute\" \/>\n<script type=\"application\/ld+json\" class=\"yoast-schema-graph\">{\"@context\":\"https:\/\/schema.org\",\"@graph\":[{\"@type\":\"WebPage\",\"@id\":\"https:\/\/citybottles.com\/de\/vote\/neumarkt-stufe-2\/\",\"url\":\"https:\/\/citybottles.com\/de\/vote\/neumarkt-stufe-2\/\",\"name\":\"Neumarkt: Stufe 2 &#8226; citybottles\",\"isPartOf\":{\"@id\":\"https:\/\/citybottles.com\/en\/#website\"},\"datePublished\":\"2023-09-07T11:34:10+00:00\",\"dateModified\":\"2023-09-08T07:55:50+00:00\",\"breadcrumb\":{\"@id\":\"https:\/\/citybottles.com\/de\/vote\/neumarkt-stufe-2\/#breadcrumb\"},\"inLanguage\":\"de\",\"potentialAction\":[{\"@type\":\"ReadAction\",\"target\":[\"https:\/\/citybottles.com\/de\/vote\/neumarkt-stufe-2\/\"]}]},{\"@type\":\"BreadcrumbList\",\"@id\":\"https:\/\/citybottles.com\/de\/vote\/neumarkt-stufe-2\/#breadcrumb\",\"itemListElement\":[{\"@type\":\"ListItem\",\"position\":1,\"name\":\"Startseite\",\"item\":\"https:\/\/citybottles.com\/de\/\"},{\"@type\":\"ListItem\",\"position\":2,\"name\":\"St\u00e4dtevoting\",\"item\":\"https:\/\/citybottles.com\/de\/vote\/\"},{\"@type\":\"ListItem\",\"position\":3,\"name\":\"Neumarkt: Stufe 2\"}]},{\"@type\":\"WebSite\",\"@id\":\"https:\/\/citybottles.com\/en\/#website\",\"url\":\"https:\/\/citybottles.com\/en\/\",\"name\":\"citybottles\",\"description\":\"Deine St\u00e4dteflasche\",\"publisher\":{\"@id\":\"https:\/\/citybottles.com\/en\/#organization\"},\"potentialAction\":[{\"@type\":\"SearchAction\",\"target\":{\"@type\":\"EntryPoint\",\"urlTemplate\":\"https:\/\/citybottles.com\/en\/?s={search_term_string}\"},\"query-input\":\"required name=search_term_string\"}],\"inLanguage\":\"de\"},{\"@type\":\"Organization\",\"@id\":\"https:\/\/citybottles.com\/en\/#organization\",\"name\":\"citybottles\",\"url\":\"https:\/\/citybottles.com\/en\/\",\"logo\":{\"@type\":\"ImageObject\",\"inLanguage\":\"de\",\"@id\":\"https:\/\/citybottles.com\/en\/#\/schema\/logo\/image\/\",\"url\":\"https:\/\/citybottles.com\/wp-content\/uploads\/2019\/02\/cb-logo-final.svg\",\"contentUrl\":\"https:\/\/citybottles.com\/wp-content\/uploads\/2019\/02\/cb-logo-final.svg\",\"width\":1,\"height\":1,\"caption\":\"citybottles\"},\"image\":{\"@id\":\"https:\/\/citybottles.com\/en\/#\/schema\/logo\/image\/\"},\"sameAs\":[\"https:\/\/www.instagram.com\/citybottles\/\"]}]}<\/script>\n<!-- \/ Yoast SEO plugin. -->","yoast_head_json":{"title":"Neumarkt: Stufe 2 &#8226; citybottles","robots":{"index":"index","follow":"follow","max-snippet":"max-snippet:-1","max-image-preview":"max-image-preview:large","max-video-preview":"max-video-preview:-1"},"canonical":"https:\/\/citybottles.com\/de\/vote\/neumarkt-stufe-2\/","og_locale":"de_DE","og_type":"article","og_title":"Neumarkt: Stufe 2 &#8226; citybottles","og_description":"[vc_row][vc_column][\/vc_column][\/vc_row][vc_row][vc_column width=&#8220;2\/3&#8243; css=&#8220;.vc_custom_1577095035421{padding-bottom: 0px !important;}&#8220;][vc_column_text css=&#8220;.vc_custom_1694159741933{padding-bottom: 0px !important;}&#8220;] Neumarkt: Stufe 2 Juhu, Neumarkt ist auf Stufe 2 aufgestiegen und damit als n\u00e4chstes dran! Ab jetzt k\u00f6nnt ihr abstimmen, welche Sehensw\u00fcrdigkeiten unbedingt auf die Flasche sollen. Au\u00dferdem wollen wir wissen, bei welchem H\u00e4ndler die neue citybottle unbedingt stehen soll! Du hast Geheimtipps zu Neumarkt? Auch die&hellip;","og_url":"https:\/\/citybottles.com\/de\/vote\/neumarkt-stufe-2\/","og_site_name":"citybottles","article_modified_time":"2023-09-08T07:55:50+00:00","twitter_card":"summary_large_image","twitter_misc":{"Gesch\u00e4tzte Lesezeit":"1\u00a0Minute"},"schema":{"@context":"https:\/\/schema.org","@graph":[{"@type":"WebPage","@id":"https:\/\/citybottles.com\/de\/vote\/neumarkt-stufe-2\/","url":"https:\/\/citybottles.com\/de\/vote\/neumarkt-stufe-2\/","name":"Neumarkt: Stufe 2 &#8226; citybottles","isPartOf":{"@id":"https:\/\/citybottles.com\/en\/#website"},"datePublished":"2023-09-07T11:34:10+00:00","dateModified":"2023-09-08T07:55:50+00:00","breadcrumb":{"@id":"https:\/\/citybottles.com\/de\/vote\/neumarkt-stufe-2\/#breadcrumb"},"inLanguage":"de","potentialAction":[{"@type":"ReadAction","target":["https:\/\/citybottles.com\/de\/vote\/neumarkt-stufe-2\/"]}]},{"@type":"BreadcrumbList","@id":"https:\/\/citybottles.com\/de\/vote\/neumarkt-stufe-2\/#breadcrumb","itemListElement":[{"@type":"ListItem","position":1,"name":"Startseite","item":"https:\/\/citybottles.com\/de\/"},{"@type":"ListItem","position":2,"name":"St\u00e4dtevoting","item":"https:\/\/citybottles.com\/de\/vote\/"},{"@type":"ListItem","position":3,"name":"Neumarkt: Stufe 2"}]},{"@type":"WebSite","@id":"https:\/\/citybottles.com\/en\/#website","url":"https:\/\/citybottles.com\/en\/","name":"citybottles","description":"Deine St\u00e4dteflasche","publisher":{"@id":"https:\/\/citybottles.com\/en\/#organization"},"potentialAction":[{"@type":"SearchAction","target":{"@type":"EntryPoint","urlTemplate":"https:\/\/citybottles.com\/en\/?s={search_term_string}"},"query-input":"required name=search_term_string"}],"inLanguage":"de"},{"@type":"Organization","@id":"https:\/\/citybottles.com\/en\/#organization","name":"citybottles","url":"https:\/\/citybottles.com\/en\/","logo":{"@type":"ImageObject","inLanguage":"de","@id":"https:\/\/citybottles.com\/en\/#\/schema\/logo\/image\/","url":"https:\/\/citybottles.com\/wp-content\/uploads\/2019\/02\/cb-logo-final.svg","contentUrl":"https:\/\/citybottles.com\/wp-content\/uploads\/2019\/02\/cb-logo-final.svg","width":1,"height":1,"caption":"citybottles"},"image":{"@id":"https:\/\/citybottles.com\/en\/#\/schema\/logo\/image\/"},"sameAs":["https:\/\/www.instagram.com\/citybottles\/"]}]}},"_links":{"self":[{"href":"https:\/\/citybottles.com\/de\/wp-json\/wp\/v2\/pages\/28311"}],"collection":[{"href":"https:\/\/citybottles.com\/de\/wp-json\/wp\/v2\/pages"}],"about":[{"href":"https:\/\/citybottles.com\/de\/wp-json\/wp\/v2\/types\/page"}],"author":[{"embeddable":true,"href":"https:\/\/citybottles.com\/de\/wp-json\/wp\/v2\/users\/15"}],"replies":[{"embeddable":true,"href":"https:\/\/citybottles.com\/de\/wp-json\/wp\/v2\/comments?post=28311"}],"version-history":[{"count":4,"href":"https:\/\/citybottles.com\/de\/wp-json\/wp\/v2\/pages\/28311\/revisions"}],"predecessor-version":[{"id":28316,"href":"https:\/\/citybottles.com\/de\/wp-json\/wp\/v2\/pages\/28311\/revisions\/28316"}],"up":[{"embeddable":true,"href":"https:\/\/citybottles.com\/de\/wp-json\/wp\/v2\/pages\/12492"}],"wp:attachment":[{"href":"https:\/\/citybottles.com\/de\/wp-json\/wp\/v2\/media?parent=28311"}],"wp:term":[{"taxonomy":"post_tag","embeddable":true,"href":"https:\/\/citybottles.com\/de\/wp-json\/wp\/v2\/tags?post=28311"}],"curies":[{"name":"wp","href":"https:\/\/api.w.org\/{rel}","templated":true}]}}