{"id":8328,"date":"2019-06-21T16:19:39","date_gmt":"2019-06-21T14:19:39","guid":{"rendered":"https:\/\/citybottles.com\/?page_id=8328"},"modified":"2023-05-17T15:27:49","modified_gmt":"2023-05-17T13:27:49","slug":"die-flasche","status":"publish","type":"page","link":"https:\/\/citybottles.com\/de\/die-flasche\/","title":{"rendered":"Die Flasche"},"content":{"rendered":"<p>[vc_row full_width=&#8220;stretch_row&#8220; full_height=&#8220;yes&#8220; columns_placement=&#8220;stretch&#8220; equal_height=&#8220;yes&#8220; content_placement=&#8220;middle&#8220; el_class=&#8220;section-hero&#8211;full-height&#8220; css=&#8220;.vc_custom_1562860226389{padding-right: 0px !important;padding-left: 0px !important;}&#8220;][vc_column width=&#8220;2\/3&#8243; css=&#8220;.vc_custom_1562852169638{padding-left: 50px !important;background-color: #282828 !important;}&#8220; offset=&#8220;vc_col-lg-6&#8243; el_class=&#8220;space-bottom&#8211;none item-two&#8220;]<style type=\"text\/css\" data-type=\"the7_shortcodes-inline-css\">.dt-breadcrumbs-id-c2fff5908c0fe21423b303c45c5b0319 .breadcrumbs {\n  display: inline-block;\n  margin: 0;\n  padding: 20px 10px 2px 10px;\n  border: 0px solid ;\n  border-radius: 0px;\n}\n.dt-breadcrumbs-id-c2fff5908c0fe21423b303c45c5b0319 .breadcrumbs * {\n  color: #a2a5a6;\n}\n<\/style><div class=\"dt-breadcrumbs-shortcode dt-breadcrumbs-id-c2fff5908c0fe21423b303c45c5b0319 align-left\"><div class=\"assistive-text\">Sie befinden sich hier:<\/div><ol class=\"breadcrumbs text-small\" itemscope itemtype=\"https:\/\/schema.org\/BreadcrumbList\"><li itemprop=\"itemListElement\" itemscope itemtype=\"https:\/\/schema.org\/ListItem\"><a itemprop=\"item\" href=\"https:\/\/citybottles.com\/de\/\" title=\"Start\"><span itemprop=\"name\">Start<\/span><\/a><meta itemprop=\"position\" content=\"1\" \/><\/li><li class=\"current\" itemprop=\"itemListElement\" itemscope itemtype=\"https:\/\/schema.org\/ListItem\"><span itemprop=\"name\">Seite<\/span><meta itemprop=\"position\" content=\"2\" \/><\/li><\/ol><\/div>[vc_row_inner equal_height=&#8220;yes&#8220; content_placement=&#8220;middle&#8220; el_class=&#8220;content&#8211;center&#8220;][vc_column_inner el_class=&#8220;hero&#8211;text&#8220; width=&#8220;3\/4&#8243;][vc_column_text el_class=&#8220;text&#8211;white&#8220;]<\/p>\n<h1 class=\"text--white\">Dein<br \/>\nneuer<br \/>\nBegleiter<\/h1>\n<p class=\"text--big\">Deine Flasche f\u00fcr den Alltag: Frei von Giftstoffen, leicht und dennoch robust, filigran, wundersch\u00f6n und extrem smart. Klingt wie eine Zeitungsannonce. Ist aber die Wahrheit.<\/p>\n<p>[\/vc_column_text][vc_btn title=&#8220;Jetzt bestellen!&#8220; shape=&#8220;square&#8220; align=&#8220;left&#8220; link=&#8220;url:https%3A%2F%2Flaserbottles.de%2Fcollections%2Fall%3Fsort_by%3Dbest-selling%26filter.p.vendor%3Dcitybottles|title:citybottles%20Shop|target:_blank&#8220; el_class=&#8220;ghost white&#8220;][\/vc_column_inner][\/vc_row_inner][\/vc_column][vc_column width=&#8220;1\/3&#8243; css=&#8220;.vc_custom_1562852164026{padding-bottom: 100vh !important;background-image: url(https:\/\/citybottles.com\/wp-content\/uploads\/2019\/06\/cb-mood-frau-auf-bruecke2@x2.jpg?id=8333) !important;background-position: center !important;background-repeat: no-repeat !important;background-size: cover !important;}&#8220; offset=&#8220;vc_col-lg-6&#8243; el_class=&#8220;space-bottom&#8211;none item-one&#8220;][\/vc_column][\/vc_row][vc_row el_class=&#8220;section&#8211;padding-top&#8220;][vc_column][vc_column_text]<\/p>\n<h3 style=\"text-align: center;\" class=\"head--highlight\">Smart. Praktisch. Neu.<\/h3>\n<p>[\/vc_column_text][vc_row_inner rtl_reverse=&#8220;yes&#8220; content_placement=&#8220;middle&#8220; el_class=&#8220;margin-bottom&#8211;small&#8220;][vc_column_inner el_class=&#8220;item-two&#8220; width=&#8220;1\/2&#8243;][vc_column_text el_class=&#8220;text-align&#8211;right text-align&#8211;mb_center&#8220;]<\/p>\n<h3>Fein gelasert<\/h3>\n<p>Normale Drucke sind nicht f\u00fcr die Ewigkeit gemacht \u2013 deshalb lasern wir. Die feinen 360\u00b0-Linien deiner Lieblingsskyline sollen dich schlie\u00dflich noch lange begleiten. Denn echte Liebe verblasst nicht. Und die Skyline deiner citybottle ebenso wenig.[\/vc_column_text][\/vc_column_inner][vc_column_inner el_class=&#8220;item-one&#8220; width=&#8220;1\/2&#8243;][vc_single_image image=&#8220;10808&#8243; img_size=&#8220;full&#8220; alignment=&#8220;right&#8220; lazy_loading=&#8220;true&#8220;][\/vc_column_inner][\/vc_row_inner][vc_row_inner content_placement=&#8220;middle&#8220; el_class=&#8220;margin-bottom&#8211;small&#8220;][vc_column_inner width=&#8220;1\/2&#8243;][vc_single_image image=&#8220;10804&#8243; img_size=&#8220;full&#8220; alignment=&#8220;right&#8220; lazy_loading=&#8220;true&#8220;][\/vc_column_inner][vc_column_inner width=&#8220;1\/2&#8243;][vc_column_text el_class=&#8220;text-align&#8211;mb_center&#8220;]<\/p>\n<h3>Hart wie Stahl \u2013 nur leichter.<\/h3>\n<p>Sicher, Glas ist auch sch\u00f6n. Doch so zerbrechlich. Aus 100 % Edelstahl gefertigt, ist deine citybottle unglaublich hart im Nehmen und zugleich extrem leicht. Unsere citybottle hat auch nach langer Nutzung noch keine Ecken und Kanten \u2013 daf\u00fcr ist sie einfach zu robust.[\/vc_column_text][\/vc_column_inner][\/vc_row_inner][vc_row_inner rtl_reverse=&#8220;yes&#8220; content_placement=&#8220;middle&#8220; el_class=&#8220;margin-bottom&#8211;small&#8220;][vc_column_inner el_class=&#8220;item-two&#8220; width=&#8220;1\/2&#8243;][vc_column_text el_class=&#8220;text-align&#8211;right text-align&#8211;mb_center&#8220;]<\/p>\n<h3>Stabile Sache<\/h3>\n<p>Nachhaltigkeit bedeutet f\u00fcr uns auch, dass du unser Produkt lange und gerne benutzt. Daher die Frage: Kann sich deine citybottle auch nach zahlreichen St\u00e4dtetrips noch sehen lassen? Antwort: Sie kann! Die kratzfeste Pulverbeschichtung sorgt daf\u00fcr, dass die filigrane Gravur deiner Stadt auch nach vielen Jahren noch gut sichtbar ist.[\/vc_column_text][\/vc_column_inner][vc_column_inner el_class=&#8220;item-one&#8220; width=&#8220;1\/2&#8243;][vc_single_image image=&#8220;10846&#8243; img_size=&#8220;full&#8220; alignment=&#8220;right&#8220; lazy_loading=&#8220;true&#8220;][\/vc_column_inner][\/vc_row_inner][vc_row_inner content_placement=&#8220;middle&#8220;][vc_column_inner width=&#8220;1\/2&#8243;][vc_single_image image=&#8220;10806&#8243; img_size=&#8220;full&#8220; alignment=&#8220;right&#8220; lazy_loading=&#8220;true&#8220;][\/vc_column_inner][vc_column_inner width=&#8220;1\/2&#8243;][vc_column_text el_class=&#8220;text-align&#8211;mb_center&#8220;]<\/p>\n<h3>Nat\u00fcrlich gedeckelt<\/h3>\n<p>Ein bisschen Natur on top, denn: Bambus liegt im Trend. Und das nicht zu Unrecht! Als schnell nachwachsender Rohstoff ist Bambus nicht nur sch\u00f6n anzusehen, sondern auch ethisch vertretbar. Mit anderen Worten: citybottle-tauglich.[\/vc_column_text][\/vc_column_inner][\/vc_row_inner][\/vc_column][\/vc_row][vc_row full_width=&#8220;stretch_row_content&#8220; equal_height=&#8220;yes&#8220; css=&#8220;.vc_custom_1567005889958{background-color: #d09da4 !important;}&#8220; el_class=&#8220;parallax-section&#8220; el_id=&#8220;parallax-bg&#8220;][vc_column el_class=&#8220;space-bottom&#8211;none&#8220;][vc_row_inner equal_height=&#8220;yes&#8220; rtl_reverse=&#8220;yes&#8220; el_class=&#8220;parallax-section left&#8220; css=&#8220;.vc_custom_1567005721708{background-image: url(https:\/\/citybottles.com\/wp-content\/uploads\/2019\/08\/para-trend-img.jpg?id=10770) !important;}&#8220;][vc_column_inner el_class=&#8220;float&#8211;right parallax-section&#8211;text&#8220; width=&#8220;1\/2&#8243; offset=&#8220;vc_col-lg-4 vc_col-md-6&#8243; css=&#8220;.vc_custom_1567006501220{background-color: #d09da4 !important;}&#8220;][vc_column_text el_class=&#8220;text&#8211;white text-align&#8211;right text-align&#8211;mb_center&#8220; css=&#8220;.vc_custom_1596556978604{padding-right: 0px !important;}&#8220;]<\/p>\n<h3 class=\"text--white\">Dein Statement<\/h3>\n<p>Wie w\u00e4r&#8217;s mit einer Abmachung? Wir helfen dir, deine Lieblingsstadt zu entdecken und zeigen dir, wo du deine Flasche kostenlos nachf\u00fcllen kannst. Im Gegenzug hilfst du uns dabei, die Umwelt zu schonen \u2013 und zeigst dem Rest der Welt, f\u00fcr welche Stadt dein Herz schl\u00e4gt.[\/vc_column_text][vc_btn title=&#8220;So funktioniert der Stadtf\u00fchrer 2.0&#8243; shape=&#8220;square&#8220; align=&#8220;right&#8220; link=&#8220;url:%2Fde%2Fdie-staedte|||&#8220; el_class=&#8220;ghost white&#8220;][\/vc_column_inner][vc_column_inner el_class=&#8220;parallax-section&#8211;img&#8220; width=&#8220;1\/2&#8243;][vc_single_image image=&#8220;10822&#8243; img_size=&#8220;full&#8220; alignment=&#8220;center&#8220; image_hovers=&#8220;false&#8220; el_class=&#8220;margin-bottom&#8211;none&#8220;][\/vc_column_inner][\/vc_row_inner][\/vc_column][\/vc_row][vc_row full_width=&#8220;stretch_row_content_no_spaces&#8220; el_class=&#8220;section&#8211;padding-top&#8220;][vc_column][vc_row_inner content_placement=&#8220;middle&#8220; el_class=&#8220;margin-bottom&#8211;small&#8220;][vc_column_inner width=&#8220;1\/2&#8243;][vc_single_image image=&#8220;10796&#8243; img_size=&#8220;full&#8220; lazy_loading=&#8220;true&#8220;][\/vc_column_inner][vc_column_inner el_class=&#8220;margin-left&#8211;none&#8220; width=&#8220;1\/2&#8243; offset=&#8220;vc_col-lg-3 vc_col-md-4&#8243;][vc_column_text el_class=&#8220;text-align&#8211;mb_center&#8220;]<\/p>\n<h3>Au\u00dfenwirkung<\/h3>\n<p>Robust und wundersch\u00f6n: Deine citybottle f\u00fchrt dich nicht nur durch die Stadt, sie liegt auch unglaublich gut in der Hand und setzt gekonnt ein Statement f\u00fcr deine Cityliebe. Die Kombination aus Bambusdeckel und schicker schwarzer Pulverbeschichtung nennen wir gerne \u201eurbanen Schick\u201c. Wir hoffen, du stehst drauf.[\/vc_column_text][\/vc_column_inner][\/vc_row_inner][vc_row_inner rtl_reverse=&#8220;yes&#8220; content_placement=&#8220;middle&#8220; el_class=&#8220;margin-bottom&#8211;small&#8220;][vc_column_inner el_class=&#8220;item-two margin-right&#8211;none&#8220; width=&#8220;1\/2&#8243; offset=&#8220;vc_col-lg-3 vc_col-md-4&#8243;][vc_column_text el_class=&#8220;text-align&#8211;mb_center text-align&#8211;right&#8220;]<\/p>\n<h3>Innenwirkung<\/h3>\n<p>Vitalit\u00e4t aus Plastikflaschen \u2013 das passt irgendwie nicht. Deshalb ist unsere citybottle zu 100 % aus lebensmittelechtem Edelstahl gefertigt, beinhaltet keine Schadstoffe und ist BPA-frei. Damit du reines Wasser und keine ungewollten Zusatzstoffe zu dir nimmst.[\/vc_column_text][\/vc_column_inner][vc_column_inner el_class=&#8220;item-one&#8220; width=&#8220;1\/2&#8243;][vc_single_image image=&#8220;10234&#8243; img_size=&#8220;full&#8220; lazy_loading=&#8220;true&#8220;][\/vc_column_inner][\/vc_row_inner][vc_row_inner content_placement=&#8220;middle&#8220; el_class=&#8220;margin-bottom&#8211;small&#8220;][vc_column_inner width=&#8220;1\/2&#8243;][vc_single_image image=&#8220;10802&#8243; img_size=&#8220;full&#8220; lazy_loading=&#8220;true&#8220;][\/vc_column_inner][vc_column_inner el_class=&#8220;margin-left&#8211;none&#8220; width=&#8220;1\/2&#8243; offset=&#8220;vc_col-lg-3 vc_col-md-4&#8243;][vc_column_text el_class=&#8220;text-align&#8211;mb_center&#8220;]<\/p>\n<h3>Im Gro\u00dfen<\/h3>\n<p><span>Wir lieben den Gedanken, dass jeder Einzelne von uns etwas zum Umweltschutz beitragen kann. Alleine durch die Nutzung deiner citybottle k\u00f6nnen j\u00e4hrlich bis zu 200 Einweg-Plastikflaschen weniger verbraucht werden. Das freut nicht nur uns, sondern auch die Meeresbewohner.<\/span>[\/vc_column_text][\/vc_column_inner][\/vc_row_inner][vc_row_inner rtl_reverse=&#8220;yes&#8220; content_placement=&#8220;middle&#8220;][vc_column_inner el_class=&#8220;item-two margin-right&#8211;none&#8220; width=&#8220;1\/2&#8243; offset=&#8220;vc_col-lg-3 vc_col-md-4&#8243;][vc_column_text el_class=&#8220;text-align&#8211;mb_center text-align&#8211;right&#8220;]<\/p>\n<h3>Im Kleinen<\/h3>\n<p>Wohin wird es dich als N\u00e4chstes ziehen? Welche Stadt gilt es noch zu entdecken und welchen Ort kennst du bereits in- und auswendig? Ist es die gute alte Heimat, oder eher die weit entfernte Megacity? Egal welche Stadt dein Herz erobert, du kannst diese Liebe ab sofort \u00fcberall hin mitnehmen.[\/vc_column_text][\/vc_column_inner][vc_column_inner el_class=&#8220;item-one&#8220; width=&#8220;1\/2&#8243;][vc_single_image image=&#8220;10238&#8243; img_size=&#8220;full&#8220; lazy_loading=&#8220;true&#8220;][\/vc_column_inner][\/vc_row_inner][\/vc_column][vc_column][vc_row_inner][vc_column_inner el_class=&#8220;content&#8211;center&#8220; width=&#8220;1\/2&#8243;][vc_btn title=&#8220;Jetzt bestellen&#8220; shape=&#8220;square&#8220; align=&#8220;center&#8220; link=&#8220;url:https%3A%2F%2Flaserbottles.de%2Fcollections%2Fall%3Fsort_by%3Dbest-selling%26filter.p.vendor%3Dcitybottles|target:_blank&#8220;][\/vc_column_inner][\/vc_row_inner][\/vc_column][\/vc_row][vc_row full_width=&#8220;stretch_row&#8220; el_class=&#8220;section&#8211;padding-top&#8220; css=&#8220;.vc_custom_1562848008645{background-color: #efefef !important;}&#8220;][vc_column][vc_column_text el_class=&#8220;head&#8211;highlight&#8220;]<\/p>\n<h3 style=\"text-align: center;\" class=\"head--highlight\">Harte Fakten<\/h3>\n<p>[\/vc_column_text][vc_row_inner][vc_column_inner el_class=&#8220;facts-list&#8220; width=&#8220;1\/6&#8243;][\/vc_column_inner][vc_column_inner el_class=&#8220;facts-list&#8220; width=&#8220;2\/6&#8243;][vc_column_text]<\/p>\n<h4>Material<\/h4>\n<ul>\n<li>18\/8 rostfreier Edelstahl<\/li>\n<li>Bambus<\/li>\n<li>robuste Pulverbeschichtung<\/li>\n<\/ul>\n<h4>Eigenschaften<\/h4>\n<ul>\n<li>einwandig<\/li>\n<li>Edelstahl-Schraubverschluss mit Henkel<\/li>\n<li>hochwertige 360\u00b0-Laserung<\/li>\n<li>Bambusverschluss<\/li>\n<li>BPA-frei<\/li>\n<li>Silikondichtring<\/li>\n<\/ul>\n<p>[\/vc_column_text][\/vc_column_inner][vc_column_inner el_class=&#8220;facts-list&#8220; width=&#8220;2\/6&#8243;][vc_column_text]<\/p>\n<h4>Gr\u00f6\u00dfe<\/h4>\n<ul>\n<li>7 cm x 25 cm<\/li>\n<\/ul>\n<h4>Gewicht<\/h4>\n<ul>\n<li>190 g<\/li>\n<\/ul>\n<h4>F\u00fcllmenge<\/h4>\n<ul>\n<li>750 ml<\/li>\n<\/ul>\n<p>[\/vc_column_text][\/vc_column_inner][vc_column_inner width=&#8220;1\/6&#8243;][\/vc_column_inner][\/vc_row_inner][\/vc_column][\/vc_row][vc_row full_width=&#8220;stretch_row&#8220; el_class=&#8220;section&#8211;padding-top space-bottom&#8211;none&#8220;][vc_column el_class=&#8220;space-bottom&#8211;none&#8220;][vc_column_text]<\/p>\n<h2 style=\"text-align: center;\">Gebrauchs\u00adhinweise<\/h2>\n<p>[\/vc_column_text][\/vc_column][\/vc_row][vc_row][vc_column width=&#8220;1\/6&#8243;][\/vc_column][vc_column width=&#8220;2\/3&#8243;][vc_tta_tabs style=&#8220;flat&#8220; shape=&#8220;square&#8220; spacing=&#8220;5&#8243; active_section=&#8220;1&#8243; no_fill_content_area=&#8220;true&#8220; el_class=&#8220;tabs&#8220;][vc_tta_section title=&#8220;Reinigung&#8220; tab_id=&#8220;1562854175582-b3ae966b-f089&#8243;][vc_column_text]<\/p>\n<ul>\n<li>Flasche und Deckel per Hand sp\u00fclen. Bei starker Verschmutzung Reinigungsb\u00fcrste oder -perlen verwenden.<\/li>\n<li>Bei Geruchsr\u00fcckst\u00e4nden: Flasche mit warmem Seifenwasser aussp\u00fclen.<\/li>\n<li>Keine Bleich- oder Reinigungsmittel, die Chlor-, Scheuer- oder L\u00f6sungsmittel enthalten, verwenden.<\/li>\n<\/ul>\n<p>[\/vc_column_text][\/vc_tta_section][vc_tta_section title=&#8220;Verwendung&#8220; tab_id=&#8220;1562854175611-0ab75266-b9b9&#8243;][vc_column_text]<\/p>\n<ul>\n<li>Bei Lagerung Deckel entfernen, damit Flasche vollst\u00e4ndig trocknen kann.<\/li>\n<li>Starke St\u00f6\u00dfe, z. B. durch Fallen der Flasche, k\u00f6nnen Dellen verursachen.<\/li>\n<li>Sicherstellen, dass Verschluss korrekt sitzt. Schr\u00e4ges Zuschrauben kann diesen besch\u00e4digen.<\/li>\n<li>Flasche nicht \u00fcberf\u00fcllen. Maximal bis kurz unter das Innengewinde f\u00fcllen.<\/li>\n<li>Nicht in der Mikrowelle, im Ofen oder Gefrierfach verwenden und nicht mit Feuer erhitzen.<\/li>\n<li>Verschluss hat keine vorgegebene Endposition. Etwas Druck zum Verschlie\u00dfen notwendig, damit Silikonring gut abdichtet.<\/li>\n<\/ul>\n<p>[\/vc_column_text][\/vc_tta_section][vc_tta_section title=&#8220;Fl\u00fcssigkeiten\/Inhalte&#8220; tab_id=&#8220;1562854215373-10668d3a-85d4&#8243;][vc_column_text]<\/p>\n<ul>\n<li>Kein Trockeneis oder kohlens\u00e4urehaltige Fl\u00fcssigkeiten einf\u00fcllen. Durch Druck kann Verschluss abspringen oder undicht werden.<\/li>\n<li>Nicht f\u00fcr Milchprodukte oder g\u00e4rende Fl\u00fcssigkeiten geeignet.<\/li>\n<li>Keine hei\u00dfen Fl\u00fcssigkeiten einf\u00fcllen, Material erhitzt sich.<\/li>\n<\/ul>\n<p>[\/vc_column_text][\/vc_tta_section][\/vc_tta_tabs][\/vc_column][vc_column width=&#8220;1\/6&#8243;][\/vc_column][\/vc_row]<\/p>\n","protected":false},"excerpt":{"rendered":"<p>[vc_row full_width=&#8220;stretch_row&#8220; full_height=&#8220;yes&#8220; columns_placement=&#8220;stretch&#8220; equal_height=&#8220;yes&#8220; content_placement=&#8220;middle&#8220; el_class=&#8220;section-hero&#8211;full-height&#8220; css=&#8220;.vc_custom_1562860226389{padding-right: 0px !important;padding-left: 0px !important;}&#8220;][vc_column width=&#8220;2\/3&#8243; css=&#8220;.vc_custom_1562852169638{padding-left: 50px !important;background-color: #282828 !important;}&#8220; offset=&#8220;vc_col-lg-6&#8243; el_class=&#8220;space-bottom&#8211;none item-two&#8220;][vc_row_inner equal_height=&#8220;yes&#8220; content_placement=&#8220;middle&#8220; el_class=&#8220;content&#8211;center&#8220;][vc_column_inner el_class=&#8220;hero&#8211;text&#8220; width=&#8220;3\/4&#8243;][vc_column_text el_class=&#8220;text&#8211;white&#8220;] Dein neuer Begleiter Deine Flasche f\u00fcr den Alltag: Frei von Giftstoffen, leicht und dennoch robust, filigran, wundersch\u00f6n und extrem smart. Klingt wie eine Zeitungsannonce. Ist aber die Wahrheit.&hellip;<\/p>\n","protected":false},"author":8,"featured_media":0,"parent":0,"menu_order":30,"comment_status":"closed","ping_status":"closed","template":"","meta":{"inline_featured_image":false,"footnotes":""},"tags":[],"yoast_head":"<!-- This site is optimized with the Yoast SEO plugin v22.5 - https:\/\/yoast.com\/wordpress\/plugins\/seo\/ -->\n<title>750 ml Flasche aus Edelstahl mit deiner Skyline &#8226; citybottles<\/title>\n<meta name=\"description\" content=\"Diese Edelstahlflasche wird dich beeindrucken. Lies mehr \u00fcber die hochwertige schwarze Pulverbeschichtung und die 360\u00b0-Laserung deiner Lieblingsstadt!\" \/>\n<meta name=\"robots\" content=\"index, follow, max-snippet:-1, max-image-preview:large, max-video-preview:-1\" \/>\n<link rel=\"canonical\" href=\"https:\/\/citybottles.com\/de\/die-flasche\/\" \/>\n<meta property=\"og:locale\" content=\"de_DE\" \/>\n<meta property=\"og:type\" content=\"article\" \/>\n<meta property=\"og:title\" content=\"750 ml Flasche aus Edelstahl mit deiner Skyline &#8226; citybottles\" \/>\n<meta property=\"og:description\" content=\"Diese Edelstahlflasche wird dich beeindrucken. Lies mehr \u00fcber die hochwertige schwarze Pulverbeschichtung und die 360\u00b0-Laserung deiner Lieblingsstadt!\" \/>\n<meta property=\"og:url\" content=\"https:\/\/citybottles.com\/de\/die-flasche\/\" \/>\n<meta property=\"og:site_name\" content=\"citybottles\" \/>\n<meta property=\"article:modified_time\" content=\"2023-05-17T13:27:49+00:00\" \/>\n<meta name=\"twitter:card\" content=\"summary_large_image\" \/>\n<meta name=\"twitter:label1\" content=\"Gesch\u00e4tzte Lesezeit\" \/>\n\t<meta name=\"twitter:data1\" content=\"5\u00a0Minuten\" \/>\n<script type=\"application\/ld+json\" class=\"yoast-schema-graph\">{\"@context\":\"https:\/\/schema.org\",\"@graph\":[{\"@type\":\"WebPage\",\"@id\":\"https:\/\/citybottles.com\/de\/die-flasche\/\",\"url\":\"https:\/\/citybottles.com\/de\/die-flasche\/\",\"name\":\"750 ml Flasche aus Edelstahl mit deiner Skyline &#8226; citybottles\",\"isPartOf\":{\"@id\":\"https:\/\/citybottles.com\/en\/#website\"},\"datePublished\":\"2019-06-21T14:19:39+00:00\",\"dateModified\":\"2023-05-17T13:27:49+00:00\",\"description\":\"Diese Edelstahlflasche wird dich beeindrucken. Lies mehr \u00fcber die hochwertige schwarze Pulverbeschichtung und die 360\u00b0-Laserung deiner Lieblingsstadt!\",\"breadcrumb\":{\"@id\":\"https:\/\/citybottles.com\/de\/die-flasche\/#breadcrumb\"},\"inLanguage\":\"de\",\"potentialAction\":[{\"@type\":\"ReadAction\",\"target\":[\"https:\/\/citybottles.com\/de\/die-flasche\/\"]}]},{\"@type\":\"BreadcrumbList\",\"@id\":\"https:\/\/citybottles.com\/de\/die-flasche\/#breadcrumb\",\"itemListElement\":[{\"@type\":\"ListItem\",\"position\":1,\"name\":\"Startseite\",\"item\":\"https:\/\/citybottles.com\/de\/\"},{\"@type\":\"ListItem\",\"position\":2,\"name\":\"Die Flasche\"}]},{\"@type\":\"WebSite\",\"@id\":\"https:\/\/citybottles.com\/en\/#website\",\"url\":\"https:\/\/citybottles.com\/en\/\",\"name\":\"citybottles\",\"description\":\"Deine St\u00e4dteflasche\",\"publisher\":{\"@id\":\"https:\/\/citybottles.com\/en\/#organization\"},\"potentialAction\":[{\"@type\":\"SearchAction\",\"target\":{\"@type\":\"EntryPoint\",\"urlTemplate\":\"https:\/\/citybottles.com\/en\/?s={search_term_string}\"},\"query-input\":\"required name=search_term_string\"}],\"inLanguage\":\"de\"},{\"@type\":\"Organization\",\"@id\":\"https:\/\/citybottles.com\/en\/#organization\",\"name\":\"citybottles\",\"url\":\"https:\/\/citybottles.com\/en\/\",\"logo\":{\"@type\":\"ImageObject\",\"inLanguage\":\"de\",\"@id\":\"https:\/\/citybottles.com\/en\/#\/schema\/logo\/image\/\",\"url\":\"https:\/\/citybottles.com\/wp-content\/uploads\/2019\/02\/cb-logo-final.svg\",\"contentUrl\":\"https:\/\/citybottles.com\/wp-content\/uploads\/2019\/02\/cb-logo-final.svg\",\"width\":1,\"height\":1,\"caption\":\"citybottles\"},\"image\":{\"@id\":\"https:\/\/citybottles.com\/en\/#\/schema\/logo\/image\/\"},\"sameAs\":[\"https:\/\/www.instagram.com\/citybottles\/\"]}]}<\/script>\n<!-- \/ Yoast SEO plugin. -->","yoast_head_json":{"title":"750 ml Flasche aus Edelstahl mit deiner Skyline &#8226; citybottles","description":"Diese Edelstahlflasche wird dich beeindrucken. Lies mehr \u00fcber die hochwertige schwarze Pulverbeschichtung und die 360\u00b0-Laserung deiner Lieblingsstadt!","robots":{"index":"index","follow":"follow","max-snippet":"max-snippet:-1","max-image-preview":"max-image-preview:large","max-video-preview":"max-video-preview:-1"},"canonical":"https:\/\/citybottles.com\/de\/die-flasche\/","og_locale":"de_DE","og_type":"article","og_title":"750 ml Flasche aus Edelstahl mit deiner Skyline &#8226; citybottles","og_description":"Diese Edelstahlflasche wird dich beeindrucken. Lies mehr \u00fcber die hochwertige schwarze Pulverbeschichtung und die 360\u00b0-Laserung deiner Lieblingsstadt!","og_url":"https:\/\/citybottles.com\/de\/die-flasche\/","og_site_name":"citybottles","article_modified_time":"2023-05-17T13:27:49+00:00","twitter_card":"summary_large_image","twitter_misc":{"Gesch\u00e4tzte Lesezeit":"5\u00a0Minuten"},"schema":{"@context":"https:\/\/schema.org","@graph":[{"@type":"WebPage","@id":"https:\/\/citybottles.com\/de\/die-flasche\/","url":"https:\/\/citybottles.com\/de\/die-flasche\/","name":"750 ml Flasche aus Edelstahl mit deiner Skyline &#8226; citybottles","isPartOf":{"@id":"https:\/\/citybottles.com\/en\/#website"},"datePublished":"2019-06-21T14:19:39+00:00","dateModified":"2023-05-17T13:27:49+00:00","description":"Diese Edelstahlflasche wird dich beeindrucken. Lies mehr \u00fcber die hochwertige schwarze Pulverbeschichtung und die 360\u00b0-Laserung deiner Lieblingsstadt!","breadcrumb":{"@id":"https:\/\/citybottles.com\/de\/die-flasche\/#breadcrumb"},"inLanguage":"de","potentialAction":[{"@type":"ReadAction","target":["https:\/\/citybottles.com\/de\/die-flasche\/"]}]},{"@type":"BreadcrumbList","@id":"https:\/\/citybottles.com\/de\/die-flasche\/#breadcrumb","itemListElement":[{"@type":"ListItem","position":1,"name":"Startseite","item":"https:\/\/citybottles.com\/de\/"},{"@type":"ListItem","position":2,"name":"Die Flasche"}]},{"@type":"WebSite","@id":"https:\/\/citybottles.com\/en\/#website","url":"https:\/\/citybottles.com\/en\/","name":"citybottles","description":"Deine St\u00e4dteflasche","publisher":{"@id":"https:\/\/citybottles.com\/en\/#organization"},"potentialAction":[{"@type":"SearchAction","target":{"@type":"EntryPoint","urlTemplate":"https:\/\/citybottles.com\/en\/?s={search_term_string}"},"query-input":"required name=search_term_string"}],"inLanguage":"de"},{"@type":"Organization","@id":"https:\/\/citybottles.com\/en\/#organization","name":"citybottles","url":"https:\/\/citybottles.com\/en\/","logo":{"@type":"ImageObject","inLanguage":"de","@id":"https:\/\/citybottles.com\/en\/#\/schema\/logo\/image\/","url":"https:\/\/citybottles.com\/wp-content\/uploads\/2019\/02\/cb-logo-final.svg","contentUrl":"https:\/\/citybottles.com\/wp-content\/uploads\/2019\/02\/cb-logo-final.svg","width":1,"height":1,"caption":"citybottles"},"image":{"@id":"https:\/\/citybottles.com\/en\/#\/schema\/logo\/image\/"},"sameAs":["https:\/\/www.instagram.com\/citybottles\/"]}]}},"_links":{"self":[{"href":"https:\/\/citybottles.com\/de\/wp-json\/wp\/v2\/pages\/8328"}],"collection":[{"href":"https:\/\/citybottles.com\/de\/wp-json\/wp\/v2\/pages"}],"about":[{"href":"https:\/\/citybottles.com\/de\/wp-json\/wp\/v2\/types\/page"}],"author":[{"embeddable":true,"href":"https:\/\/citybottles.com\/de\/wp-json\/wp\/v2\/users\/8"}],"replies":[{"embeddable":true,"href":"https:\/\/citybottles.com\/de\/wp-json\/wp\/v2\/comments?post=8328"}],"version-history":[{"count":4,"href":"https:\/\/citybottles.com\/de\/wp-json\/wp\/v2\/pages\/8328\/revisions"}],"predecessor-version":[{"id":28200,"href":"https:\/\/citybottles.com\/de\/wp-json\/wp\/v2\/pages\/8328\/revisions\/28200"}],"wp:attachment":[{"href":"https:\/\/citybottles.com\/de\/wp-json\/wp\/v2\/media?parent=8328"}],"wp:term":[{"taxonomy":"post_tag","embeddable":true,"href":"https:\/\/citybottles.com\/de\/wp-json\/wp\/v2\/tags?post=8328"}],"curies":[{"name":"wp","href":"https:\/\/api.w.org\/{rel}","templated":true}]}}