{"id":8358,"date":"2019-06-24T15:46:16","date_gmt":"2019-06-24T13:46:16","guid":{"rendered":"https:\/\/citybottles.com\/impressum-2\/"},"modified":"2023-06-21T14:02:47","modified_gmt":"2023-06-21T12:02:47","slug":"impressum","status":"publish","type":"page","link":"https:\/\/citybottles.com\/de\/service-informationen\/impressum\/","title":{"rendered":"Impressum"},"content":{"rendered":"<p>[vc_row][vc_column]<style type=\"text\/css\" data-type=\"the7_shortcodes-inline-css\">.dt-breadcrumbs-id-4f1458138d027ed9bc8bf16a1f402961 .breadcrumbs {\n  display: inline-block;\n  margin: 0;\n  padding: 20px 10px 2px 0px;\n  border: 0px solid ;\n  border-radius: 0px;\n}\n.dt-breadcrumbs-id-4f1458138d027ed9bc8bf16a1f402961 .breadcrumbs * {\n  color: #a2a5a6;\n}\n<\/style><div class=\"dt-breadcrumbs-shortcode dt-breadcrumbs-id-4f1458138d027ed9bc8bf16a1f402961 align-left\"><div class=\"assistive-text\">Sie befinden sich hier:<\/div><ol class=\"breadcrumbs text-small\" itemscope itemtype=\"https:\/\/schema.org\/BreadcrumbList\"><li itemprop=\"itemListElement\" itemscope itemtype=\"https:\/\/schema.org\/ListItem\"><a itemprop=\"item\" href=\"https:\/\/citybottles.com\/de\/\" title=\"Start\"><span itemprop=\"name\">Start<\/span><\/a><meta itemprop=\"position\" content=\"1\" \/><\/li><li class=\"current\" itemprop=\"itemListElement\" itemscope itemtype=\"https:\/\/schema.org\/ListItem\"><span itemprop=\"name\">Seite<\/span><meta itemprop=\"position\" content=\"2\" \/><\/li><\/ol><\/div>[\/vc_column][\/vc_row][vc_row][vc_column width=&#8220;2\/3&#8243;][vc_column_text]<\/p>\n<h1>Impressum<\/h1>\n<p><b>Angaben gem\u00e4\u00df \u00a7 5 TMG:<\/b><\/p>\n<p>C.O. Innovations GmbH<br \/>\nDonaustra\u00dfe 31<br \/>\n90451 N\u00fcrnberg<\/p>\n<p><b>Vertreten durch:<\/b><br \/>\nGesch\u00e4ftsf\u00fchrer:<br \/>\nChristian Overweg<br \/>\nDonaustra\u00dfe 31<br \/>\n90451 N\u00fcrnberg<\/p>\n<p><b>Kontakt:<\/b><br \/>\nE-Mail: info@citybottles.de<br \/>\nTel.: 0911 14897026<\/p>\n<p><b>Registereintrag:<\/b><br \/>\nEintragung im Handelsregister<br \/>\nRegistergericht: N\u00fcrnberg<br \/>\nRegisternummer: <span>41635<\/span><\/p>\n<p>Quelle:<span>\u00a0<\/span><a href=\"https:\/\/rechtsanwalt-metzler.de\/\" target=\"_blank\" rel=\"noopener noreferrer\">Rechtsanwalt Metzler<\/a>[\/vc_column_text][\/vc_column][\/vc_row]<\/p>\n","protected":false},"excerpt":{"rendered":"<p>[vc_row][vc_column][\/vc_column][\/vc_row][vc_row][vc_column width=&#8220;2\/3&#8243;][vc_column_text] Impressum Angaben gem\u00e4\u00df \u00a7 5 TMG: C.O. Innovations GmbH Donaustra\u00dfe 31 90451 N\u00fcrnberg Vertreten durch: Gesch\u00e4ftsf\u00fchrer: Christian Overweg Donaustra\u00dfe 31 90451 N\u00fcrnberg Kontakt: E-Mail: info@citybottles.de Tel.: 0911 14897026 Registereintrag: Eintragung im Handelsregister Registergericht: N\u00fcrnberg Registernummer: 41635 Quelle:\u00a0Rechtsanwalt Metzler[\/vc_column_text][\/vc_column][\/vc_row]<\/p>\n","protected":false},"author":1,"featured_media":0,"parent":8479,"menu_order":150,"comment_status":"closed","ping_status":"closed","template":"","meta":{"inline_featured_image":false,"footnotes":""},"tags":[55],"yoast_head":"<!-- This site is optimized with the Yoast SEO plugin v22.5 - https:\/\/yoast.com\/wordpress\/plugins\/seo\/ -->\n<title>Impressum &#8226; citybottles<\/title>\n<meta name=\"robots\" content=\"noindex, follow\" \/>\n<meta property=\"og:locale\" content=\"de_DE\" \/>\n<meta property=\"og:type\" content=\"article\" \/>\n<meta property=\"og:title\" content=\"Impressum &#8226; citybottles\" \/>\n<meta property=\"og:description\" content=\"[vc_row][vc_column][\/vc_column][\/vc_row][vc_row][vc_column width=&#8220;2\/3&#8243;][vc_column_text] Impressum Angaben gem\u00e4\u00df \u00a7 5 TMG: C.O. Innovations GmbH Donaustra\u00dfe 31 90451 N\u00fcrnberg Vertreten durch: Gesch\u00e4ftsf\u00fchrer: Christian Overweg Donaustra\u00dfe 31 90451 N\u00fcrnberg Kontakt: E-Mail: info@citybottles.de Tel.: 0911 14897026 Registereintrag: Eintragung im Handelsregister Registergericht: N\u00fcrnberg Registernummer: 41635 Quelle:\u00a0Rechtsanwalt Metzler[\/vc_column_text][\/vc_column][\/vc_row]\" \/>\n<meta property=\"og:url\" content=\"https:\/\/citybottles.com\/de\/service-informationen\/impressum\/\" \/>\n<meta property=\"og:site_name\" content=\"citybottles\" \/>\n<meta property=\"article:modified_time\" content=\"2023-06-21T12:02:47+00:00\" \/>\n<meta name=\"twitter:card\" content=\"summary_large_image\" \/>\n<meta name=\"twitter:label1\" content=\"Gesch\u00e4tzte Lesezeit\" \/>\n\t<meta name=\"twitter:data1\" content=\"1\u00a0Minute\" \/>\n<script type=\"application\/ld+json\" class=\"yoast-schema-graph\">{\"@context\":\"https:\/\/schema.org\",\"@graph\":[{\"@type\":\"WebPage\",\"@id\":\"https:\/\/citybottles.com\/de\/service-informationen\/impressum\/\",\"url\":\"https:\/\/citybottles.com\/de\/service-informationen\/impressum\/\",\"name\":\"Impressum &#8226; citybottles\",\"isPartOf\":{\"@id\":\"https:\/\/citybottles.com\/en\/#website\"},\"datePublished\":\"2019-06-24T13:46:16+00:00\",\"dateModified\":\"2023-06-21T12:02:47+00:00\",\"breadcrumb\":{\"@id\":\"https:\/\/citybottles.com\/de\/service-informationen\/impressum\/#breadcrumb\"},\"inLanguage\":\"de\",\"potentialAction\":[{\"@type\":\"ReadAction\",\"target\":[\"https:\/\/citybottles.com\/de\/service-informationen\/impressum\/\"]}]},{\"@type\":\"BreadcrumbList\",\"@id\":\"https:\/\/citybottles.com\/de\/service-informationen\/impressum\/#breadcrumb\",\"itemListElement\":[{\"@type\":\"ListItem\",\"position\":1,\"name\":\"Startseite\",\"item\":\"https:\/\/citybottles.com\/de\/\"},{\"@type\":\"ListItem\",\"position\":2,\"name\":\"Service &#038; Informationen\",\"item\":\"https:\/\/citybottles.com\/de\/service-informationen\/\"},{\"@type\":\"ListItem\",\"position\":3,\"name\":\"Impressum\"}]},{\"@type\":\"WebSite\",\"@id\":\"https:\/\/citybottles.com\/en\/#website\",\"url\":\"https:\/\/citybottles.com\/en\/\",\"name\":\"citybottles\",\"description\":\"Deine St\u00e4dteflasche\",\"publisher\":{\"@id\":\"https:\/\/citybottles.com\/en\/#organization\"},\"potentialAction\":[{\"@type\":\"SearchAction\",\"target\":{\"@type\":\"EntryPoint\",\"urlTemplate\":\"https:\/\/citybottles.com\/en\/?s={search_term_string}\"},\"query-input\":\"required name=search_term_string\"}],\"inLanguage\":\"de\"},{\"@type\":\"Organization\",\"@id\":\"https:\/\/citybottles.com\/en\/#organization\",\"name\":\"citybottles\",\"url\":\"https:\/\/citybottles.com\/en\/\",\"logo\":{\"@type\":\"ImageObject\",\"inLanguage\":\"de\",\"@id\":\"https:\/\/citybottles.com\/en\/#\/schema\/logo\/image\/\",\"url\":\"https:\/\/citybottles.com\/wp-content\/uploads\/2019\/02\/cb-logo-final.svg\",\"contentUrl\":\"https:\/\/citybottles.com\/wp-content\/uploads\/2019\/02\/cb-logo-final.svg\",\"width\":1,\"height\":1,\"caption\":\"citybottles\"},\"image\":{\"@id\":\"https:\/\/citybottles.com\/en\/#\/schema\/logo\/image\/\"},\"sameAs\":[\"https:\/\/www.instagram.com\/citybottles\/\"]}]}<\/script>\n<!-- \/ Yoast SEO plugin. -->","yoast_head_json":{"title":"Impressum &#8226; citybottles","robots":{"index":"noindex","follow":"follow"},"og_locale":"de_DE","og_type":"article","og_title":"Impressum &#8226; citybottles","og_description":"[vc_row][vc_column][\/vc_column][\/vc_row][vc_row][vc_column width=&#8220;2\/3&#8243;][vc_column_text] Impressum Angaben gem\u00e4\u00df \u00a7 5 TMG: C.O. Innovations GmbH Donaustra\u00dfe 31 90451 N\u00fcrnberg Vertreten durch: Gesch\u00e4ftsf\u00fchrer: Christian Overweg Donaustra\u00dfe 31 90451 N\u00fcrnberg Kontakt: E-Mail: info@citybottles.de Tel.: 0911 14897026 Registereintrag: Eintragung im Handelsregister Registergericht: N\u00fcrnberg Registernummer: 41635 Quelle:\u00a0Rechtsanwalt Metzler[\/vc_column_text][\/vc_column][\/vc_row]","og_url":"https:\/\/citybottles.com\/de\/service-informationen\/impressum\/","og_site_name":"citybottles","article_modified_time":"2023-06-21T12:02:47+00:00","twitter_card":"summary_large_image","twitter_misc":{"Gesch\u00e4tzte Lesezeit":"1\u00a0Minute"},"schema":{"@context":"https:\/\/schema.org","@graph":[{"@type":"WebPage","@id":"https:\/\/citybottles.com\/de\/service-informationen\/impressum\/","url":"https:\/\/citybottles.com\/de\/service-informationen\/impressum\/","name":"Impressum &#8226; citybottles","isPartOf":{"@id":"https:\/\/citybottles.com\/en\/#website"},"datePublished":"2019-06-24T13:46:16+00:00","dateModified":"2023-06-21T12:02:47+00:00","breadcrumb":{"@id":"https:\/\/citybottles.com\/de\/service-informationen\/impressum\/#breadcrumb"},"inLanguage":"de","potentialAction":[{"@type":"ReadAction","target":["https:\/\/citybottles.com\/de\/service-informationen\/impressum\/"]}]},{"@type":"BreadcrumbList","@id":"https:\/\/citybottles.com\/de\/service-informationen\/impressum\/#breadcrumb","itemListElement":[{"@type":"ListItem","position":1,"name":"Startseite","item":"https:\/\/citybottles.com\/de\/"},{"@type":"ListItem","position":2,"name":"Service &#038; Informationen","item":"https:\/\/citybottles.com\/de\/service-informationen\/"},{"@type":"ListItem","position":3,"name":"Impressum"}]},{"@type":"WebSite","@id":"https:\/\/citybottles.com\/en\/#website","url":"https:\/\/citybottles.com\/en\/","name":"citybottles","description":"Deine St\u00e4dteflasche","publisher":{"@id":"https:\/\/citybottles.com\/en\/#organization"},"potentialAction":[{"@type":"SearchAction","target":{"@type":"EntryPoint","urlTemplate":"https:\/\/citybottles.com\/en\/?s={search_term_string}"},"query-input":"required name=search_term_string"}],"inLanguage":"de"},{"@type":"Organization","@id":"https:\/\/citybottles.com\/en\/#organization","name":"citybottles","url":"https:\/\/citybottles.com\/en\/","logo":{"@type":"ImageObject","inLanguage":"de","@id":"https:\/\/citybottles.com\/en\/#\/schema\/logo\/image\/","url":"https:\/\/citybottles.com\/wp-content\/uploads\/2019\/02\/cb-logo-final.svg","contentUrl":"https:\/\/citybottles.com\/wp-content\/uploads\/2019\/02\/cb-logo-final.svg","width":1,"height":1,"caption":"citybottles"},"image":{"@id":"https:\/\/citybottles.com\/en\/#\/schema\/logo\/image\/"},"sameAs":["https:\/\/www.instagram.com\/citybottles\/"]}]}},"_links":{"self":[{"href":"https:\/\/citybottles.com\/de\/wp-json\/wp\/v2\/pages\/8358"}],"collection":[{"href":"https:\/\/citybottles.com\/de\/wp-json\/wp\/v2\/pages"}],"about":[{"href":"https:\/\/citybottles.com\/de\/wp-json\/wp\/v2\/types\/page"}],"author":[{"embeddable":true,"href":"https:\/\/citybottles.com\/de\/wp-json\/wp\/v2\/users\/1"}],"replies":[{"embeddable":true,"href":"https:\/\/citybottles.com\/de\/wp-json\/wp\/v2\/comments?post=8358"}],"version-history":[{"count":5,"href":"https:\/\/citybottles.com\/de\/wp-json\/wp\/v2\/pages\/8358\/revisions"}],"predecessor-version":[{"id":28225,"href":"https:\/\/citybottles.com\/de\/wp-json\/wp\/v2\/pages\/8358\/revisions\/28225"}],"up":[{"embeddable":true,"href":"https:\/\/citybottles.com\/de\/wp-json\/wp\/v2\/pages\/8479"}],"wp:attachment":[{"href":"https:\/\/citybottles.com\/de\/wp-json\/wp\/v2\/media?parent=8358"}],"wp:term":[{"taxonomy":"post_tag","embeddable":true,"href":"https:\/\/citybottles.com\/de\/wp-json\/wp\/v2\/tags?post=8358"}],"curies":[{"name":"wp","href":"https:\/\/api.w.org\/{rel}","templated":true}]}}