{"id":8392,"date":"2019-06-24T17:06:58","date_gmt":"2019-06-24T15:06:58","guid":{"rendered":"https:\/\/citybottles.com\/?page_id=8392"},"modified":"2023-09-08T12:00:50","modified_gmt":"2023-09-08T10:00:50","slug":"unternehmen","status":"publish","type":"page","link":"https:\/\/citybottles.com\/de\/b2b\/unternehmen\/","title":{"rendered":"Unternehmen"},"content":{"rendered":"<p>[vc_row full_width=&#8220;stretch_row&#8220; full_height=&#8220;yes&#8220; columns_placement=&#8220;stretch&#8220; equal_height=&#8220;yes&#8220; content_placement=&#8220;middle&#8220; el_class=&#8220;section-hero&#8211;full-height&#8220; css=&#8220;.vc_custom_1567674706411{padding-right: 0px !important;padding-left: 0px !important;}&#8220;][vc_column width=&#8220;2\/3&#8243; el_class=&#8220;space-bottom&#8211;none item-two&#8220; css=&#8220;.vc_custom_1567674570783{padding-left: 50px !important;background-color: #282828 !important;}&#8220; offset=&#8220;vc_col-lg-6&#8243;]<style type=\"text\/css\" data-type=\"the7_shortcodes-inline-css\">.dt-breadcrumbs-id-4f1458138d027ed9bc8bf16a1f402961 .breadcrumbs {\n  display: inline-block;\n  margin: 0;\n  padding: 20px 10px 2px 0px;\n  border: 0px solid ;\n  border-radius: 0px;\n}\n.dt-breadcrumbs-id-4f1458138d027ed9bc8bf16a1f402961 .breadcrumbs * {\n  color: #a2a5a6;\n}\n<\/style><div class=\"dt-breadcrumbs-shortcode dt-breadcrumbs-id-4f1458138d027ed9bc8bf16a1f402961 align-left\"><div class=\"assistive-text\">Sie befinden sich hier:<\/div><ol class=\"breadcrumbs text-small\" itemscope itemtype=\"https:\/\/schema.org\/BreadcrumbList\"><li itemprop=\"itemListElement\" itemscope itemtype=\"https:\/\/schema.org\/ListItem\"><a itemprop=\"item\" href=\"https:\/\/citybottles.com\/de\/\" title=\"Start\"><span itemprop=\"name\">Start<\/span><\/a><meta itemprop=\"position\" content=\"1\" \/><\/li><li class=\"current\" itemprop=\"itemListElement\" itemscope itemtype=\"https:\/\/schema.org\/ListItem\"><span itemprop=\"name\">Seite<\/span><meta itemprop=\"position\" content=\"2\" \/><\/li><\/ol><\/div>[vc_row_inner equal_height=&#8220;yes&#8220; content_placement=&#8220;middle&#8220; el_class=&#8220;content&#8211;center&#8220; css=&#8220;.vc_custom_1567674902372{padding-top: 80px !important;}&#8220;][vc_column_inner el_class=&#8220;margin-left&#8211;none&#8220; width=&#8220;3\/4&#8243; offset=&#8220;vc_col-md-6&#8243;][vc_column_text el_class=&#8220;text&#8211;white&#8220;]<\/p>\n<h1 class=\"text--white\">Wir<br \/>\nlieben<br \/>\nMarken<\/h1>\n<p>Einfallsloses Merchandise gibt es an jeder Stra\u00dfenecke. Ihr setzt lieber auf individuelle und sinnvolle Geschenke? Willkommen: wir auch.<\/p>\n<p>Zusammen mit dem Team von brandbottles setzen wir eure Vision um. Entwickelt mit uns euer Konzept f\u00fcr die Firma, den Verein oder eure Veranstaltung. Ob auf einer citybottle oder mit eurem eigenen Motiv.[\/vc_column_text][vc_btn title=&#8220;Jetzt mehr erfahren&#8220; shape=&#8220;square&#8220; link=&#8220;url:http%3A%2F%2Fbrandbottles.de|target:_blank&#8220; el_class=&#8220;btn&#8211;white&#8220;][\/vc_column_inner][\/vc_row_inner][\/vc_column][vc_column width=&#8220;1\/3&#8243; el_class=&#8220;space-bottom&#8211;none item-one&#8220; css=&#8220;.vc_custom_1567674644397{padding-bottom: 100vh !important;background-image: url(https:\/\/citybottles.com\/wp-content\/uploads\/2019\/09\/citybottles-unternehmen-header.jpg?id=11275) !important;background-position: center !important;background-repeat: no-repeat !important;background-size: cover !important;}&#8220; offset=&#8220;vc_col-lg-6&#8243;][\/vc_column][\/vc_row][vc_row full_width=&#8220;stretch_row&#8220; disable_element=&#8220;yes&#8220; css=&#8220;.vc_custom_1694167234181{padding-top: 70px !important;background-color: #efefef !important;}&#8220; el_class=&#8220;section-divider&#8211;grey&#8220;][vc_column width=&#8220;1\/3&#8243;][vc_single_image image=&#8220;10941&#8243; img_size=&#8220;full&#8220; alignment=&#8220;center&#8220; el_class=&#8220;ico&#8211;medium&#8220;][vc_column_text]<\/p>\n<h3 style=\"text-align: center;\">Eure Marke<\/h3>\n<p style=\"text-align: center;\">auf unserer Flasche<\/p>\n<p>[\/vc_column_text][\/vc_column][vc_column width=&#8220;1\/3&#8243;][vc_single_image image=&#8220;10939&#8243; img_size=&#8220;full&#8220; alignment=&#8220;center&#8220; el_class=&#8220;ico&#8211;medium&#8220;][vc_column_text]<\/p>\n<h3 style=\"text-align: center;\">Allgegen\u00adw\u00e4rtig<\/h3>\n<p style=\"text-align: center;\">in Erinnerung der Mitarbeiter und Kunden bleiben<\/p>\n<p>[\/vc_column_text][\/vc_column][vc_column width=&#8220;1\/3&#8243;][vc_single_image image=&#8220;10943&#8243; img_size=&#8220;full&#8220; alignment=&#8220;center&#8220; el_class=&#8220;ico&#8211;medium&#8220;][vc_column_text]<\/p>\n<h3 style=\"text-align: center;\">Individuell<\/h3>\n<p style=\"text-align: center;\">statt Standard<\/p>\n<p>[\/vc_column_text][\/vc_column][\/vc_row][vc_row disable_element=&#8220;yes&#8220; el_class=&#8220;section&#8211;padding-top&#8220;][vc_column][vc_column_text]<\/p>\n<h2 style=\"text-align: center;\">Warum city\u00adbottles?<\/h2>\n<p>[\/vc_column_text][vc_row_inner content_placement=&#8220;middle&#8220; el_class=&#8220;space-small change-order&#8220;][vc_column_inner el_class=&#8220;item-two&#8220; width=&#8220;1\/2&#8243;][vc_column_text el_class=&#8220;pr-small text-align-mobile&#8211;middle text-align-right remove-padding&#8220;]<\/p>\n<h3>Eure Company-bottle<\/h3>\n<p>Die meisten Firmengeschenke werden nach dem Erhalten in irgendeine Ecke gestellt und nie wieder benutzt. Ein Schicksal, dass wir nicht teilen wollen. Deshalb sind unsere citybottles individuell hergestellt, praktisch und extrem hochwertig. Obwohl sie auch in der Ecke eine gute Figur abg\u00e4ben.[\/vc_column_text][\/vc_column_inner][vc_column_inner el_class=&#8220;item-one&#8220; width=&#8220;1\/2&#8243;][vc_single_image image=&#8220;11233&#8243; img_size=&#8220;full&#8220; alignment=&#8220;center&#8220; lazy_loading=&#8220;true&#8220;][\/vc_column_inner][\/vc_row_inner][vc_row_inner content_placement=&#8220;middle&#8220; el_class=&#8220;space-small&#8220;][vc_column_inner width=&#8220;1\/2&#8243;][vc_single_image image=&#8220;11279&#8243; img_size=&#8220;full&#8220; alignment=&#8220;center&#8220; lazy_loading=&#8220;true&#8220;][\/vc_column_inner][vc_column_inner width=&#8220;1\/2&#8243;][vc_column_text]<\/p>\n<h3>Eure Wahl: citybottles SE<\/h3>\n<p>Manchmal liebt man seine Firma eben noch mehr, als seine Lieblingsstadt. Und f\u00fcr diesen Fall gibt es die citybottle <strong>S<\/strong>pecial <strong>E<\/strong>dition: Statt Stadt-Skyline mit Firmenlogo. Oder dem leckersten Kantinen-Essen. Nat\u00fcrlich inklusive Anpassung der QR-Code Landingpage.<\/p>\n<p>Wie auch immer deine Special Edition aussehen soll: Wir sind bereit und helfen nat\u00fcrlich auch gerne bei Konzeption und Design.[\/vc_column_text][\/vc_column_inner][\/vc_row_inner][vc_row_inner content_placement=&#8220;middle&#8220; el_class=&#8220;space-small change-order&#8220;][vc_column_inner el_class=&#8220;item-two&#8220; width=&#8220;1\/2&#8243;][vc_column_text]<\/p>\n<h3>Euer Standort<\/h3>\n<p>Euer Betrieb ist in der \u00f6rtlichen Gemeinde tief verwurzelt. Schon die Urgro\u00dfv\u00e4ter der Mitarbeiter schworen eurer Firma und Heimat die Treue. Setzt mit der citybottle SE ein Zeichen f\u00fcr Regionalit\u00e4t und Verantwortungsbewusstsein. Und lasst alle wissen, in welcher Stadt das Herz der Firma schl\u00e4gt![\/vc_column_text][\/vc_column_inner][vc_column_inner el_class=&#8220;item-one&#8220; width=&#8220;1\/2&#8243;][vc_single_image image=&#8220;11281&#8243; img_size=&#8220;full&#8220; alignment=&#8220;center&#8220; lazy_loading=&#8220;true&#8220;][\/vc_column_inner][\/vc_row_inner][vc_row_inner content_placement=&#8220;middle&#8220; el_class=&#8220;space-small&#8220;][vc_column_inner width=&#8220;1\/2&#8243;][vc_single_image image=&#8220;11277&#8243; img_size=&#8220;full&#8220; alignment=&#8220;center&#8220; lazy_loading=&#8220;true&#8220;][\/vc_column_inner][vc_column_inner width=&#8220;1\/2&#8243;][vc_column_text]<\/p>\n<h3>Eure Menge<\/h3>\n<p>Nicht nur die Gro\u00dfen sollen mit Fl\u00fcssigkeit und Informationen versorgt werden. Auch kleinere Betriebe k\u00f6nnen sich um ihre ganz pers\u00f6nliche Special Edition bewerben. Manchmal sind es die kleinen Mengen, die den Wandel bringen. Und wir finden: Auch 50 citybottles sind ein Tropfen auf den hei\u00dfen Stein des Umweltschutzes.[\/vc_column_text][\/vc_column_inner][\/vc_row_inner][vc_row_inner content_placement=&#8220;middle&#8220; el_class=&#8220;space-small change-order&#8220;][vc_column_inner el_class=&#8220;item-two&#8220; width=&#8220;1\/2&#8243;][vc_column_text]<\/p>\n<h3>Euer Beitrag<\/h3>\n<p>Mitarbeiter sind die Zahnr\u00e4der eines Unternehmens. W\u00e4re es nicht toll, diese auch mit richtig gutem Wasser ohne BPA- und Giftstoffe zu versorgen? Und falls wir es noch nicht erw\u00e4hnt haben: Umweltfreundliche Unternehmen liegen ganz klar im Trend.[\/vc_column_text][\/vc_column_inner][vc_column_inner el_class=&#8220;item-one&#8220; width=&#8220;1\/2&#8243;][vc_single_image image=&#8220;11235&#8243; img_size=&#8220;large&#8220; alignment=&#8220;center&#8220; lazy_loading=&#8220;true&#8220;][\/vc_column_inner][\/vc_row_inner][\/vc_column][\/vc_row][vc_row disable_element=&#8220;yes&#8220; el_class=&#8220;section-divider&#8220; el_id=&#8220;unternehmen&#8211;anfrage&#8220;][vc_column width=&#8220;2\/3&#8243;][vc_column_text el_class=&#8220;cooperation-contact text-align&#8211;center&#8220;]<\/p>\n<h3>Euer Cobranding<\/h3>\n<p class=\"margin-bottom--small\">Gleich mit dem Konfigurator eure individuelle citybottle Special Edition zusammenstellen \u2013 von Deckel bis Landingpage ist alles anpassbar!<\/p>\n<p>[\/vc_column_text][vc_btn title=&#8220;Jetzt konfigurieren&#8220; shape=&#8220;square&#8220; align=&#8220;center&#8220; link=&#8220;url:https%3A%2F%2Fcobranding.citybottles.com%2F||target:%20_blank|&#8220;][\/vc_column][vc_column width=&#8220;1\/3&#8243;][vc_single_image image=&#8220;25433&#8243; img_size=&#8220;full&#8220;][\/vc_column][\/vc_row]<\/p>\n","protected":false},"excerpt":{"rendered":"<p>[vc_row full_width=&#8220;stretch_row&#8220; full_height=&#8220;yes&#8220; columns_placement=&#8220;stretch&#8220; equal_height=&#8220;yes&#8220; content_placement=&#8220;middle&#8220; el_class=&#8220;section-hero&#8211;full-height&#8220; css=&#8220;.vc_custom_1567674706411{padding-right: 0px !important;padding-left: 0px !important;}&#8220;][vc_column width=&#8220;2\/3&#8243; el_class=&#8220;space-bottom&#8211;none item-two&#8220; css=&#8220;.vc_custom_1567674570783{padding-left: 50px !important;background-color: #282828 !important;}&#8220; offset=&#8220;vc_col-lg-6&#8243;][vc_row_inner equal_height=&#8220;yes&#8220; content_placement=&#8220;middle&#8220; el_class=&#8220;content&#8211;center&#8220; css=&#8220;.vc_custom_1567674902372{padding-top: 80px !important;}&#8220;][vc_column_inner el_class=&#8220;margin-left&#8211;none&#8220; width=&#8220;3\/4&#8243; offset=&#8220;vc_col-md-6&#8243;][vc_column_text el_class=&#8220;text&#8211;white&#8220;] Wir lieben Marken Einfallsloses Merchandise gibt es an jeder Stra\u00dfenecke. Ihr setzt lieber auf individuelle und sinnvolle Geschenke? Willkommen: wir auch. Zusammen mit dem&hellip;<\/p>\n","protected":false},"author":1,"featured_media":0,"parent":10918,"menu_order":50,"comment_status":"closed","ping_status":"closed","template":"","meta":{"inline_featured_image":false,"footnotes":""},"tags":[],"yoast_head":"<!-- This site is optimized with the Yoast SEO plugin v22.5 - https:\/\/yoast.com\/wordpress\/plugins\/seo\/ -->\n<title>Individualisierungen &amp; Kooperationen mit Unternehmen &#8226; citybottles<\/title>\n<meta name=\"description\" content=\"Ob als Firmengeschenk oder Merchandise: Wir indiviualisieren die citybottle f\u00fcr euch. Soll nur das Logo oder der gleich der ganze Firmensitz drauf?\" \/>\n<meta name=\"robots\" content=\"index, follow, max-snippet:-1, max-image-preview:large, max-video-preview:-1\" \/>\n<link rel=\"canonical\" href=\"https:\/\/citybottles.com\/de\/b2b\/unternehmen\/\" \/>\n<meta property=\"og:locale\" content=\"de_DE\" \/>\n<meta property=\"og:type\" content=\"article\" \/>\n<meta property=\"og:title\" content=\"Individualisierungen &amp; Kooperationen mit Unternehmen &#8226; citybottles\" \/>\n<meta property=\"og:description\" content=\"Ob als Firmengeschenk oder Merchandise: Wir indiviualisieren die citybottle f\u00fcr euch. Soll nur das Logo oder der gleich der ganze Firmensitz drauf?\" \/>\n<meta property=\"og:url\" content=\"https:\/\/citybottles.com\/de\/b2b\/unternehmen\/\" \/>\n<meta property=\"og:site_name\" content=\"citybottles\" \/>\n<meta property=\"article:modified_time\" content=\"2023-09-08T10:00:50+00:00\" \/>\n<meta name=\"twitter:card\" content=\"summary_large_image\" \/>\n<meta name=\"twitter:label1\" content=\"Gesch\u00e4tzte Lesezeit\" \/>\n\t<meta name=\"twitter:data1\" content=\"3\u00a0Minuten\" \/>\n<script type=\"application\/ld+json\" class=\"yoast-schema-graph\">{\"@context\":\"https:\/\/schema.org\",\"@graph\":[{\"@type\":\"WebPage\",\"@id\":\"https:\/\/citybottles.com\/de\/b2b\/unternehmen\/\",\"url\":\"https:\/\/citybottles.com\/de\/b2b\/unternehmen\/\",\"name\":\"Individualisierungen & Kooperationen mit Unternehmen &#8226; citybottles\",\"isPartOf\":{\"@id\":\"https:\/\/citybottles.com\/en\/#website\"},\"datePublished\":\"2019-06-24T15:06:58+00:00\",\"dateModified\":\"2023-09-08T10:00:50+00:00\",\"description\":\"Ob als Firmengeschenk oder Merchandise: Wir indiviualisieren die citybottle f\u00fcr euch. Soll nur das Logo oder der gleich der ganze Firmensitz drauf?\",\"breadcrumb\":{\"@id\":\"https:\/\/citybottles.com\/de\/b2b\/unternehmen\/#breadcrumb\"},\"inLanguage\":\"de\",\"potentialAction\":[{\"@type\":\"ReadAction\",\"target\":[\"https:\/\/citybottles.com\/de\/b2b\/unternehmen\/\"]}]},{\"@type\":\"BreadcrumbList\",\"@id\":\"https:\/\/citybottles.com\/de\/b2b\/unternehmen\/#breadcrumb\",\"itemListElement\":[{\"@type\":\"ListItem\",\"position\":1,\"name\":\"Startseite\",\"item\":\"https:\/\/citybottles.com\/de\/\"},{\"@type\":\"ListItem\",\"position\":2,\"name\":\"B2B\",\"item\":\"https:\/\/citybottles.com\/de\/b2b\/\"},{\"@type\":\"ListItem\",\"position\":3,\"name\":\"Unternehmen\"}]},{\"@type\":\"WebSite\",\"@id\":\"https:\/\/citybottles.com\/en\/#website\",\"url\":\"https:\/\/citybottles.com\/en\/\",\"name\":\"citybottles\",\"description\":\"Deine St\u00e4dteflasche\",\"publisher\":{\"@id\":\"https:\/\/citybottles.com\/en\/#organization\"},\"potentialAction\":[{\"@type\":\"SearchAction\",\"target\":{\"@type\":\"EntryPoint\",\"urlTemplate\":\"https:\/\/citybottles.com\/en\/?s={search_term_string}\"},\"query-input\":\"required name=search_term_string\"}],\"inLanguage\":\"de\"},{\"@type\":\"Organization\",\"@id\":\"https:\/\/citybottles.com\/en\/#organization\",\"name\":\"citybottles\",\"url\":\"https:\/\/citybottles.com\/en\/\",\"logo\":{\"@type\":\"ImageObject\",\"inLanguage\":\"de\",\"@id\":\"https:\/\/citybottles.com\/en\/#\/schema\/logo\/image\/\",\"url\":\"https:\/\/citybottles.com\/wp-content\/uploads\/2019\/02\/cb-logo-final.svg\",\"contentUrl\":\"https:\/\/citybottles.com\/wp-content\/uploads\/2019\/02\/cb-logo-final.svg\",\"width\":1,\"height\":1,\"caption\":\"citybottles\"},\"image\":{\"@id\":\"https:\/\/citybottles.com\/en\/#\/schema\/logo\/image\/\"},\"sameAs\":[\"https:\/\/www.instagram.com\/citybottles\/\"]}]}<\/script>\n<!-- \/ Yoast SEO plugin. -->","yoast_head_json":{"title":"Individualisierungen & Kooperationen mit Unternehmen &#8226; citybottles","description":"Ob als Firmengeschenk oder Merchandise: Wir indiviualisieren die citybottle f\u00fcr euch. Soll nur das Logo oder der gleich der ganze Firmensitz drauf?","robots":{"index":"index","follow":"follow","max-snippet":"max-snippet:-1","max-image-preview":"max-image-preview:large","max-video-preview":"max-video-preview:-1"},"canonical":"https:\/\/citybottles.com\/de\/b2b\/unternehmen\/","og_locale":"de_DE","og_type":"article","og_title":"Individualisierungen & Kooperationen mit Unternehmen &#8226; citybottles","og_description":"Ob als Firmengeschenk oder Merchandise: Wir indiviualisieren die citybottle f\u00fcr euch. Soll nur das Logo oder der gleich der ganze Firmensitz drauf?","og_url":"https:\/\/citybottles.com\/de\/b2b\/unternehmen\/","og_site_name":"citybottles","article_modified_time":"2023-09-08T10:00:50+00:00","twitter_card":"summary_large_image","twitter_misc":{"Gesch\u00e4tzte Lesezeit":"3\u00a0Minuten"},"schema":{"@context":"https:\/\/schema.org","@graph":[{"@type":"WebPage","@id":"https:\/\/citybottles.com\/de\/b2b\/unternehmen\/","url":"https:\/\/citybottles.com\/de\/b2b\/unternehmen\/","name":"Individualisierungen & Kooperationen mit Unternehmen &#8226; citybottles","isPartOf":{"@id":"https:\/\/citybottles.com\/en\/#website"},"datePublished":"2019-06-24T15:06:58+00:00","dateModified":"2023-09-08T10:00:50+00:00","description":"Ob als Firmengeschenk oder Merchandise: Wir indiviualisieren die citybottle f\u00fcr euch. Soll nur das Logo oder der gleich der ganze Firmensitz drauf?","breadcrumb":{"@id":"https:\/\/citybottles.com\/de\/b2b\/unternehmen\/#breadcrumb"},"inLanguage":"de","potentialAction":[{"@type":"ReadAction","target":["https:\/\/citybottles.com\/de\/b2b\/unternehmen\/"]}]},{"@type":"BreadcrumbList","@id":"https:\/\/citybottles.com\/de\/b2b\/unternehmen\/#breadcrumb","itemListElement":[{"@type":"ListItem","position":1,"name":"Startseite","item":"https:\/\/citybottles.com\/de\/"},{"@type":"ListItem","position":2,"name":"B2B","item":"https:\/\/citybottles.com\/de\/b2b\/"},{"@type":"ListItem","position":3,"name":"Unternehmen"}]},{"@type":"WebSite","@id":"https:\/\/citybottles.com\/en\/#website","url":"https:\/\/citybottles.com\/en\/","name":"citybottles","description":"Deine St\u00e4dteflasche","publisher":{"@id":"https:\/\/citybottles.com\/en\/#organization"},"potentialAction":[{"@type":"SearchAction","target":{"@type":"EntryPoint","urlTemplate":"https:\/\/citybottles.com\/en\/?s={search_term_string}"},"query-input":"required name=search_term_string"}],"inLanguage":"de"},{"@type":"Organization","@id":"https:\/\/citybottles.com\/en\/#organization","name":"citybottles","url":"https:\/\/citybottles.com\/en\/","logo":{"@type":"ImageObject","inLanguage":"de","@id":"https:\/\/citybottles.com\/en\/#\/schema\/logo\/image\/","url":"https:\/\/citybottles.com\/wp-content\/uploads\/2019\/02\/cb-logo-final.svg","contentUrl":"https:\/\/citybottles.com\/wp-content\/uploads\/2019\/02\/cb-logo-final.svg","width":1,"height":1,"caption":"citybottles"},"image":{"@id":"https:\/\/citybottles.com\/en\/#\/schema\/logo\/image\/"},"sameAs":["https:\/\/www.instagram.com\/citybottles\/"]}]}},"_links":{"self":[{"href":"https:\/\/citybottles.com\/de\/wp-json\/wp\/v2\/pages\/8392"}],"collection":[{"href":"https:\/\/citybottles.com\/de\/wp-json\/wp\/v2\/pages"}],"about":[{"href":"https:\/\/citybottles.com\/de\/wp-json\/wp\/v2\/types\/page"}],"author":[{"embeddable":true,"href":"https:\/\/citybottles.com\/de\/wp-json\/wp\/v2\/users\/1"}],"replies":[{"embeddable":true,"href":"https:\/\/citybottles.com\/de\/wp-json\/wp\/v2\/comments?post=8392"}],"version-history":[{"count":8,"href":"https:\/\/citybottles.com\/de\/wp-json\/wp\/v2\/pages\/8392\/revisions"}],"predecessor-version":[{"id":28321,"href":"https:\/\/citybottles.com\/de\/wp-json\/wp\/v2\/pages\/8392\/revisions\/28321"}],"up":[{"embeddable":true,"href":"https:\/\/citybottles.com\/de\/wp-json\/wp\/v2\/pages\/10918"}],"wp:attachment":[{"href":"https:\/\/citybottles.com\/de\/wp-json\/wp\/v2\/media?parent=8392"}],"wp:term":[{"taxonomy":"post_tag","embeddable":true,"href":"https:\/\/citybottles.com\/de\/wp-json\/wp\/v2\/tags?post=8392"}],"curies":[{"name":"wp","href":"https:\/\/api.w.org\/{rel}","templated":true}]}}