{"id":84,"date":"2019-01-21T16:35:34","date_gmt":"2019-01-21T15:35:34","guid":{"rendered":"https:\/\/citybottles.com\/?page_id=84"},"modified":"2019-11-27T14:36:15","modified_gmt":"2019-11-27T13:36:15","slug":"kontakt","status":"publish","type":"page","link":"https:\/\/citybottles.com\/de\/service-informationen\/kontakt\/","title":{"rendered":"Kontakt"},"content":{"rendered":"<p>[vc_row][vc_column]<style type=\"text\/css\" data-type=\"the7_shortcodes-inline-css\">.dt-breadcrumbs-id-4f1458138d027ed9bc8bf16a1f402961 .breadcrumbs {\n  display: inline-block;\n  margin: 0;\n  padding: 20px 10px 2px 0px;\n  border: 0px solid ;\n  border-radius: 0px;\n}\n.dt-breadcrumbs-id-4f1458138d027ed9bc8bf16a1f402961 .breadcrumbs * {\n  color: #a2a5a6;\n}\n<\/style><div class=\"dt-breadcrumbs-shortcode dt-breadcrumbs-id-4f1458138d027ed9bc8bf16a1f402961 align-left\"><div class=\"assistive-text\">Sie befinden sich hier:<\/div><ol class=\"breadcrumbs text-small\" itemscope itemtype=\"https:\/\/schema.org\/BreadcrumbList\"><li itemprop=\"itemListElement\" itemscope itemtype=\"https:\/\/schema.org\/ListItem\"><a itemprop=\"item\" href=\"https:\/\/citybottles.com\/de\/\" title=\"Start\"><span itemprop=\"name\">Start<\/span><\/a><meta itemprop=\"position\" content=\"1\" \/><\/li><li class=\"current\" itemprop=\"itemListElement\" itemscope itemtype=\"https:\/\/schema.org\/ListItem\"><span itemprop=\"name\">Seite<\/span><meta itemprop=\"position\" content=\"2\" \/><\/li><\/ol><\/div>[\/vc_column][\/vc_row][vc_row css=&#8220;.vc_custom_1574861771216{padding-left: 0px !important;}&#8220;][vc_column css=&#8220;.vc_custom_1574861763025{padding-left: 0px !important;}&#8220;][vc_column_text css=&#8220;.vc_custom_1567526329024{padding-left: 0px !important;}&#8220;]<\/p>\n<h1>Kontakt<\/h1>\n<p>Du willst ein wenig mit uns quatschen? Gerne, melde dich einfach \u00fcber das Kontaktformular! Wir antworten dir baldm\u00f6glichst.[\/vc_column_text][\/vc_column][\/vc_row][vc_row][vc_column width=&#8220;1\/2&#8243;]\n<div class=\"wpcf7 no-js\" id=\"wpcf7-f49-o1\" lang=\"de-DE\" dir=\"ltr\">\n<div class=\"screen-reader-response\"><p role=\"status\" aria-live=\"polite\" aria-atomic=\"true\"><\/p> <ul><\/ul><\/div>\n<form action=\"\/de\/wp-json\/wp\/v2\/pages\/84#wpcf7-f49-o1\" method=\"post\" class=\"wpcf7-form init\" aria-label=\"Kontaktformular\" novalidate=\"novalidate\" data-status=\"init\">\n<div style=\"display: none;\">\n<input type=\"hidden\" name=\"_wpcf7\" value=\"49\" \/>\n<input type=\"hidden\" name=\"_wpcf7_version\" value=\"5.9.8\" \/>\n<input type=\"hidden\" name=\"_wpcf7_locale\" value=\"de_DE\" \/>\n<input type=\"hidden\" name=\"_wpcf7_unit_tag\" value=\"wpcf7-f49-o1\" \/>\n<input type=\"hidden\" name=\"_wpcf7_container_post\" value=\"0\" \/>\n<input type=\"hidden\" name=\"_wpcf7_posted_data_hash\" value=\"\" \/>\n<input type=\"hidden\" name=\"_wpcf7_recaptcha_response\" value=\"\" \/>\n<\/div>\n<div class=\"vc_row wpb_row\">\n\t<div class=\"vc_row wpb_column vc_col-sm-6\">\n\t\t<p><label>Name<\/label><span class=\"wpcf7-form-control-wrap\" data-name=\"Name\"><input size=\"40\" maxlength=\"400\" class=\"wpcf7-form-control wpcf7-text wpcf7-validates-as-required\" aria-required=\"true\" aria-invalid=\"false\" placeholder=\"Dein Name\" value=\"\" type=\"text\" name=\"Name\" \/><\/span>\n\t\t<\/p>\n\t<\/div>\n\t<div class=\"vc_row wpb_column vc_col-sm-6\">\n\t\t<p><label>E-Mail<\/label><span class=\"wpcf7-form-control-wrap\" data-name=\"email\"><input size=\"40\" maxlength=\"400\" class=\"wpcf7-form-control wpcf7-email wpcf7-validates-as-required wpcf7-text wpcf7-validates-as-email\" aria-required=\"true\" aria-invalid=\"false\" placeholder=\"Deine E-Mail-Adresse\" value=\"\" type=\"email\" name=\"email\" \/><\/span>\n\t\t<\/p>\n\t<\/div>\n<\/div>\n<div class=\"vc_row wpb_row\">\n\t<div class=\"wpb_column vc_col-sm-12\">\n\t\t<p><label class=\"pflicht\">Nachricht<\/label><span class=\"wpcf7-form-control-wrap\" data-name=\"message\"><textarea cols=\"40\" rows=\"10\" maxlength=\"2000\" class=\"wpcf7-form-control wpcf7-textarea wpcf7-validates-as-required\" aria-required=\"true\" aria-invalid=\"false\" placeholder=\"Deine Nachricht\" name=\"message\"><\/textarea><\/span>\n\t\t<\/p>\n\t<\/div>\n<\/div>\n<div class=\"vc_row wpb_row\">\n\t<div class=\"wpb_column vc_col-sm-12\">\n\t\t<p><label class=\"pflicht\"><span class=\"wpcf7-form-control-wrap\" data-name=\"datenschutz\"><span class=\"wpcf7-form-control wpcf7-acceptance\"><span class=\"wpcf7-list-item\"><input type=\"checkbox\" name=\"datenschutz\" value=\"1\" aria-invalid=\"false\" \/><\/span><\/span><\/span>Ich stimme den <a href=\"\/de\/datenschutz\" target=\"_blank\">Datenschutzbestimmungen<\/a> zu<\/label>\n\t\t<\/p>\n\t\t<p class=\"pflicht--hinweis\"><span>*<\/span> sind Pflichtfelder.\n\t\t<\/p>\n\t<\/div>\n<\/div>\n<div class=\"vc_row wpb_row\">\n\t<div class=\"wpb_column vc_col-sm-12\">\n\t\t<p><input class=\"wpcf7-form-control wpcf7-submit has-spinner\" type=\"submit\" value=\"Nachricht senden\" \/>\n\t\t<\/p>\n\t<\/div>\n<\/div>\n<p class=\"small\">Diese Seite wird durch reCAPTCHA gesch\u00fctzt. Die Google <a href=\"https:\/\/policies.google.com\/privacy\">Datenschutzerkl\u00e4rung<\/a> und <a href=\"https:\/\/policies.google.com\/terms\">AGB<\/a> werden angewandt.\n<\/p><div class=\"wpcf7-response-output\" aria-hidden=\"true\"><\/div>\n<\/form>\n<\/div>\n[\/vc_column][vc_column width=&#8220;1\/2&#8243;][vc_single_image image=&#8220;10970&#8243; img_size=&#8220;full&#8220;][\/vc_column][\/vc_row]<\/p>\n","protected":false},"excerpt":{"rendered":"<p>[vc_row][vc_column][\/vc_column][\/vc_row][vc_row css=&#8220;.vc_custom_1574861771216{padding-left: 0px !important;}&#8220;][vc_column css=&#8220;.vc_custom_1574861763025{padding-left: 0px !important;}&#8220;][vc_column_text css=&#8220;.vc_custom_1567526329024{padding-left: 0px !important;}&#8220;] Kontakt Du willst ein wenig mit uns quatschen? Gerne, melde dich einfach \u00fcber das Kontaktformular! Wir antworten dir baldm\u00f6glichst.[\/vc_column_text][\/vc_column][\/vc_row][vc_row][vc_column width=&#8220;1\/2&#8243;][\/vc_column][vc_column width=&#8220;1\/2&#8243;][vc_single_image image=&#8220;10970&#8243; img_size=&#8220;full&#8220;][\/vc_column][\/vc_row]<\/p>\n","protected":false},"author":7,"featured_media":0,"parent":8479,"menu_order":0,"comment_status":"closed","ping_status":"closed","template":"","meta":{"inline_featured_image":false,"footnotes":""},"tags":[55],"yoast_head":"<!-- This site is optimized with the Yoast SEO plugin v22.5 - https:\/\/yoast.com\/wordpress\/plugins\/seo\/ -->\n<title>Kontakt zu citybottles &#8226; citybottles<\/title>\n<meta name=\"description\" content=\"Du m\u00f6chtest mehr \u00fcber die citybottles oder unser N\u00fcrnberger Unternehmen erfahren? Schreib uns gerne \u00fcber das Kontaktformular. Wir freuen uns!\" \/>\n<meta name=\"robots\" content=\"index, follow, max-snippet:-1, max-image-preview:large, max-video-preview:-1\" \/>\n<link rel=\"canonical\" href=\"https:\/\/citybottles.com\/de\/service-informationen\/kontakt\/\" \/>\n<meta property=\"og:locale\" content=\"de_DE\" \/>\n<meta property=\"og:type\" content=\"article\" \/>\n<meta property=\"og:title\" content=\"Kontakt zu citybottles &#8226; citybottles\" \/>\n<meta property=\"og:description\" content=\"Du m\u00f6chtest mehr \u00fcber die citybottles oder unser N\u00fcrnberger Unternehmen erfahren? Schreib uns gerne \u00fcber das Kontaktformular. Wir freuen uns!\" \/>\n<meta property=\"og:url\" content=\"https:\/\/citybottles.com\/de\/service-informationen\/kontakt\/\" \/>\n<meta property=\"og:site_name\" content=\"citybottles\" \/>\n<meta property=\"article:modified_time\" content=\"2019-11-27T13:36:15+00:00\" \/>\n<meta name=\"twitter:card\" content=\"summary_large_image\" \/>\n<script type=\"application\/ld+json\" class=\"yoast-schema-graph\">{\"@context\":\"https:\/\/schema.org\",\"@graph\":[{\"@type\":\"WebPage\",\"@id\":\"https:\/\/citybottles.com\/de\/service-informationen\/kontakt\/\",\"url\":\"https:\/\/citybottles.com\/de\/service-informationen\/kontakt\/\",\"name\":\"Kontakt zu citybottles &#8226; citybottles\",\"isPartOf\":{\"@id\":\"https:\/\/citybottles.com\/en\/#website\"},\"datePublished\":\"2019-01-21T15:35:34+00:00\",\"dateModified\":\"2019-11-27T13:36:15+00:00\",\"description\":\"Du m\u00f6chtest mehr \u00fcber die citybottles oder unser N\u00fcrnberger Unternehmen erfahren? Schreib uns gerne \u00fcber das Kontaktformular. Wir freuen uns!\",\"breadcrumb\":{\"@id\":\"https:\/\/citybottles.com\/de\/service-informationen\/kontakt\/#breadcrumb\"},\"inLanguage\":\"de\",\"potentialAction\":[{\"@type\":\"ReadAction\",\"target\":[\"https:\/\/citybottles.com\/de\/service-informationen\/kontakt\/\"]}]},{\"@type\":\"BreadcrumbList\",\"@id\":\"https:\/\/citybottles.com\/de\/service-informationen\/kontakt\/#breadcrumb\",\"itemListElement\":[{\"@type\":\"ListItem\",\"position\":1,\"name\":\"Startseite\",\"item\":\"https:\/\/citybottles.com\/de\/\"},{\"@type\":\"ListItem\",\"position\":2,\"name\":\"Service &#038; Informationen\",\"item\":\"https:\/\/citybottles.com\/de\/service-informationen\/\"},{\"@type\":\"ListItem\",\"position\":3,\"name\":\"Kontakt\"}]},{\"@type\":\"WebSite\",\"@id\":\"https:\/\/citybottles.com\/en\/#website\",\"url\":\"https:\/\/citybottles.com\/en\/\",\"name\":\"citybottles\",\"description\":\"Deine St\u00e4dteflasche\",\"publisher\":{\"@id\":\"https:\/\/citybottles.com\/en\/#organization\"},\"potentialAction\":[{\"@type\":\"SearchAction\",\"target\":{\"@type\":\"EntryPoint\",\"urlTemplate\":\"https:\/\/citybottles.com\/en\/?s={search_term_string}\"},\"query-input\":\"required name=search_term_string\"}],\"inLanguage\":\"de\"},{\"@type\":\"Organization\",\"@id\":\"https:\/\/citybottles.com\/en\/#organization\",\"name\":\"citybottles\",\"url\":\"https:\/\/citybottles.com\/en\/\",\"logo\":{\"@type\":\"ImageObject\",\"inLanguage\":\"de\",\"@id\":\"https:\/\/citybottles.com\/en\/#\/schema\/logo\/image\/\",\"url\":\"https:\/\/citybottles.com\/wp-content\/uploads\/2019\/02\/cb-logo-final.svg\",\"contentUrl\":\"https:\/\/citybottles.com\/wp-content\/uploads\/2019\/02\/cb-logo-final.svg\",\"width\":1,\"height\":1,\"caption\":\"citybottles\"},\"image\":{\"@id\":\"https:\/\/citybottles.com\/en\/#\/schema\/logo\/image\/\"},\"sameAs\":[\"https:\/\/www.instagram.com\/citybottles\/\"]}]}<\/script>\n<!-- \/ Yoast SEO plugin. -->","yoast_head_json":{"title":"Kontakt zu citybottles &#8226; citybottles","description":"Du m\u00f6chtest mehr \u00fcber die citybottles oder unser N\u00fcrnberger Unternehmen erfahren? Schreib uns gerne \u00fcber das Kontaktformular. Wir freuen uns!","robots":{"index":"index","follow":"follow","max-snippet":"max-snippet:-1","max-image-preview":"max-image-preview:large","max-video-preview":"max-video-preview:-1"},"canonical":"https:\/\/citybottles.com\/de\/service-informationen\/kontakt\/","og_locale":"de_DE","og_type":"article","og_title":"Kontakt zu citybottles &#8226; citybottles","og_description":"Du m\u00f6chtest mehr \u00fcber die citybottles oder unser N\u00fcrnberger Unternehmen erfahren? Schreib uns gerne \u00fcber das Kontaktformular. Wir freuen uns!","og_url":"https:\/\/citybottles.com\/de\/service-informationen\/kontakt\/","og_site_name":"citybottles","article_modified_time":"2019-11-27T13:36:15+00:00","twitter_card":"summary_large_image","schema":{"@context":"https:\/\/schema.org","@graph":[{"@type":"WebPage","@id":"https:\/\/citybottles.com\/de\/service-informationen\/kontakt\/","url":"https:\/\/citybottles.com\/de\/service-informationen\/kontakt\/","name":"Kontakt zu citybottles &#8226; citybottles","isPartOf":{"@id":"https:\/\/citybottles.com\/en\/#website"},"datePublished":"2019-01-21T15:35:34+00:00","dateModified":"2019-11-27T13:36:15+00:00","description":"Du m\u00f6chtest mehr \u00fcber die citybottles oder unser N\u00fcrnberger Unternehmen erfahren? Schreib uns gerne \u00fcber das Kontaktformular. Wir freuen uns!","breadcrumb":{"@id":"https:\/\/citybottles.com\/de\/service-informationen\/kontakt\/#breadcrumb"},"inLanguage":"de","potentialAction":[{"@type":"ReadAction","target":["https:\/\/citybottles.com\/de\/service-informationen\/kontakt\/"]}]},{"@type":"BreadcrumbList","@id":"https:\/\/citybottles.com\/de\/service-informationen\/kontakt\/#breadcrumb","itemListElement":[{"@type":"ListItem","position":1,"name":"Startseite","item":"https:\/\/citybottles.com\/de\/"},{"@type":"ListItem","position":2,"name":"Service &#038; Informationen","item":"https:\/\/citybottles.com\/de\/service-informationen\/"},{"@type":"ListItem","position":3,"name":"Kontakt"}]},{"@type":"WebSite","@id":"https:\/\/citybottles.com\/en\/#website","url":"https:\/\/citybottles.com\/en\/","name":"citybottles","description":"Deine St\u00e4dteflasche","publisher":{"@id":"https:\/\/citybottles.com\/en\/#organization"},"potentialAction":[{"@type":"SearchAction","target":{"@type":"EntryPoint","urlTemplate":"https:\/\/citybottles.com\/en\/?s={search_term_string}"},"query-input":"required name=search_term_string"}],"inLanguage":"de"},{"@type":"Organization","@id":"https:\/\/citybottles.com\/en\/#organization","name":"citybottles","url":"https:\/\/citybottles.com\/en\/","logo":{"@type":"ImageObject","inLanguage":"de","@id":"https:\/\/citybottles.com\/en\/#\/schema\/logo\/image\/","url":"https:\/\/citybottles.com\/wp-content\/uploads\/2019\/02\/cb-logo-final.svg","contentUrl":"https:\/\/citybottles.com\/wp-content\/uploads\/2019\/02\/cb-logo-final.svg","width":1,"height":1,"caption":"citybottles"},"image":{"@id":"https:\/\/citybottles.com\/en\/#\/schema\/logo\/image\/"},"sameAs":["https:\/\/www.instagram.com\/citybottles\/"]}]}},"_links":{"self":[{"href":"https:\/\/citybottles.com\/de\/wp-json\/wp\/v2\/pages\/84"}],"collection":[{"href":"https:\/\/citybottles.com\/de\/wp-json\/wp\/v2\/pages"}],"about":[{"href":"https:\/\/citybottles.com\/de\/wp-json\/wp\/v2\/types\/page"}],"author":[{"embeddable":true,"href":"https:\/\/citybottles.com\/de\/wp-json\/wp\/v2\/users\/7"}],"replies":[{"embeddable":true,"href":"https:\/\/citybottles.com\/de\/wp-json\/wp\/v2\/comments?post=84"}],"version-history":[{"count":0,"href":"https:\/\/citybottles.com\/de\/wp-json\/wp\/v2\/pages\/84\/revisions"}],"up":[{"embeddable":true,"href":"https:\/\/citybottles.com\/de\/wp-json\/wp\/v2\/pages\/8479"}],"wp:attachment":[{"href":"https:\/\/citybottles.com\/de\/wp-json\/wp\/v2\/media?parent=84"}],"wp:term":[{"taxonomy":"post_tag","embeddable":true,"href":"https:\/\/citybottles.com\/de\/wp-json\/wp\/v2\/tags?post=84"}],"curies":[{"name":"wp","href":"https:\/\/api.w.org\/{rel}","templated":true}]}}