{"id":8895,"date":"2019-07-17T17:37:13","date_gmt":"2019-07-17T15:37:13","guid":{"rendered":"https:\/\/citybottles.com\/?page_id=8895"},"modified":"2019-10-28T17:55:58","modified_gmt":"2019-10-28T16:55:58","slug":"haendler-werden","status":"publish","type":"page","link":"https:\/\/citybottles.com\/de\/b2b\/haendler-werden\/","title":{"rendered":"H\u00e4ndler werden"},"content":{"rendered":"<p>[vc_row][vc_column]<style type=\"text\/css\" data-type=\"the7_shortcodes-inline-css\">.dt-breadcrumbs-id-4f1458138d027ed9bc8bf16a1f402961 .breadcrumbs {\n  display: inline-block;\n  margin: 0;\n  padding: 20px 10px 2px 0px;\n  border: 0px solid ;\n  border-radius: 0px;\n}\n.dt-breadcrumbs-id-4f1458138d027ed9bc8bf16a1f402961 .breadcrumbs * {\n  color: #a2a5a6;\n}\n<\/style><div class=\"dt-breadcrumbs-shortcode dt-breadcrumbs-id-4f1458138d027ed9bc8bf16a1f402961 align-left\"><div class=\"assistive-text\">Sie befinden sich hier:<\/div><ol class=\"breadcrumbs text-small\" itemscope itemtype=\"https:\/\/schema.org\/BreadcrumbList\"><li itemprop=\"itemListElement\" itemscope itemtype=\"https:\/\/schema.org\/ListItem\"><a itemprop=\"item\" href=\"https:\/\/citybottles.com\/de\/\" title=\"Start\"><span itemprop=\"name\">Start<\/span><\/a><meta itemprop=\"position\" content=\"1\" \/><\/li><li class=\"current\" itemprop=\"itemListElement\" itemscope itemtype=\"https:\/\/schema.org\/ListItem\"><span itemprop=\"name\">Seite<\/span><meta itemprop=\"position\" content=\"2\" \/><\/li><\/ol><\/div>[\/vc_column][\/vc_row][vc_row full_width=&#8220;stretch_row&#8220; equal_height=&#8220;yes&#8220; content_placement=&#8220;middle&#8220;][vc_column][vc_row_inner equal_height=&#8220;yes&#8220; content_placement=&#8220;middle&#8220; el_class=&#8220;reverse-mobile&#8220;][vc_column_inner el_class=&#8220;header&#8211;text right&#8220; width=&#8220;1\/2&#8243;][vc_column_text]<\/p>\n<h1>H\u00e4ndler<br \/>\nwerden<\/h1>\n<p class=\"text--big\">Ihr findet citybottles gut und m\u00f6chtet sie auch bei euch im Laden verkaufen? Dann stellt uns gerne eine kurze Anfrage! Wir melden uns baldm\u00f6glichst bei euch und besprechen gerne alles pers\u00f6nlich.[\/vc_column_text][vc_btn title=&#8220;Jetzt anfragen&#8220; shape=&#8220;square&#8220; link=&#8220;url:https%3A%2F%2Fcitybottles.com%2Fde%2Fhaendler-werden%23anfrage|title:Jetzt%20anfragen||&#8220;][\/vc_column_inner][vc_column_inner el_class=&#8220;header&#8211;bg-img&#8220; width=&#8220;1\/2&#8243;][vc_single_image image=&#8220;10960&#8243; img_size=&#8220;full&#8220; image_hovers=&#8220;false&#8220;][\/vc_column_inner][\/vc_row_inner][\/vc_column][\/vc_row][vc_row][vc_column width=&#8220;1\/6&#8243;][\/vc_column][vc_column width=&#8220;2\/3&#8243; el_id=&#8220;anfrage&#8220;][vc_column_text]<\/p>\n<h2 style=\"text-align: center;\">Anfrage stellen<\/h2>\n<p>[\/vc_column_text]\n<div class=\"wpcf7 no-js\" id=\"wpcf7-f9025-o1\" lang=\"de-DE\" dir=\"ltr\">\n<div class=\"screen-reader-response\"><p role=\"status\" aria-live=\"polite\" aria-atomic=\"true\"><\/p> <ul><\/ul><\/div>\n<form action=\"\/de\/wp-json\/wp\/v2\/pages\/8895#wpcf7-f9025-o1\" method=\"post\" class=\"wpcf7-form init\" aria-label=\"Kontaktformular\" novalidate=\"novalidate\" data-status=\"init\">\n<div style=\"display: none;\">\n<input type=\"hidden\" name=\"_wpcf7\" value=\"9025\" \/>\n<input type=\"hidden\" name=\"_wpcf7_version\" value=\"5.9.8\" \/>\n<input type=\"hidden\" name=\"_wpcf7_locale\" value=\"de_DE\" \/>\n<input type=\"hidden\" name=\"_wpcf7_unit_tag\" value=\"wpcf7-f9025-o1\" \/>\n<input type=\"hidden\" name=\"_wpcf7_container_post\" value=\"0\" \/>\n<input type=\"hidden\" name=\"_wpcf7_posted_data_hash\" value=\"\" \/>\n<input type=\"hidden\" name=\"_wpcf7_recaptcha_response\" value=\"\" \/>\n<\/div>\n<div class=\"vc_row wpb_row\">\n\t<div class=\"vc_row wpb_column vc_col-sm-6\">\n\t\t<p><label>Name<\/label><span class=\"wpcf7-form-control-wrap\" data-name=\"Name\"><input size=\"40\" maxlength=\"400\" class=\"wpcf7-form-control wpcf7-text\" aria-invalid=\"false\" placeholder=\"Max Mustermann\" value=\"\" type=\"text\" name=\"Name\" \/><\/span>\n\t\t<\/p>\n\t<\/div>\n\t<div class=\"vc_row wpb_column vc_col-sm-6\">\n\t\t<p><label>Firma<\/label><span class=\"wpcf7-form-control-wrap\" data-name=\"company\"><input size=\"40\" maxlength=\"400\" class=\"wpcf7-form-control wpcf7-text\" aria-invalid=\"false\" placeholder=\"Firma\" value=\"\" type=\"text\" name=\"company\" \/><\/span>\n\t\t<\/p>\n\t<\/div>\n<\/div>\n<div class=\"vc_row wpb_row\">\n\t<div class=\"wpb_column vc_col-sm-6\">\n\t\t<p><label class=\"pflicht\">E-Mail-Adresse<\/label><span class=\"wpcf7-form-control-wrap\" data-name=\"email\"><input size=\"40\" maxlength=\"400\" class=\"wpcf7-form-control wpcf7-email wpcf7-validates-as-required wpcf7-text wpcf7-validates-as-email\" aria-required=\"true\" aria-invalid=\"false\" placeholder=\"E-Mail\" value=\"\" type=\"email\" name=\"email\" \/><\/span>\n\t\t<\/p>\n\t<\/div>\n\t<div class=\"vc_row wpb_column vc_col-sm-6\">\n\t\t<p><label>Telefonnummer<\/label><span class=\"wpcf7-form-control-wrap\" data-name=\"phone\"><input size=\"40\" maxlength=\"400\" class=\"wpcf7-form-control wpcf7-tel wpcf7-text wpcf7-validates-as-tel\" aria-invalid=\"false\" placeholder=\"Telefon\" value=\"\" type=\"tel\" name=\"phone\" \/><\/span>\n\t\t<\/p>\n\t<\/div>\n<\/div>\n<div class=\"vc_row wpb_row\">\n\t<div class=\"wpb_column vc_col-sm-12\">\n\t\t<p><label class=\"pflicht\">Anfrage<\/label><span class=\"wpcf7-form-control-wrap\" data-name=\"message\"><textarea cols=\"40\" rows=\"10\" maxlength=\"2000\" class=\"wpcf7-form-control wpcf7-textarea wpcf7-validates-as-required\" aria-required=\"true\" aria-invalid=\"false\" placeholder=\"Anfrage\" name=\"message\"><\/textarea><\/span>\n\t\t<\/p>\n\t<\/div>\n<\/div>\n<div class=\"vc_row wpb_row\">\n\t<div class=\"wpb_column vc_col-sm-12\">\n\t\t<p><label class=\"pflicht\"><span class=\"wpcf7-form-control-wrap\" data-name=\"datenschutz\"><span class=\"wpcf7-form-control wpcf7-acceptance\"><span class=\"wpcf7-list-item\"><input type=\"checkbox\" name=\"datenschutz\" value=\"1\" aria-invalid=\"false\" \/><\/span><\/span><\/span>Ich stimme den <a href=\"\/de\/datenschutz\" target=\"_blank\">Datenschutzbestimmungen<\/a> zu<\/label>\n\t\t<\/p>\n\t\t<p class=\"pflicht--hinweis\"><span>*<\/span> sind Pflichtfelder.\n\t\t<\/p>\n\t<\/div>\n<\/div>\n<div class=\"vc_row wpb_row\">\n\t<div class=\"wpb_column vc_col-sm-12\">\n\t\t<p><input class=\"wpcf7-form-control wpcf7-submit has-spinner\" type=\"submit\" value=\"Anfrage abschicken\" \/>\n\t\t<\/p>\n\t<\/div>\n<\/div><div class=\"wpcf7-response-output\" aria-hidden=\"true\"><\/div>\n<\/form>\n<\/div>\n[\/vc_column][vc_column width=&#8220;1\/6&#8243;][\/vc_column][\/vc_row]<\/p>\n","protected":false},"excerpt":{"rendered":"<p>[vc_row][vc_column][\/vc_column][\/vc_row][vc_row full_width=&#8220;stretch_row&#8220; equal_height=&#8220;yes&#8220; content_placement=&#8220;middle&#8220;][vc_column][vc_row_inner equal_height=&#8220;yes&#8220; content_placement=&#8220;middle&#8220; el_class=&#8220;reverse-mobile&#8220;][vc_column_inner el_class=&#8220;header&#8211;text right&#8220; width=&#8220;1\/2&#8243;][vc_column_text] H\u00e4ndler werden Ihr findet citybottles gut und m\u00f6chtet sie auch bei euch im Laden verkaufen? Dann stellt uns gerne eine kurze Anfrage! Wir melden uns baldm\u00f6glichst bei euch und besprechen gerne alles pers\u00f6nlich.[\/vc_column_text][vc_btn title=&#8220;Jetzt anfragen&#8220; shape=&#8220;square&#8220; link=&#8220;url:https%3A%2F%2Fcitybottles.com%2Fde%2Fhaendler-werden%23anfrage|title:Jetzt%20anfragen||&#8220;][\/vc_column_inner][vc_column_inner el_class=&#8220;header&#8211;bg-img&#8220; width=&#8220;1\/2&#8243;][vc_single_image image=&#8220;10960&#8243; img_size=&#8220;full&#8220; image_hovers=&#8220;false&#8220;][\/vc_column_inner][\/vc_row_inner][\/vc_column][\/vc_row][vc_row][vc_column width=&#8220;1\/6&#8243;][\/vc_column][vc_column width=&#8220;2\/3&#8243; el_id=&#8220;anfrage&#8220;][vc_column_text]&hellip;<\/p>\n","protected":false},"author":7,"featured_media":0,"parent":10918,"menu_order":55,"comment_status":"closed","ping_status":"closed","template":"","meta":{"inline_featured_image":false,"footnotes":""},"tags":[],"yoast_head":"<!-- This site is optimized with the Yoast SEO plugin v22.5 - https:\/\/yoast.com\/wordpress\/plugins\/seo\/ -->\n<title>F\u00fcr H\u00e4ndler: citybottles verkaufen &#8226; citybottles<\/title>\n<meta name=\"description\" content=\"Ihr m\u00f6chtet die citybottles bei euch im Gesch\u00e4ft verkaufen? Sehr gerne! Ob 5 oder 500 Flaschen, kontaktiert uns gerne. Wir freuen uns auf ein Gespr\u00e4ch!\" \/>\n<meta name=\"robots\" content=\"index, follow, max-snippet:-1, max-image-preview:large, max-video-preview:-1\" \/>\n<link rel=\"canonical\" href=\"https:\/\/citybottles.com\/de\/b2b\/haendler-werden\/\" \/>\n<meta property=\"og:locale\" content=\"de_DE\" \/>\n<meta property=\"og:type\" content=\"article\" \/>\n<meta property=\"og:title\" content=\"F\u00fcr H\u00e4ndler: citybottles verkaufen &#8226; citybottles\" \/>\n<meta property=\"og:description\" content=\"Ihr m\u00f6chtet die citybottles bei euch im Gesch\u00e4ft verkaufen? Sehr gerne! Ob 5 oder 500 Flaschen, kontaktiert uns gerne. Wir freuen uns auf ein Gespr\u00e4ch!\" \/>\n<meta property=\"og:url\" content=\"https:\/\/citybottles.com\/de\/b2b\/haendler-werden\/\" \/>\n<meta property=\"og:site_name\" content=\"citybottles\" \/>\n<meta property=\"article:modified_time\" content=\"2019-10-28T16:55:58+00:00\" \/>\n<meta name=\"twitter:card\" content=\"summary_large_image\" \/>\n<meta name=\"twitter:label1\" content=\"Gesch\u00e4tzte Lesezeit\" \/>\n\t<meta name=\"twitter:data1\" content=\"1\u00a0Minute\" \/>\n<script type=\"application\/ld+json\" class=\"yoast-schema-graph\">{\"@context\":\"https:\/\/schema.org\",\"@graph\":[{\"@type\":\"WebPage\",\"@id\":\"https:\/\/citybottles.com\/de\/b2b\/haendler-werden\/\",\"url\":\"https:\/\/citybottles.com\/de\/b2b\/haendler-werden\/\",\"name\":\"F\u00fcr H\u00e4ndler: citybottles verkaufen &#8226; citybottles\",\"isPartOf\":{\"@id\":\"https:\/\/citybottles.com\/en\/#website\"},\"datePublished\":\"2019-07-17T15:37:13+00:00\",\"dateModified\":\"2019-10-28T16:55:58+00:00\",\"description\":\"Ihr m\u00f6chtet die citybottles bei euch im Gesch\u00e4ft verkaufen? Sehr gerne! Ob 5 oder 500 Flaschen, kontaktiert uns gerne. Wir freuen uns auf ein Gespr\u00e4ch!\",\"breadcrumb\":{\"@id\":\"https:\/\/citybottles.com\/de\/b2b\/haendler-werden\/#breadcrumb\"},\"inLanguage\":\"de\",\"potentialAction\":[{\"@type\":\"ReadAction\",\"target\":[\"https:\/\/citybottles.com\/de\/b2b\/haendler-werden\/\"]}]},{\"@type\":\"BreadcrumbList\",\"@id\":\"https:\/\/citybottles.com\/de\/b2b\/haendler-werden\/#breadcrumb\",\"itemListElement\":[{\"@type\":\"ListItem\",\"position\":1,\"name\":\"Startseite\",\"item\":\"https:\/\/citybottles.com\/de\/\"},{\"@type\":\"ListItem\",\"position\":2,\"name\":\"B2B\",\"item\":\"https:\/\/citybottles.com\/de\/b2b\/\"},{\"@type\":\"ListItem\",\"position\":3,\"name\":\"H\u00e4ndler werden\"}]},{\"@type\":\"WebSite\",\"@id\":\"https:\/\/citybottles.com\/en\/#website\",\"url\":\"https:\/\/citybottles.com\/en\/\",\"name\":\"citybottles\",\"description\":\"Deine St\u00e4dteflasche\",\"publisher\":{\"@id\":\"https:\/\/citybottles.com\/en\/#organization\"},\"potentialAction\":[{\"@type\":\"SearchAction\",\"target\":{\"@type\":\"EntryPoint\",\"urlTemplate\":\"https:\/\/citybottles.com\/en\/?s={search_term_string}\"},\"query-input\":\"required name=search_term_string\"}],\"inLanguage\":\"de\"},{\"@type\":\"Organization\",\"@id\":\"https:\/\/citybottles.com\/en\/#organization\",\"name\":\"citybottles\",\"url\":\"https:\/\/citybottles.com\/en\/\",\"logo\":{\"@type\":\"ImageObject\",\"inLanguage\":\"de\",\"@id\":\"https:\/\/citybottles.com\/en\/#\/schema\/logo\/image\/\",\"url\":\"https:\/\/citybottles.com\/wp-content\/uploads\/2019\/02\/cb-logo-final.svg\",\"contentUrl\":\"https:\/\/citybottles.com\/wp-content\/uploads\/2019\/02\/cb-logo-final.svg\",\"width\":1,\"height\":1,\"caption\":\"citybottles\"},\"image\":{\"@id\":\"https:\/\/citybottles.com\/en\/#\/schema\/logo\/image\/\"},\"sameAs\":[\"https:\/\/www.instagram.com\/citybottles\/\"]}]}<\/script>\n<!-- \/ Yoast SEO plugin. -->","yoast_head_json":{"title":"F\u00fcr H\u00e4ndler: citybottles verkaufen &#8226; citybottles","description":"Ihr m\u00f6chtet die citybottles bei euch im Gesch\u00e4ft verkaufen? Sehr gerne! Ob 5 oder 500 Flaschen, kontaktiert uns gerne. Wir freuen uns auf ein Gespr\u00e4ch!","robots":{"index":"index","follow":"follow","max-snippet":"max-snippet:-1","max-image-preview":"max-image-preview:large","max-video-preview":"max-video-preview:-1"},"canonical":"https:\/\/citybottles.com\/de\/b2b\/haendler-werden\/","og_locale":"de_DE","og_type":"article","og_title":"F\u00fcr H\u00e4ndler: citybottles verkaufen &#8226; citybottles","og_description":"Ihr m\u00f6chtet die citybottles bei euch im Gesch\u00e4ft verkaufen? Sehr gerne! Ob 5 oder 500 Flaschen, kontaktiert uns gerne. Wir freuen uns auf ein Gespr\u00e4ch!","og_url":"https:\/\/citybottles.com\/de\/b2b\/haendler-werden\/","og_site_name":"citybottles","article_modified_time":"2019-10-28T16:55:58+00:00","twitter_card":"summary_large_image","twitter_misc":{"Gesch\u00e4tzte Lesezeit":"1\u00a0Minute"},"schema":{"@context":"https:\/\/schema.org","@graph":[{"@type":"WebPage","@id":"https:\/\/citybottles.com\/de\/b2b\/haendler-werden\/","url":"https:\/\/citybottles.com\/de\/b2b\/haendler-werden\/","name":"F\u00fcr H\u00e4ndler: citybottles verkaufen &#8226; citybottles","isPartOf":{"@id":"https:\/\/citybottles.com\/en\/#website"},"datePublished":"2019-07-17T15:37:13+00:00","dateModified":"2019-10-28T16:55:58+00:00","description":"Ihr m\u00f6chtet die citybottles bei euch im Gesch\u00e4ft verkaufen? Sehr gerne! Ob 5 oder 500 Flaschen, kontaktiert uns gerne. Wir freuen uns auf ein Gespr\u00e4ch!","breadcrumb":{"@id":"https:\/\/citybottles.com\/de\/b2b\/haendler-werden\/#breadcrumb"},"inLanguage":"de","potentialAction":[{"@type":"ReadAction","target":["https:\/\/citybottles.com\/de\/b2b\/haendler-werden\/"]}]},{"@type":"BreadcrumbList","@id":"https:\/\/citybottles.com\/de\/b2b\/haendler-werden\/#breadcrumb","itemListElement":[{"@type":"ListItem","position":1,"name":"Startseite","item":"https:\/\/citybottles.com\/de\/"},{"@type":"ListItem","position":2,"name":"B2B","item":"https:\/\/citybottles.com\/de\/b2b\/"},{"@type":"ListItem","position":3,"name":"H\u00e4ndler werden"}]},{"@type":"WebSite","@id":"https:\/\/citybottles.com\/en\/#website","url":"https:\/\/citybottles.com\/en\/","name":"citybottles","description":"Deine St\u00e4dteflasche","publisher":{"@id":"https:\/\/citybottles.com\/en\/#organization"},"potentialAction":[{"@type":"SearchAction","target":{"@type":"EntryPoint","urlTemplate":"https:\/\/citybottles.com\/en\/?s={search_term_string}"},"query-input":"required name=search_term_string"}],"inLanguage":"de"},{"@type":"Organization","@id":"https:\/\/citybottles.com\/en\/#organization","name":"citybottles","url":"https:\/\/citybottles.com\/en\/","logo":{"@type":"ImageObject","inLanguage":"de","@id":"https:\/\/citybottles.com\/en\/#\/schema\/logo\/image\/","url":"https:\/\/citybottles.com\/wp-content\/uploads\/2019\/02\/cb-logo-final.svg","contentUrl":"https:\/\/citybottles.com\/wp-content\/uploads\/2019\/02\/cb-logo-final.svg","width":1,"height":1,"caption":"citybottles"},"image":{"@id":"https:\/\/citybottles.com\/en\/#\/schema\/logo\/image\/"},"sameAs":["https:\/\/www.instagram.com\/citybottles\/"]}]}},"_links":{"self":[{"href":"https:\/\/citybottles.com\/de\/wp-json\/wp\/v2\/pages\/8895"}],"collection":[{"href":"https:\/\/citybottles.com\/de\/wp-json\/wp\/v2\/pages"}],"about":[{"href":"https:\/\/citybottles.com\/de\/wp-json\/wp\/v2\/types\/page"}],"author":[{"embeddable":true,"href":"https:\/\/citybottles.com\/de\/wp-json\/wp\/v2\/users\/7"}],"replies":[{"embeddable":true,"href":"https:\/\/citybottles.com\/de\/wp-json\/wp\/v2\/comments?post=8895"}],"version-history":[{"count":0,"href":"https:\/\/citybottles.com\/de\/wp-json\/wp\/v2\/pages\/8895\/revisions"}],"up":[{"embeddable":true,"href":"https:\/\/citybottles.com\/de\/wp-json\/wp\/v2\/pages\/10918"}],"wp:attachment":[{"href":"https:\/\/citybottles.com\/de\/wp-json\/wp\/v2\/media?parent=8895"}],"wp:term":[{"taxonomy":"post_tag","embeddable":true,"href":"https:\/\/citybottles.com\/de\/wp-json\/wp\/v2\/tags?post=8895"}],"curies":[{"name":"wp","href":"https:\/\/api.w.org\/{rel}","templated":true}]}}